{"id":9676,"date":"2021-02-24T11:24:07","date_gmt":"2021-02-19T08:35:10","guid":{"rendered":"https:\/\/www.bokshop.lu.se\/?post_type=product&#038;p=9676"},"modified":"2021-02-24T11:25:42","modified_gmt":"2021-02-24T10:25:42","slug":"perspektiv-pa-alderism","status":"publish","type":"product","link":"https:\/\/www.bokshop.lu.se\/en\/produkt\/perspektiv-pa-alderism\/","title":{"rendered":"Perspektiv p\u00e5 \u00e5lderism"},"content":{"rendered":"<p>Stereotypa f\u00f6rest\u00e4llningar och negativ behandling av \u00e4ldre finns dokumenterade sedan antik tid. Numera anv\u00e4nds begreppet \u00e5lderism, vilket avser f\u00f6rdomar och diskriminering mot \u00e4ldre. Ibland har begreppet ocks\u00e5 definierats som n\u00e5got som handlar om \u00e5lder \u00f6ver hela livsloppet. Den h\u00e4r antologin best\u00e5r av 15 kapitel d\u00e4r forskare belyser \u00e5lderismens varierade uttrycksformer och komplexitet. I antologins kapitel s\u00e4tts problemet i olika perspektiv \u2013 teoretiskt s\u00e5v\u00e4l som empiriskt \u2013 och unders\u00f6ks i relation till flera olika sammanhang.<\/p>\n<p>Social Work Press \u00e4r ett open access-f\u00f6rlag som publicerar kvalitetsgranskade antologier inom omr\u00e5det socialt arbete. F\u00f6rlaget har som m\u00e5l att bidra till en \u00f6kad utgivning av svenskspr\u00e5kiga publikationer av h\u00f6g vetenskaplig kvalitet. Social Work Press ansluter sig till internationella traditioner med universitetsbaserade publikationsserier. F\u00f6rlaget tillh\u00f6r Socialh\u00f6gskolan, Lunds universitet, men v\u00e4lkomnar bidrag fr\u00e5n forskare vid andra l\u00e4ros\u00e4ten.<\/p>\n","protected":false},"excerpt":{"rendered":"<p>Stereotypa f\u00f6rest\u00e4llningar och negativ behandling av \u00e4ldre finns dokumenterade sedan antik tid. Numera anv\u00e4nds begreppet \u00e5lderism, vilket avser f\u00f6rdomar och diskriminering mot \u00e4ldre. Ibland har begreppet ocks\u00e5 definierats som n\u00e5got som handlar om \u00e5lder \u00f6ver hela livsloppet. Den h\u00e4r antologin best\u00e5r av 15 kapitel d\u00e4r forskare belyser \u00e5lderismens varierade uttrycksformer och komplexitet. I antologins kapitel [&hellip;]<\/p>\n","protected":false},"featured_media":9692,"template":"","meta":{"_acf_changed":false,"_relevanssi_hide_post":"","_relevanssi_hide_content":"","_relevanssi_pin_for_all":"","_relevanssi_pin_keywords":"","_relevanssi_unpin_keywords":"","_relevanssi_related_keywords":"","_relevanssi_related_include_ids":"","_relevanssi_related_exclude_ids":"","_relevanssi_related_no_append":"","_relevanssi_related_not_related":"","_relevanssi_related_posts":"","_relevanssi_noindex_reason":""},"product_brand":[],"product_cat":[144,211,385],"product_tag":[],"class_list":{"0":"post-9676","1":"product","2":"type-product","3":"status-publish","4":"has-post-thumbnail","6":"product_cat-faculty-of-social-sciences","7":"product_cat-school-of-social-work","8":"product_cat-social-work-press-school-of-social-work","10":"first","11":"instock","12":"taxable","13":"shipping-taxable","14":"purchasable","15":"product-type-simple"},"acf":[],"_links":{"self":[{"href":"https:\/\/www.bokshop.lu.se\/en\/wp-json\/wp\/v2\/product\/9676","targetHints":{"allow":["GET"]}}],"collection":[{"href":"https:\/\/www.bokshop.lu.se\/en\/wp-json\/wp\/v2\/product"}],"about":[{"href":"https:\/\/www.bokshop.lu.se\/en\/wp-json\/wp\/v2\/types\/product"}],"wp:featuredmedia":[{"embeddable":true,"href":"https:\/\/www.bokshop.lu.se\/en\/wp-json\/wp\/v2\/media\/9692"}],"wp:attachment":[{"href":"https:\/\/www.bokshop.lu.se\/en\/wp-json\/wp\/v2\/media?parent=9676"}],"wp:term":[{"taxonomy":"product_brand","embeddable":true,"href":"https:\/\/www.bokshop.lu.se\/en\/wp-json\/wp\/v2\/product_brand?post=9676"},{"taxonomy":"product_cat","embeddable":true,"href":"https:\/\/www.bokshop.lu.se\/en\/wp-json\/wp\/v2\/product_cat?post=9676"},{"taxonomy":"product_tag","embeddable":true,"href":"https:\/\/www.bokshop.lu.se\/en\/wp-json\/wp\/v2\/product_tag?post=9676"}],"curies":[{"name":"wp","href":"https:\/\/api.w.org\/{rel}","templated":true}]}}