{"id":9672,"date":"2021-02-15T10:15:13","date_gmt":"2021-02-15T09:15:14","guid":{"rendered":"https:\/\/www.bokshop.lu.se\/?post_type=product&#038;p=9672"},"modified":"2021-02-15T10:15:14","modified_gmt":"2021-02-15T09:15:14","slug":"den-moderna-skolans-framvaxt","status":"publish","type":"product","link":"https:\/\/www.bokshop.lu.se\/en\/produkt\/den-moderna-skolans-framvaxt\/","title":{"rendered":"Den moderna skolans framv\u00e4xt"},"content":{"rendered":"<p>1960-talet utg\u00f6r utan tvekan ett av de mest omv\u00e4lvande decennierna i den svenska skolans historia. Ut\u00f6ver att grundskolan slutligen ersatte folkskolan och realskolan kom \u00e4ven gymnasieutbildningarna att reformeras, vilket ledde till att l\u00e4roverkens gymnasieutbildning ersattes med f\u00f6rst det nya gymnasiet, 1966, och sedan gymnasieskolan, 1971. I denna bok visas hur undervisningen p\u00e5 gymnasiet kom att f\u00f6r\u00e4ndras i riktning mot ett mer sj\u00e4lvst\u00e4ndigt arbetss\u00e4tt i introduktionen av exempelvis l\u00e5ngl\u00e4xor, beting och specialarbeten. Ut\u00f6ver unders\u00f6kningar av l\u00e4roplaner och den praktiska verksamheten vid Finnvedsskolan i V\u00e4rnamo och Katedralskolan i Lund inneh\u00e5ller boken ocks\u00e5 biografiska unders\u00f6kningar av en rad personer som p\u00e5 olika s\u00e4tt var delaktiga i denna process.<\/p>\n<p>Boken \u00e4r resultatet av den forskning som Magnus Grahn (1961\u20132017) bedrev som doktorand p\u00e5 institutionen f\u00f6r utbildningsvetenskap i Lund. Den publiceras f\u00f6r att Magnus viktiga bidrag till utbildningshistorien ska bli allm\u00e4nt tillg\u00e4ngligt.<\/p>\n","protected":false},"excerpt":{"rendered":"<p>1960-talet utg\u00f6r utan tvekan ett av de mest omv\u00e4lvande decennierna i den svenska skolans historia. Ut\u00f6ver att grundskolan slutligen ersatte folkskolan och realskolan kom \u00e4ven gymnasieutbildningarna att reformeras, vilket ledde till att l\u00e4roverkens gymnasieutbildning ersattes med f\u00f6rst det nya gymnasiet, 1966, och sedan gymnasieskolan, 1971. I denna bok visas hur undervisningen p\u00e5 gymnasiet kom att [&hellip;]<\/p>\n","protected":false},"featured_media":9674,"template":"","meta":{"_acf_changed":false,"_relevanssi_hide_post":"","_relevanssi_hide_content":"","_relevanssi_pin_for_all":"","_relevanssi_pin_keywords":"","_relevanssi_unpin_keywords":"","_relevanssi_related_keywords":"","_relevanssi_related_include_ids":"","_relevanssi_related_exclude_ids":"","_relevanssi_related_no_append":"","_relevanssi_related_not_related":"","_relevanssi_related_posts":"","_relevanssi_noindex_reason":""},"product_brand":[],"product_cat":[309],"product_tag":[],"class_list":{"0":"post-9672","1":"product","2":"type-product","3":"status-publish","4":"has-post-thumbnail","6":"product_cat-lund-studies-in-educational-sciences-educational-sciences","8":"first","9":"instock","10":"taxable","11":"shipping-taxable","12":"purchasable","13":"product-type-simple"},"acf":[],"_links":{"self":[{"href":"https:\/\/www.bokshop.lu.se\/en\/wp-json\/wp\/v2\/product\/9672","targetHints":{"allow":["GET"]}}],"collection":[{"href":"https:\/\/www.bokshop.lu.se\/en\/wp-json\/wp\/v2\/product"}],"about":[{"href":"https:\/\/www.bokshop.lu.se\/en\/wp-json\/wp\/v2\/types\/product"}],"wp:featuredmedia":[{"embeddable":true,"href":"https:\/\/www.bokshop.lu.se\/en\/wp-json\/wp\/v2\/media\/9674"}],"wp:attachment":[{"href":"https:\/\/www.bokshop.lu.se\/en\/wp-json\/wp\/v2\/media?parent=9672"}],"wp:term":[{"taxonomy":"product_brand","embeddable":true,"href":"https:\/\/www.bokshop.lu.se\/en\/wp-json\/wp\/v2\/product_brand?post=9672"},{"taxonomy":"product_cat","embeddable":true,"href":"https:\/\/www.bokshop.lu.se\/en\/wp-json\/wp\/v2\/product_cat?post=9672"},{"taxonomy":"product_tag","embeddable":true,"href":"https:\/\/www.bokshop.lu.se\/en\/wp-json\/wp\/v2\/product_tag?post=9672"}],"curies":[{"name":"wp","href":"https:\/\/api.w.org\/{rel}","templated":true}]}}