{"id":9512,"date":"2020-10-06T13:42:23","date_gmt":"2020-10-06T11:42:24","guid":{"rendered":"https:\/\/www.bokshop.lu.se\/?post_type=product&#038;p=9512"},"modified":"2020-10-06T13:42:24","modified_gmt":"2020-10-06T11:42:24","slug":"den-kosmetiska-demokratin","status":"publish","type":"product","link":"https:\/\/www.bokshop.lu.se\/en\/produkt\/den-kosmetiska-demokratin\/","title":{"rendered":"Den kosmetiska demokratin"},"content":{"rendered":"<p>Den h\u00e4r boken handlar om hur visionerna och ambitionerna om att \u00f6ka det medborgerliga deltagandet p\u00e5 kommunal niv\u00e5 och d\u00e4rmed vitalisera demokratin, kan ta sig uttryck i praktiken. Det som visas h\u00e4r \u00e4r att det inte s\u00e5 mycket \u00e4r demokratin som vitaliserats. D\u00e4remot har talet om demokratin och talet om medborgarnas nya m\u00f6jligheter att informera sig och kommunicera exploderat under de senaste decennierna. De nyare kommunikations- och informationsm\u00f6jligheter som inf\u00f6rts i Sj\u00f6bo och Ystad, liksom i de flesta andra svenska kommuner idag, mellan medborgare, makthavare och medier, fungerar dock inte alltid som det \u00e4r t\u00e4nkt. Den offentliga informationen och den politiska kommunikationen har visat sig vara centrala objekt i sj\u00e4lva maktut\u00f6vningen, d\u00e4r s\u00e5v\u00e4l makthavare som medborgare och journalister utvecklar strategier och motstrategier f\u00f6r att f\u00e5 makt \u00f6ver och inflytande i politiken. Men framf\u00f6rallt har den offentliga informationen och den politiska kommunikationen en kosmetisk funktion. I dag s\u00e4gs det vara viktigt att synligg\u00f6ra och framst\u00e4lla sig s\u00e5 f\u00f6rdelaktigt som m\u00f6jligt. Det \u00e4r ett t\u00e4nkande som \u00e4ven anammats i den politiska diskursen i allm\u00e4nhet, liksom i Sj\u00f6bo och Ystad. Sammantaget har det visat sig att det kosmetiska handlandet tillskrivs allt st\u00f6rre betydelse och att den kosmetiska demokratin \u00e4r tilltagande. Det betyder inte att all demokrati \u00e4r kosmetisk. Icke desto mindre befinner vi oss i en tid d\u00e4r ytan och allt tal om demokrati tenderar att fj\u00e4rma sig fr\u00e5n praktikens inneh\u00e5ll, genom allt tal om dess f\u00f6rtr\u00e4fflighet.<\/p>\n<p>Marja \u0160kerstr\u00f6m \u00e4r l\u00e4rare i Medie- och kommunikationsvetenskap vid Lunds universitet. Detta \u00e4r hennes avhandling.<\/p>\n","protected":false},"excerpt":{"rendered":"<p>Den h\u00e4r boken handlar om hur visionerna och ambitionerna om att \u00f6ka det medborgerliga deltagandet p\u00e5 kommunal niv\u00e5 och d\u00e4rmed vitalisera demokratin, kan ta sig uttryck i praktiken. Det som visas h\u00e4r \u00e4r att det inte s\u00e5 mycket \u00e4r demokratin som vitaliserats. D\u00e4remot har talet om demokratin och talet om medborgarnas nya m\u00f6jligheter att informera [&hellip;]<\/p>\n","protected":false},"featured_media":9514,"template":"","meta":{"_acf_changed":false,"_relevanssi_hide_post":"","_relevanssi_hide_content":"","_relevanssi_pin_for_all":"","_relevanssi_pin_keywords":"","_relevanssi_unpin_keywords":"","_relevanssi_related_keywords":"","_relevanssi_related_include_ids":"","_relevanssi_related_exclude_ids":"","_relevanssi_related_no_append":"","_relevanssi_related_not_related":"","_relevanssi_related_posts":"","_relevanssi_noindex_reason":""},"product_brand":[],"product_cat":[204],"product_tag":[],"class_list":{"0":"post-9512","1":"product","2":"type-product","3":"status-publish","4":"has-post-thumbnail","6":"product_cat-lund-studies-in-media-and-communication-media-and-communicationscience","8":"first","9":"instock","10":"taxable","11":"shipping-taxable","12":"purchasable","13":"product-type-simple"},"acf":[],"_links":{"self":[{"href":"https:\/\/www.bokshop.lu.se\/en\/wp-json\/wp\/v2\/product\/9512","targetHints":{"allow":["GET"]}}],"collection":[{"href":"https:\/\/www.bokshop.lu.se\/en\/wp-json\/wp\/v2\/product"}],"about":[{"href":"https:\/\/www.bokshop.lu.se\/en\/wp-json\/wp\/v2\/types\/product"}],"wp:featuredmedia":[{"embeddable":true,"href":"https:\/\/www.bokshop.lu.se\/en\/wp-json\/wp\/v2\/media\/9514"}],"wp:attachment":[{"href":"https:\/\/www.bokshop.lu.se\/en\/wp-json\/wp\/v2\/media?parent=9512"}],"wp:term":[{"taxonomy":"product_brand","embeddable":true,"href":"https:\/\/www.bokshop.lu.se\/en\/wp-json\/wp\/v2\/product_brand?post=9512"},{"taxonomy":"product_cat","embeddable":true,"href":"https:\/\/www.bokshop.lu.se\/en\/wp-json\/wp\/v2\/product_cat?post=9512"},{"taxonomy":"product_tag","embeddable":true,"href":"https:\/\/www.bokshop.lu.se\/en\/wp-json\/wp\/v2\/product_tag?post=9512"}],"curies":[{"name":"wp","href":"https:\/\/api.w.org\/{rel}","templated":true}]}}