{"id":9441,"date":"2020-07-20T13:35:10","date_gmt":"2020-07-20T11:35:11","guid":{"rendered":"https:\/\/www.bokshop.lu.se\/?post_type=product&#038;p=9441"},"modified":"2020-07-20T13:35:11","modified_gmt":"2020-07-20T11:35:11","slug":"rattssociologi-som-emancipatorisk-vetenskap","status":"publish","type":"product","link":"https:\/\/www.bokshop.lu.se\/en\/produkt\/rattssociologi-som-emancipatorisk-vetenskap\/","title":{"rendered":"R\u00e4ttssociologi som emancipatorisk vetenskap"},"content":{"rendered":"<p>Detta \u00e4r den andra boken i trilogin om r\u00e4ttssociologi\u00e4mnet. Den f\u00f6rsta hette och handlade om R\u00e4ttssociologi som r\u00e4ttsvetenskap. Den tog upp den gr\u00e4nsyta av r\u00e4ttssociologi\u00e4mnet som vetter mot juridiken. F\u00f6religgande bok tar upp r\u00e4ttssociologi som emancipatorisk vetenskap. Den tar sin utg\u00e5ngspunkt i r\u00e4tten som standardiserad politik f\u00f6r att d\u00e4refter behandla vilka handlingsm\u00f6jligheter som finns inom ramen f\u00f6r den existerande r\u00e4tten att driva olika fr\u00e5gor. Detta har varit det ledande temat i den inom Skandinavien f\u00f6rda s k legalstrategidebatten som har sl\u00e4ktskap med den v\u00e4rldsomsp\u00e4nnande Critical Legal Studies-r\u00f6relsen. I f\u00f6rl\u00e4ngningen av denna diskussion behandlas r\u00e4ttens demokratiska potential, varvid ett s\u00e4rskilt kapitel \u00e4gnas en relativt ny r\u00e4ttslig f\u00f6reteelse, vad som kallats f\u00f6r reflexiv r\u00e4tt. D\u00e4refter analyseras r\u00e4ttsliga f\u00f6r \u00e4ndringsprocesser i perspektivet av samh\u00e4llsf\u00f6r\u00e4ndring, d\u00e4r tesen \u00e4r den att samh\u00e4llets ut veckling n\u00f6dv\u00e4ndigg\u00f6r f\u00f6r\u00e4ndrade r\u00e4ttsliga former. Argumentet \u00e4r att r\u00e4tten i termer av reglering och tv\u00e5ng samtidigt m\u00e5ste h\u00e4rb\u00e4rgera sin egen mots\u00e4ttning, frig\u00f6relse. Emancipation m\u00e5ste vara m\u00f6jlig f\u00f6r att r\u00e4tten skall kunna anpassas till nya samh\u00e4lleliga f\u00f6r-uts\u00e4ttningar.<br \/>\nDetta \u00e4r ett centralt tema i boken som behandlas med utg\u00e5ngspunkt fr\u00e5n arbetslivets reglering som exempel. I kapitel 6 beskrivs framv\u00e4xten av arbetsmilj\u00f6reglering som visar att den r\u00e4ttsliga regleringen n\u00e5tt v\u00e4gs \u00e4nde. Detta kapitel leder vidare till en analys av arbetsr\u00e4tten generellt under industrisamh\u00e4llet, vilket sker fr\u00e4mst i syfte att understryka den cykliska karakt\u00e4r som r\u00e4ttsutvecklingen har. \u2022\u009dGamla r\u00e4ttsinstitut blir som nya\u2022\u009d, \u00e4r en underrubrik fr\u00e5n kapitel 6 som belyser detta f\u00f6rh\u00e5llande. Det \u00e4r just i brytningen mellan en samh\u00e4llsepok, ett spelsystem, till ett annat, som det i r\u00e4tten inneboende sp\u00e4nningsf\u00f6rh\u00e5llandet mellan tv\u00e5ng och frihet blir som mest p\u00e5tagligt. Problematiken f\u00f6ljs upp i kapitel 8, d\u00e4r olika uppfattning-ar om arbetsr\u00e4ttslig reglering tas upp med utg\u00e5ngspunkt fr\u00e5n vilken position p\u00e5 arbetsmarknaden som enskilda f\u00f6retag och anst\u00e4llda har i \u00f6verg\u00e5ngen fr\u00e5n industri- till informations-samh\u00e4lle.<br \/>\nSistn\u00e4mnda tematik vidgas i ett avslutande kapitel som analyserar IT-r\u00e4ttens framv\u00e4xt i tre olika tidsm\u00e4ssiga dimensioner; informationsteknikens omedelbara konsekvenser f\u00f6r r\u00e4ttslig reglering, dess horisontella konsekvenser i r\u00e4ttsligt relevanta h\u00e4nseenden, samt slutligen dess l\u00e5ngsiktiga inverkan p\u00e5 r\u00e4ttskulturen som s\u00e5dan. Det konstateras i detta kapitel att r\u00e4tten i sammanhanget inte bara har en bevarande roll, s\u00e5som vi har vant oss vid att se den under industrisamh\u00e4llets konsolidering, utan att den ocks\u00e5 har en viktig initierande roll samtidigt som den har en disintegrerande eller uppl\u00f6sande uppgift. I de b\u00e5da sistn\u00e4mnda h\u00e4nseendena har r\u00e4tten en viktig emancipatorisk funktion, dels som frig\u00f6relse fr\u00e5n det gamla och dels som frig\u00f6relse av de nya krafter som pockar p\u00e5 att f\u00e5 v\u00e4xa fram och etableras.<\/p>\n","protected":false},"excerpt":{"rendered":"<p>Detta \u00e4r den andra boken i trilogin om r\u00e4ttssociologi\u00e4mnet. Den f\u00f6rsta hette och handlade om R\u00e4ttssociologi som r\u00e4ttsvetenskap. Den tog upp den gr\u00e4nsyta av r\u00e4ttssociologi\u00e4mnet som vetter mot juridiken. F\u00f6religgande bok tar upp r\u00e4ttssociologi som emancipatorisk vetenskap. Den tar sin utg\u00e5ngspunkt i r\u00e4tten som standardiserad politik f\u00f6r att d\u00e4refter behandla vilka handlingsm\u00f6jligheter som finns inom [&hellip;]<\/p>\n","protected":false},"featured_media":9443,"template":"","meta":{"_acf_changed":false,"_relevanssi_hide_post":"","_relevanssi_hide_content":"","_relevanssi_pin_for_all":"","_relevanssi_pin_keywords":"","_relevanssi_unpin_keywords":"","_relevanssi_related_keywords":"","_relevanssi_related_include_ids":"","_relevanssi_related_exclude_ids":"","_relevanssi_related_no_append":"","_relevanssi_related_not_related":"","_relevanssi_related_posts":"","_relevanssi_noindex_reason":""},"product_brand":[],"product_cat":[225],"product_tag":[],"class_list":{"0":"post-9441","1":"product","2":"type-product","3":"status-publish","4":"has-post-thumbnail","6":"product_cat-lund-studies-in-sociology-of-law-sociology-of-law-department","8":"first","9":"instock","10":"taxable","11":"shipping-taxable","12":"purchasable","13":"product-type-simple"},"acf":[],"_links":{"self":[{"href":"https:\/\/www.bokshop.lu.se\/en\/wp-json\/wp\/v2\/product\/9441","targetHints":{"allow":["GET"]}}],"collection":[{"href":"https:\/\/www.bokshop.lu.se\/en\/wp-json\/wp\/v2\/product"}],"about":[{"href":"https:\/\/www.bokshop.lu.se\/en\/wp-json\/wp\/v2\/types\/product"}],"wp:featuredmedia":[{"embeddable":true,"href":"https:\/\/www.bokshop.lu.se\/en\/wp-json\/wp\/v2\/media\/9443"}],"wp:attachment":[{"href":"https:\/\/www.bokshop.lu.se\/en\/wp-json\/wp\/v2\/media?parent=9441"}],"wp:term":[{"taxonomy":"product_brand","embeddable":true,"href":"https:\/\/www.bokshop.lu.se\/en\/wp-json\/wp\/v2\/product_brand?post=9441"},{"taxonomy":"product_cat","embeddable":true,"href":"https:\/\/www.bokshop.lu.se\/en\/wp-json\/wp\/v2\/product_cat?post=9441"},{"taxonomy":"product_tag","embeddable":true,"href":"https:\/\/www.bokshop.lu.se\/en\/wp-json\/wp\/v2\/product_tag?post=9441"}],"curies":[{"name":"wp","href":"https:\/\/api.w.org\/{rel}","templated":true}]}}