{"id":9425,"date":"2020-07-20T11:36:05","date_gmt":"2020-07-20T09:36:05","guid":{"rendered":"https:\/\/www.bokshop.lu.se\/?post_type=product&#038;p=9425"},"modified":"2022-01-19T16:55:47","modified_gmt":"2022-01-19T15:55:47","slug":"rattssociologi-som-rattsvetenskap","status":"publish","type":"product","link":"https:\/\/www.bokshop.lu.se\/en\/produkt\/rattssociologi-som-rattsvetenskap\/","title":{"rendered":"R\u00e4ttssociologi som r\u00e4ttsvetenskap"},"content":{"rendered":"<p>R\u00e4ttssociologi som r\u00e4ttsvetenskap bygger i huvudsak p\u00e5 ett antal artiklar som tillkommit under olika skeden av den tio\u00e5rsperiod som H\u00e5kan Hyd\u00e9n varit professor i r\u00e4ttssociologi vid Lunds universitet. De har tidigare varit publicerade i olika k\u00e4llor och d\u00e4rf\u00f6r varit, och med tiden blivit alltmer, sv\u00e5rtillg\u00e4ngliga i takt med att upplagor l\u00f6per ut.<br \/>\nSyftet med denna samling av publikationerna \u00e4r s\u00e5ledes dels praktiskt, dvs att g\u00f6ra inneh\u00e5llet mer l\u00e4ttillg\u00e4ngligt f\u00f6r en bredare publik, och dels att l\u00e4gga f\u00f6rsta byggstenen i en r\u00e4ttssociologisk trilogi som har ambitionen att spegla olika sidor av r\u00e4ttssociologi\u00e4mnet. I denna f\u00f6rsta bok beskrivs r\u00e4ttssociologi som r\u00e4ttsvetenskap. Den utg\u00f6r d\u00e4rmed en brygga fr\u00e5n Hyd\u00e9ns introduktionsbok i juridik, boken R\u00e4ttsregler, \u00f6ver till r\u00e4ttssociologin.<br \/>\nR\u00e4ttssociologi \u00e4r samtidigt en r\u00e4ttsvetenskap och en samh\u00e4llsvetenskap. Ett och samma forskningsprojekt kan vara relevant i b\u00e5da riktningarna. Detta g\u00e4ller b\u00e5de teoretiskt och metodologiskt. Det som \u00e4r gemensamt f\u00f6r r\u00e4ttsdogmatiken och r\u00e4ttssociologin som r\u00e4ttsvetenskap \u00e4r intresset f\u00f6r r\u00e4ttsordningen.<\/p>\n","protected":false},"excerpt":{"rendered":"<p>R\u00e4ttssociologi som r\u00e4ttsvetenskap bygger i huvudsak p\u00e5 ett antal artiklar som tillkommit under olika skeden av den tio\u00e5rsperiod som H\u00e5kan Hyd\u00e9n varit professor i r\u00e4ttssociologi vid Lunds universitet. De har tidigare varit publicerade i olika k\u00e4llor och d\u00e4rf\u00f6r varit, och med tiden blivit alltmer, sv\u00e5rtillg\u00e4ngliga i takt med att upplagor l\u00f6per ut. Syftet med denna [&hellip;]<\/p>\n","protected":false},"featured_media":9427,"template":"","meta":{"_acf_changed":false,"_relevanssi_hide_post":"","_relevanssi_hide_content":"","_relevanssi_pin_for_all":"","_relevanssi_pin_keywords":"","_relevanssi_unpin_keywords":"","_relevanssi_related_keywords":"","_relevanssi_related_include_ids":"","_relevanssi_related_exclude_ids":"","_relevanssi_related_no_append":"","_relevanssi_related_not_related":"","_relevanssi_related_posts":"","_relevanssi_noindex_reason":""},"product_brand":[],"product_cat":[225],"product_tag":[],"class_list":{"0":"post-9425","1":"product","2":"type-product","3":"status-publish","4":"has-post-thumbnail","6":"product_cat-lund-studies-in-sociology-of-law-sociology-of-law-department","8":"first","9":"instock","10":"taxable","11":"shipping-taxable","12":"purchasable","13":"product-type-simple"},"acf":[],"_links":{"self":[{"href":"https:\/\/www.bokshop.lu.se\/en\/wp-json\/wp\/v2\/product\/9425","targetHints":{"allow":["GET"]}}],"collection":[{"href":"https:\/\/www.bokshop.lu.se\/en\/wp-json\/wp\/v2\/product"}],"about":[{"href":"https:\/\/www.bokshop.lu.se\/en\/wp-json\/wp\/v2\/types\/product"}],"wp:featuredmedia":[{"embeddable":true,"href":"https:\/\/www.bokshop.lu.se\/en\/wp-json\/wp\/v2\/media\/9427"}],"wp:attachment":[{"href":"https:\/\/www.bokshop.lu.se\/en\/wp-json\/wp\/v2\/media?parent=9425"}],"wp:term":[{"taxonomy":"product_brand","embeddable":true,"href":"https:\/\/www.bokshop.lu.se\/en\/wp-json\/wp\/v2\/product_brand?post=9425"},{"taxonomy":"product_cat","embeddable":true,"href":"https:\/\/www.bokshop.lu.se\/en\/wp-json\/wp\/v2\/product_cat?post=9425"},{"taxonomy":"product_tag","embeddable":true,"href":"https:\/\/www.bokshop.lu.se\/en\/wp-json\/wp\/v2\/product_tag?post=9425"}],"curies":[{"name":"wp","href":"https:\/\/api.w.org\/{rel}","templated":true}]}}