{"id":9417,"date":"2020-07-20T11:16:12","date_gmt":"2020-07-20T09:16:13","guid":{"rendered":"https:\/\/www.bokshop.lu.se\/?post_type=product&#038;p=9417"},"modified":"2020-07-20T11:16:13","modified_gmt":"2020-07-20T09:16:13","slug":"i-skuggan-av-valfardssamhallet","status":"publish","type":"product","link":"https:\/\/www.bokshop.lu.se\/en\/produkt\/i-skuggan-av-valfardssamhallet\/","title":{"rendered":"I skuggan av v\u00e4lf\u00e4rdssamh\u00e4llet"},"content":{"rendered":"<p>Denna rapport \u00e4r baserad p\u00e5 intervjuer med tolv svartarbetande polacker i Sverige\/Danmark,<br \/>\ntre svenska svartarbetsgivare och representanter f\u00f6r myndighetskontroll.<br \/>\nI rapporten analyseras och tolkas vilka konsekvenser svartarbetet har f\u00f6r interaktionen<br \/>\nmellan polska svartarbetare och deras arbetsgivare, de polska svartarbetarnas\/svenska<br \/>\narbetsgivarnas sj\u00e4lvbild samt m\u00f6tet mellan den svenska\/danska v\u00e4lf\u00e4rdsmodellen och det<br \/>\npolska svartarbetet. Vidare uppm\u00e4rksammas hur samh\u00e4lleliga kontroll- och straffunktioner<br \/>\ninteragerar med den svarta arbetsmarknadens akt\u00f6rer.<\/p>\n","protected":false},"excerpt":{"rendered":"<p>Denna rapport \u00e4r baserad p\u00e5 intervjuer med tolv svartarbetande polacker i Sverige\/Danmark, tre svenska svartarbetsgivare och representanter f\u00f6r myndighetskontroll. I rapporten analyseras och tolkas vilka konsekvenser svartarbetet har f\u00f6r interaktionen mellan polska svartarbetare och deras arbetsgivare, de polska svartarbetarnas\/svenska arbetsgivarnas sj\u00e4lvbild samt m\u00f6tet mellan den svenska\/danska v\u00e4lf\u00e4rdsmodellen och det polska svartarbetet. Vidare uppm\u00e4rksammas hur samh\u00e4lleliga [&hellip;]<\/p>\n","protected":false},"featured_media":9419,"template":"","meta":{"_acf_changed":false,"_relevanssi_hide_post":"","_relevanssi_hide_content":"","_relevanssi_pin_for_all":"","_relevanssi_pin_keywords":"","_relevanssi_unpin_keywords":"","_relevanssi_related_keywords":"","_relevanssi_related_include_ids":"","_relevanssi_related_exclude_ids":"","_relevanssi_related_no_append":"","_relevanssi_related_not_related":"","_relevanssi_related_posts":"","_relevanssi_noindex_reason":""},"product_brand":[],"product_cat":[231],"product_tag":[],"class_list":{"0":"post-9417","1":"product","2":"type-product","3":"status-publish","4":"has-post-thumbnail","6":"product_cat-network-for-research-in-criminology-and-deviant-behaviour-department-of-sociology","8":"first","9":"instock","10":"taxable","11":"shipping-taxable","12":"purchasable","13":"product-type-simple"},"acf":[],"_links":{"self":[{"href":"https:\/\/www.bokshop.lu.se\/en\/wp-json\/wp\/v2\/product\/9417","targetHints":{"allow":["GET"]}}],"collection":[{"href":"https:\/\/www.bokshop.lu.se\/en\/wp-json\/wp\/v2\/product"}],"about":[{"href":"https:\/\/www.bokshop.lu.se\/en\/wp-json\/wp\/v2\/types\/product"}],"wp:featuredmedia":[{"embeddable":true,"href":"https:\/\/www.bokshop.lu.se\/en\/wp-json\/wp\/v2\/media\/9419"}],"wp:attachment":[{"href":"https:\/\/www.bokshop.lu.se\/en\/wp-json\/wp\/v2\/media?parent=9417"}],"wp:term":[{"taxonomy":"product_brand","embeddable":true,"href":"https:\/\/www.bokshop.lu.se\/en\/wp-json\/wp\/v2\/product_brand?post=9417"},{"taxonomy":"product_cat","embeddable":true,"href":"https:\/\/www.bokshop.lu.se\/en\/wp-json\/wp\/v2\/product_cat?post=9417"},{"taxonomy":"product_tag","embeddable":true,"href":"https:\/\/www.bokshop.lu.se\/en\/wp-json\/wp\/v2\/product_tag?post=9417"}],"curies":[{"name":"wp","href":"https:\/\/api.w.org\/{rel}","templated":true}]}}