{"id":9406,"date":"2024-05-21T09:29:23","date_gmt":"2020-06-09T08:27:46","guid":{"rendered":"https:\/\/www.bokshop.lu.se\/?post_type=product&#038;p=9406"},"modified":"2024-05-24T10:41:42","modified_gmt":"2024-05-24T08:41:42","slug":"medeltida-stadsaristokrati","status":"publish","type":"product","link":"https:\/\/www.bokshop.lu.se\/en\/produkt\/medeltida-stadsaristokrati\/","title":{"rendered":"Medeltida stadsaristokrati"},"content":{"rendered":"<p>Borgarna i st\u00e4derna \u2013 adeln och b\u00f6nderna p\u00e5 landsbygden. Synen p\u00e5 befolk- ningens rumsliga lokalisering sedan medeltiden har bidragit till bilden av ett enhetligt uppdelat st\u00e5ndssamh\u00e4lle.<br \/>\nS\u00e5 inleds Kenth Hansens doktorsavhandling i historisk arkeologi. I avhandlingen studeras aristokratins \u2013 fr\u00e4lsets, adelns \u2013 n\u00e4rvaro i medel\u00actida st\u00e4der i de sk\u00e5nska landskapen; i vilken utstr\u00e4ckning de pr\u00e4gladestadsmilj\u00f6n ekonomiskt, politiskt och socialt. Speciellt fokuserar under\u00acs\u00f6kningen p\u00e5 gr\u00e4nszonen mellan borgare och aristokrati. Avhandlingen m\u00e5lar upp en ny och f\u00f6r\u00e4ndrad bild av s\u00e5v\u00e4l det medeltida stadssamh\u00e4llet som det f\u00f6rflutna st\u00e5ndssamh\u00e4llet j\u00e4mf\u00f6rt med den traditionella synen.<\/p>\n","protected":false},"excerpt":{"rendered":"<p>Borgarna i st\u00e4derna \u2013 adeln och b\u00f6nderna p\u00e5 landsbygden. Synen p\u00e5 befolk- ningens rumsliga lokalisering sedan medeltiden har bidragit till bilden av ett enhetligt uppdelat st\u00e5ndssamh\u00e4lle. S\u00e5 inleds Kenth Hansens doktorsavhandling i historisk arkeologi. I avhandlingen studeras aristokratins \u2013 fr\u00e4lsets, adelns \u2013 n\u00e4rvaro i medel\u00actida st\u00e4der i de sk\u00e5nska landskapen; i vilken utstr\u00e4ckning de pr\u00e4gladestadsmilj\u00f6n [&hellip;]<\/p>\n","protected":false},"featured_media":9408,"template":"","meta":{"_acf_changed":false,"_relevanssi_hide_post":"","_relevanssi_hide_content":"","_relevanssi_pin_for_all":"","_relevanssi_pin_keywords":"","_relevanssi_unpin_keywords":"","_relevanssi_related_keywords":"","_relevanssi_related_include_ids":"","_relevanssi_related_exclude_ids":"","_relevanssi_related_no_append":"","_relevanssi_related_not_related":"","_relevanssi_related_posts":"","_relevanssi_noindex_reason":""},"product_brand":[],"product_cat":[70],"product_tag":[],"class_list":{"0":"post-9406","1":"product","2":"type-product","3":"status-publish","4":"has-post-thumbnail","6":"product_cat-lund-studies-in-historical-archaeology","8":"first","9":"outofstock","10":"taxable","11":"shipping-taxable","12":"purchasable","13":"product-type-simple"},"acf":[],"_links":{"self":[{"href":"https:\/\/www.bokshop.lu.se\/en\/wp-json\/wp\/v2\/product\/9406","targetHints":{"allow":["GET"]}}],"collection":[{"href":"https:\/\/www.bokshop.lu.se\/en\/wp-json\/wp\/v2\/product"}],"about":[{"href":"https:\/\/www.bokshop.lu.se\/en\/wp-json\/wp\/v2\/types\/product"}],"wp:featuredmedia":[{"embeddable":true,"href":"https:\/\/www.bokshop.lu.se\/en\/wp-json\/wp\/v2\/media\/9408"}],"wp:attachment":[{"href":"https:\/\/www.bokshop.lu.se\/en\/wp-json\/wp\/v2\/media?parent=9406"}],"wp:term":[{"taxonomy":"product_brand","embeddable":true,"href":"https:\/\/www.bokshop.lu.se\/en\/wp-json\/wp\/v2\/product_brand?post=9406"},{"taxonomy":"product_cat","embeddable":true,"href":"https:\/\/www.bokshop.lu.se\/en\/wp-json\/wp\/v2\/product_cat?post=9406"},{"taxonomy":"product_tag","embeddable":true,"href":"https:\/\/www.bokshop.lu.se\/en\/wp-json\/wp\/v2\/product_tag?post=9406"}],"curies":[{"name":"wp","href":"https:\/\/api.w.org\/{rel}","templated":true}]}}