{"id":9380,"date":"2020-03-25T13:33:29","date_gmt":"2014-12-09T13:18:22","guid":{"rendered":"https:\/\/www.bokshop.lu.se\/shop\/i-bildarkivet\/"},"modified":"2020-05-08T18:01:26","modified_gmt":"2020-05-08T16:01:26","slug":"i-bildarkivet","status":"publish","type":"product","link":"https:\/\/www.bokshop.lu.se\/en\/produkt\/i-bildarkivet\/","title":{"rendered":"I bildarkivet"},"content":{"rendered":"<p>Foto-, konst- och mediehistoriker diskuterar den digitala bildens f\u00f6r\u00e4ndrade arkivariska funktion.<br \/>\nUnder det senaste decenniet har fotografierna l\u00e4mnat sina kapslar och h\u00e4ngmappar i arkiven f\u00f6r att i bin\u00e4r form framtr\u00e4da i ett nytt gr\u00e4nssnitt p\u00e5 Internet. P\u00e5 webben befinner man sig alltid i sj\u00e4lva bildarkivet; d\u00e4r presenteras och distribueras fotografier p\u00e5 helt nya s\u00e4tt. I den h\u00e4r boken diskuterar sex stycken foto-, konst- och mediehistoriker den digitala bildens f\u00f6r\u00e4ndrade arkivariska funktion och de effekter som olika slags digitaliseringsprocesser genererat. En \u00e5terkommande fr\u00e5ga \u00e4r hur man b\u00f6r f\u00f6rst\u00e5 den mediala r\u00f6relse som all digitalisering \u00e4r inskriven i, en annan hur minnesinstitutioner blivit utmanade av helt nya kulturarvsakt\u00f6rer som Flickr och Wikipedia. Boken \u00e4r ett uppdaterat bidrag till den fotohistoriska forskning som \u00e4gnat sig \u00e5t fotograferingsmediets transformation i skarven mellan analogt och digitalt.<\/p>\n<p>Anna Dahlgren \u00e4r konstvetare och verksam som postdoc-forskare vid Nordiska museet.<br \/>\nPelle Snickars \u00e4r docent i filmvetenskap och verksam som forskningschef vid Kungl. biblioteket.<\/p>\n","protected":false},"excerpt":{"rendered":"<p>Foto-, konst- och mediehistoriker diskuterar den digitala bildens f\u00f6r\u00e4ndrade arkivariska funktion. Under det senaste decenniet har fotografierna l\u00e4mnat sina kapslar och h\u00e4ngmappar i arkiven f\u00f6r att i bin\u00e4r form framtr\u00e4da i ett nytt gr\u00e4nssnitt p\u00e5 Internet. P\u00e5 webben befinner man sig alltid i sj\u00e4lva bildarkivet; d\u00e4r presenteras och distribueras fotografier p\u00e5 helt nya s\u00e4tt. I [&hellip;]<\/p>\n","protected":false},"featured_media":1593,"template":"","meta":{"_acf_changed":false,"_relevanssi_hide_post":"","_relevanssi_hide_content":"","_relevanssi_pin_for_all":"","_relevanssi_pin_keywords":"","_relevanssi_unpin_keywords":"","_relevanssi_related_keywords":"","_relevanssi_related_include_ids":"","_relevanssi_related_exclude_ids":"","_relevanssi_related_no_append":"","_relevanssi_related_not_related":"","_relevanssi_related_posts":"","_relevanssi_noindex_reason":""},"product_brand":[],"product_cat":[84],"product_tag":[],"class_list":{"0":"post-9380","1":"product","2":"type-product","3":"status-publish","4":"has-post-thumbnail","6":"product_cat-mediehistoriskt-arkiv","8":"first","9":"instock","10":"taxable","11":"shipping-taxable","12":"purchasable","13":"product-type-simple"},"acf":[],"_links":{"self":[{"href":"https:\/\/www.bokshop.lu.se\/en\/wp-json\/wp\/v2\/product\/9380","targetHints":{"allow":["GET"]}}],"collection":[{"href":"https:\/\/www.bokshop.lu.se\/en\/wp-json\/wp\/v2\/product"}],"about":[{"href":"https:\/\/www.bokshop.lu.se\/en\/wp-json\/wp\/v2\/types\/product"}],"wp:featuredmedia":[{"embeddable":true,"href":"https:\/\/www.bokshop.lu.se\/en\/wp-json\/wp\/v2\/media\/1593"}],"wp:attachment":[{"href":"https:\/\/www.bokshop.lu.se\/en\/wp-json\/wp\/v2\/media?parent=9380"}],"wp:term":[{"taxonomy":"product_brand","embeddable":true,"href":"https:\/\/www.bokshop.lu.se\/en\/wp-json\/wp\/v2\/product_brand?post=9380"},{"taxonomy":"product_cat","embeddable":true,"href":"https:\/\/www.bokshop.lu.se\/en\/wp-json\/wp\/v2\/product_cat?post=9380"},{"taxonomy":"product_tag","embeddable":true,"href":"https:\/\/www.bokshop.lu.se\/en\/wp-json\/wp\/v2\/product_tag?post=9380"}],"curies":[{"name":"wp","href":"https:\/\/api.w.org\/{rel}","templated":true}]}}