{"id":9379,"date":"2020-05-08T18:02:58","date_gmt":"2020-05-08T16:02:59","guid":{"rendered":"https:\/\/www.bokshop.lu.se\/?post_type=product&#038;p=9379"},"modified":"2020-05-08T18:02:59","modified_gmt":"2020-05-08T16:02:59","slug":"barn-resonerar-kring-naturvetenskapliga-fenomen","status":"publish","type":"product","link":"https:\/\/www.bokshop.lu.se\/en\/produkt\/barn-resonerar-kring-naturvetenskapliga-fenomen\/","title":{"rendered":"Barn resonerar kring naturvetenskapliga fenomen"},"content":{"rendered":"<p>Naturvetenskap \u00e4r ett viktigt kunskapsomr\u00e5de i samh\u00e4llet och ing\u00e5r i m\u00e5len f\u00f6r f\u00f6rskolan. Ett tidigt m\u00f6te med naturvetenskap kan bidra till att intresset bibeh\u00e5lls n\u00e4r barnen blir \u00e4ldre.<\/p>\n<p>Denna studie intresserar sig f\u00f6r hur f\u00f6rskolebarn resonerar kring naturvetenskapliga fenomen och begrepp som introducerats f\u00f6r dem genom saga med handdocka och som unders\u00f6ks i experiment. I studien f\u00f6ljs 4\u20135 \u00e5ringar n\u00e4r de tar sig an fenomenen ljus och skugga, densitet, gravitation och statisk elektricitet. Barnen resonerar kring dessa naturvetenskapliga fenomen och har egna f\u00f6rklaringar. Resultatet visar att barnen samspelar med varandra och med l\u00e4raren genom att samtala, lyssna och\u00c2\u00a0h\u00e4rma vilket bidrar till nya kunskaper och erfarenheter. Dessa nya kunskaper och erfarenheter v\u00e4xer fram n\u00e4r barnen anv\u00e4nder de nya begreppen genom att n\u00e4mna och beskriva dem och n\u00e4r de f\u00f6rs\u00f6ker f\u00f6rklara fenomenen i ord samt visa med gester.<\/p>\n<p>Sagoundervisning i kombination med experiment och tillg\u00e4ngliga artefakter samt vidare diskussion kring fenomenen i en uppf\u00f6ljning bidrar s\u00e5ledes till att barnen ges m\u00f6jlighet att utveckla sin f\u00f6rst\u00e5else f\u00f6r de naturvetenskapliga fenomenen. Det skapas ocks\u00e5 ett intresse genom att barnen engagerar sig i sagans handling n\u00e4r de bjuds in att bli delaktiga. Barnens s\u00e4tt att observera, unders\u00f6ka, prova, resonera och reflektera bidrar till att barnen utvecklar ett unders\u00f6kande arbetss\u00e4tt.<\/p>\n<p>Studien bidrar till att \u00f6ka l\u00e4rares f\u00f6rst\u00e5else av relevansen att s\u00e5 tidigt som m\u00f6jligt undervisa i naturvetenskap. En f\u00f6ruts\u00e4ttning f\u00f6r att kunna hj\u00e4lpa varje barn att utveckla sin f\u00f6rst\u00e5else f\u00f6r naturvetenskapliga fenomen genom att stimulera dem och uppmuntra deras lust att vilja l\u00e4ra\u00c2\u00a0sig nya saker \u00e4r att l\u00e4rare har tillr\u00e4cklig kompetens inom detta omr\u00e5de.<\/p>\n","protected":false},"excerpt":{"rendered":"<p>Naturvetenskap \u00e4r ett viktigt kunskapsomr\u00e5de i samh\u00e4llet och ing\u00e5r i m\u00e5len f\u00f6r f\u00f6rskolan. Ett tidigt m\u00f6te med naturvetenskap kan bidra till att intresset bibeh\u00e5lls n\u00e4r barnen blir \u00e4ldre. Denna studie intresserar sig f\u00f6r hur f\u00f6rskolebarn resonerar kring naturvetenskapliga fenomen och begrepp som introducerats f\u00f6r dem genom saga med handdocka och som unders\u00f6ks i experiment. I [&hellip;]<\/p>\n","protected":false},"featured_media":9353,"template":"","meta":{"_acf_changed":false,"_relevanssi_hide_post":"","_relevanssi_hide_content":"","_relevanssi_pin_for_all":"","_relevanssi_pin_keywords":"","_relevanssi_unpin_keywords":"","_relevanssi_related_keywords":"","_relevanssi_related_include_ids":"","_relevanssi_related_exclude_ids":"","_relevanssi_related_no_append":"","_relevanssi_related_not_related":"","_relevanssi_related_posts":"","_relevanssi_noindex_reason":""},"product_brand":[],"product_cat":[309],"product_tag":[],"class_list":{"0":"post-9379","1":"product","2":"type-product","3":"status-publish","4":"has-post-thumbnail","6":"product_cat-lund-studies-in-educational-sciences-educational-sciences","8":"first","9":"instock","10":"taxable","11":"shipping-taxable","12":"purchasable","13":"product-type-simple"},"acf":[],"_links":{"self":[{"href":"https:\/\/www.bokshop.lu.se\/en\/wp-json\/wp\/v2\/product\/9379","targetHints":{"allow":["GET"]}}],"collection":[{"href":"https:\/\/www.bokshop.lu.se\/en\/wp-json\/wp\/v2\/product"}],"about":[{"href":"https:\/\/www.bokshop.lu.se\/en\/wp-json\/wp\/v2\/types\/product"}],"wp:featuredmedia":[{"embeddable":true,"href":"https:\/\/www.bokshop.lu.se\/en\/wp-json\/wp\/v2\/media\/9353"}],"wp:attachment":[{"href":"https:\/\/www.bokshop.lu.se\/en\/wp-json\/wp\/v2\/media?parent=9379"}],"wp:term":[{"taxonomy":"product_brand","embeddable":true,"href":"https:\/\/www.bokshop.lu.se\/en\/wp-json\/wp\/v2\/product_brand?post=9379"},{"taxonomy":"product_cat","embeddable":true,"href":"https:\/\/www.bokshop.lu.se\/en\/wp-json\/wp\/v2\/product_cat?post=9379"},{"taxonomy":"product_tag","embeddable":true,"href":"https:\/\/www.bokshop.lu.se\/en\/wp-json\/wp\/v2\/product_tag?post=9379"}],"curies":[{"name":"wp","href":"https:\/\/api.w.org\/{rel}","templated":true}]}}