{"id":9359,"date":"2020-04-22T10:26:57","date_gmt":"2020-04-22T08:26:57","guid":{"rendered":"https:\/\/www.bokshop.lu.se\/?post_type=product&#038;p=9359"},"modified":"2020-04-23T13:20:59","modified_gmt":"2020-04-23T11:20:59","slug":"fargkriget","status":"publish","type":"product","link":"https:\/\/www.bokshop.lu.se\/en\/produkt\/fargkriget\/","title":{"rendered":"F\u00e4rgkriget"},"content":{"rendered":"<p>Inom konstv\u00e4rlden finns en sedan l\u00e4nge etablerad str\u00e4van efter att skapa provokativ konst. En str\u00e4van som f\u00f6rsv\u00e5ras av att konsten n\u00e4stintill f\u00f6rv\u00e4ntas vara alstrad i syfte att provocera idag, och d\u00e4rmed reducerar chanserna att v\u00e4cka \u00f6nskv\u00e4rda reaktioner. Digitala och framf\u00f6rallt sociala medier \u00e4r en del i utvecklingen mot detta alltmer avtrubbade f\u00f6rh\u00e5llningss\u00e4tt. I den h\u00e4r studien unders\u00f6ks d\u00e4rf\u00f6r hur en konstn\u00e4rlig str\u00e4van efter att provocera kan ha utvecklats i relation till sociala medier. Unders\u00f6kningen utg\u00e5r fr\u00e5n en fallstudie av en v\u00e4lk\u00e4nd konstn\u00e4rs exklusiva r\u00e4ttigheter till den svartaste svarta syntetiska f\u00e4rgen som n\u00e5gonsin tillverkats, och den starkt kritiserande respons som kommer konstn\u00e4ren tillm\u00f6tes p\u00e5 hans Instagramkonto. Genom fallet synligg\u00f6rs hur det konstproducerande f\u00e4ltets provokationsf\u00f6rh\u00e5llanden har utvecklats till f\u00f6ljd av en \u00f6kad anv\u00e4ndning av sociala medier.<\/p>\n","protected":false},"excerpt":{"rendered":"<p>Inom konstv\u00e4rlden finns en sedan l\u00e4nge etablerad str\u00e4van efter att skapa provokativ konst. En str\u00e4van som f\u00f6rsv\u00e5ras av att konsten n\u00e4stintill f\u00f6rv\u00e4ntas vara alstrad i syfte att provocera idag, och d\u00e4rmed reducerar chanserna att v\u00e4cka \u00f6nskv\u00e4rda reaktioner. Digitala och framf\u00f6rallt sociala medier \u00e4r en del i utvecklingen mot detta alltmer avtrubbade f\u00f6rh\u00e5llningss\u00e4tt. I den h\u00e4r [&hellip;]<\/p>\n","protected":false},"featured_media":9361,"template":"","meta":{"_acf_changed":false,"_relevanssi_hide_post":"","_relevanssi_hide_content":"","_relevanssi_pin_for_all":"","_relevanssi_pin_keywords":"","_relevanssi_unpin_keywords":"","_relevanssi_related_keywords":"","_relevanssi_related_include_ids":"","_relevanssi_related_exclude_ids":"","_relevanssi_related_no_append":"","_relevanssi_related_not_related":"","_relevanssi_related_posts":"","_relevanssi_noindex_reason":""},"product_brand":[],"product_cat":[158],"product_tag":[],"class_list":{"0":"post-9359","1":"product","2":"type-product","3":"status-publish","4":"has-post-thumbnail","6":"product_cat-meritorious-master-thesis-in-mkv","8":"first","9":"instock","10":"taxable","11":"shipping-taxable","12":"purchasable","13":"product-type-simple"},"acf":[],"_links":{"self":[{"href":"https:\/\/www.bokshop.lu.se\/en\/wp-json\/wp\/v2\/product\/9359","targetHints":{"allow":["GET"]}}],"collection":[{"href":"https:\/\/www.bokshop.lu.se\/en\/wp-json\/wp\/v2\/product"}],"about":[{"href":"https:\/\/www.bokshop.lu.se\/en\/wp-json\/wp\/v2\/types\/product"}],"wp:featuredmedia":[{"embeddable":true,"href":"https:\/\/www.bokshop.lu.se\/en\/wp-json\/wp\/v2\/media\/9361"}],"wp:attachment":[{"href":"https:\/\/www.bokshop.lu.se\/en\/wp-json\/wp\/v2\/media?parent=9359"}],"wp:term":[{"taxonomy":"product_brand","embeddable":true,"href":"https:\/\/www.bokshop.lu.se\/en\/wp-json\/wp\/v2\/product_brand?post=9359"},{"taxonomy":"product_cat","embeddable":true,"href":"https:\/\/www.bokshop.lu.se\/en\/wp-json\/wp\/v2\/product_cat?post=9359"},{"taxonomy":"product_tag","embeddable":true,"href":"https:\/\/www.bokshop.lu.se\/en\/wp-json\/wp\/v2\/product_tag?post=9359"}],"curies":[{"name":"wp","href":"https:\/\/api.w.org\/{rel}","templated":true}]}}