{"id":9151,"date":"2019-10-08T11:55:22","date_gmt":"2019-08-28T08:58:16","guid":{"rendered":"https:\/\/www.bokshop.lu.se\/?post_type=product&#038;p=9151"},"modified":"2019-09-10T11:18:11","modified_gmt":"2019-09-10T09:18:11","slug":"kustnara-yrkesfiskare-i-forandring","status":"publish","type":"product","link":"https:\/\/www.bokshop.lu.se\/en\/produkt\/kustnara-yrkesfiskare-i-forandring\/","title":{"rendered":"Kustn\u00e4ra yrkesfiske i f\u00f6r\u00e4ndring"},"content":{"rendered":"<p><span style=\"\" >Avhandlingens titel Kustn&auml;ra yrkesfiske i f&ouml;r&auml;ndring. Fr&aring;n m&aring;ngsysslare till entrepren&ouml;r h&auml;nvisar till de f&ouml;r&auml;ndringar som fisken&auml;ringen har genomg&aring;tt under flera decennier. Fisken&auml;ringen har rationaliserats samtidigt som bes&ouml;ksn&auml;ringen vid kusten expanderat. Antalet yrkesfiskare i kustn&auml;ra yrkesfiske har d&auml;rf&ouml;r minskat och n&auml;ringen m&aring;ste f&ouml;rh&aring;lla sig till nya informella krav och f&ouml;rv&auml;ntningar p&aring; turismutveckling. Detta leder till studiens huvudfr&aring;ga: Hur formas och f&ouml;rhandlas en traditionell n&auml;ring i den tj&auml;nsteinriktade ekonomin och vad sker i sk&auml;rningspunkten mellan politisk styrning och yrkesfiskares vardag? Mot denna bakgrund unders&ouml;ks i avhandlingen en traditionell n&auml;ring i f&ouml;r&auml;ndring under 2000- talets f&ouml;rsta &aring;rtionden utifr&aring;n tre mer specifika fr&aring;gor: Hur framst&auml;lls kustn&auml;ra yrkesfiske i politiska visioner om den framtida fisken&auml;ringen? Hur tar sig v&auml;rdskap uttryck i fisken&auml;ringens vardag? Vad inneb&auml;r visioner och v&auml;rdskap f&ouml;r yrkesrollen som kustn&auml;ra yrkesfiskare? Studien, som bygger p&aring; ett etnografiskt material som insamlats l&auml;ngs Sveriges v&auml;stkust, visar att kustn&auml;ra yrkesfiskare f&ouml;rv&auml;ntas bli entrepren&ouml;rer och maritima v&auml;rdar i kustsamh&auml;llen. Yrkesfiskarna som deltar i studien erbjuder hummersafaris, &ouml;ppnar restauranger och organiserar festivaler. De f&ouml;rmedlar &auml;ven sina kunskaper om fisk, fiske och om fiskets kulturarv i m&ouml;tet med bes&ouml;kare. Genom olika positioneringar f&ouml;rs&ouml;ker yrkesfiskarna forma sin roll som yrkesfiskare i den tj&auml;nsteinriktade ekonomin.<\/p>\n<p>Malin Andersson har f&ouml;rfattat avhandlingen vid Institutionen f&ouml;r Service Management och tj&auml;nstevetenskap, Lunds Universitet.<br \/><\/span><\/p>\n","protected":false},"excerpt":{"rendered":"<p>Avhandlingens titel Kustn&auml;ra yrkesfiske i f&ouml;r&auml;ndring. Fr&aring;n m&aring;ngsysslare till entrepren&ouml;r h&auml;nvisar till de f&ouml;r&auml;ndringar som fisken&auml;ringen har genomg&aring;tt under flera decennier. Fisken&auml;ringen har rationaliserats samtidigt som bes&ouml;ksn&auml;ringen vid kusten expanderat. Antalet yrkesfiskare i kustn&auml;ra yrkesfiske har d&auml;rf&ouml;r minskat och n&auml;ringen m&aring;ste f&ouml;rh&aring;lla sig till nya informella krav och f&ouml;rv&auml;ntningar p&aring; turismutveckling. Detta leder till studiens [&hellip;]<\/p>\n","protected":false},"featured_media":9153,"template":"","meta":{"_acf_changed":false,"_relevanssi_hide_post":"","_relevanssi_hide_content":"","_relevanssi_pin_for_all":"","_relevanssi_pin_keywords":"","_relevanssi_unpin_keywords":"","_relevanssi_related_keywords":"","_relevanssi_related_include_ids":"","_relevanssi_related_exclude_ids":"","_relevanssi_related_no_append":"","_relevanssi_related_not_related":"","_relevanssi_related_posts":"","_relevanssi_noindex_reason":""},"product_brand":[],"product_cat":[122],"product_tag":[],"class_list":{"0":"post-9151","1":"product","2":"type-product","3":"status-publish","4":"has-post-thumbnail","6":"product_cat-the-department-of-service-management-and-service-studies-campus-helsingborg-en-en","8":"first","9":"instock","10":"taxable","11":"shipping-taxable","12":"purchasable","13":"product-type-simple"},"acf":[],"_links":{"self":[{"href":"https:\/\/www.bokshop.lu.se\/en\/wp-json\/wp\/v2\/product\/9151","targetHints":{"allow":["GET"]}}],"collection":[{"href":"https:\/\/www.bokshop.lu.se\/en\/wp-json\/wp\/v2\/product"}],"about":[{"href":"https:\/\/www.bokshop.lu.se\/en\/wp-json\/wp\/v2\/types\/product"}],"wp:featuredmedia":[{"embeddable":true,"href":"https:\/\/www.bokshop.lu.se\/en\/wp-json\/wp\/v2\/media\/9153"}],"wp:attachment":[{"href":"https:\/\/www.bokshop.lu.se\/en\/wp-json\/wp\/v2\/media?parent=9151"}],"wp:term":[{"taxonomy":"product_brand","embeddable":true,"href":"https:\/\/www.bokshop.lu.se\/en\/wp-json\/wp\/v2\/product_brand?post=9151"},{"taxonomy":"product_cat","embeddable":true,"href":"https:\/\/www.bokshop.lu.se\/en\/wp-json\/wp\/v2\/product_cat?post=9151"},{"taxonomy":"product_tag","embeddable":true,"href":"https:\/\/www.bokshop.lu.se\/en\/wp-json\/wp\/v2\/product_tag?post=9151"}],"curies":[{"name":"wp","href":"https:\/\/api.w.org\/{rel}","templated":true}]}}