{"id":9012,"date":"2019-04-04T10:42:39","date_gmt":"2019-04-04T08:42:39","guid":{"rendered":"https:\/\/www.bokshop.lu.se\/?post_type=product&#038;p=9012"},"modified":"2019-04-04T10:42:39","modified_gmt":"2019-04-04T08:42:39","slug":"elevengagemang-ur-ett-no-lararperspektiv","status":"publish","type":"product","link":"https:\/\/www.bokshop.lu.se\/en\/produkt\/elevengagemang-ur-ett-no-lararperspektiv\/","title":{"rendered":"Elevengagemang ur ett NO-l\u00e4rarperspektiv"},"content":{"rendered":"<p>Hur f\u00e5r l\u00e4rare elever att fastna p\u00e5 kroken s\u00e5 att de blir engagerade i NO-undervisningen? Vad inneb\u00e4r elevengagemang och vilken betydelse har det f\u00f6r l\u00e4rarrollen, undervisningen och eleverna?<\/p>\n<p>I den h\u00e4r studien f\u00e5r ett antal NO-l\u00e4rare komma till tals f\u00f6r att ber\u00e4tta om sin undervisning och hur de g\u00f6r f\u00f6r att eleverna skall bli engagerade. L\u00e4rare har i upprepade enk\u00e4ter, en s\u00e5 kallad Delfi-unders\u00f6kning, och i fokusgruppintervjuer f\u00e5tt resonera om NO-undervisning, elevengagemang och vad elevernas engagemang inneb\u00e4r. L\u00e4rarnas beskrivningar har sedan analyserats ur ett perspektiv d\u00e4r engagemang definieras som elevers k\u00e4nslor, beteenden och kognitiva f\u00f6rm\u00e5gor n\u00e4r de utf\u00f6r skolarbete.<\/p>\n<p>Resultatet visar att l\u00e4rarens f\u00f6rm\u00e5ga att presentera sp\u00e4nnande aspekter av naturvetenskap som f\u00e5ngar elevernas intresse \u00e4r betydelsefullt f\u00f6r elevernas engagemang. Andra viktiga inslag i undervisningen \u00e4r att eleverna g\u00f6rs delaktiga och att \u00e4mnesinneh\u00e5llet anknyter till elevernas omv\u00e4rld. Resultatet visar ocks\u00e5 att l\u00e4rare och elever \u00f6msesidigt p\u00e5verkar varandra genom sitt engagemang och att det f\u00e5r betydelse f\u00f6r l\u00e4rarens undervisning. D\u00e4rmed blir ocks\u00e5 l\u00e4rarens tolkning av elevernas engagemang viktig f\u00f6r vad som sker i klassrummet. Sammantaget visar studien att engagemang synligg\u00f6r f\u00f6rh\u00e5llandet mellan l\u00e4rarens undervisning \u00e5 ena sidan och elevernas intresse och motivation \u00e5 andra sidan.<\/p>\n<p>Genom \u00f6kad f\u00f6rst\u00e5else f\u00f6r elevernas engagemang ur flera olika perspektiv kan l\u00e4rare inte bara v\u00e4cka elevers nyfikenhet utan ocks\u00e5 skapa ett intresse f\u00f6r naturvetenskap som kan bli varaktigt. Det \u00e4r viktigt att sl\u00e4nga ut en krok, men man f\u00e5r inte gl\u00f6mma att hala in.<\/p>\n","protected":false},"excerpt":{"rendered":"<p>Hur f\u00e5r l\u00e4rare elever att fastna p\u00e5 kroken s\u00e5 att de blir engagerade i NO-undervisningen? Vad inneb\u00e4r elevengagemang och vilken betydelse har det f\u00f6r l\u00e4rarrollen, undervisningen och eleverna? I den h\u00e4r studien f\u00e5r ett antal NO-l\u00e4rare komma till tals f\u00f6r att ber\u00e4tta om sin undervisning och hur de g\u00f6r f\u00f6r att eleverna skall bli engagerade. [&hellip;]<\/p>\n","protected":false},"featured_media":9014,"template":"","meta":{"_acf_changed":false,"_relevanssi_hide_post":"","_relevanssi_hide_content":"","_relevanssi_pin_for_all":"","_relevanssi_pin_keywords":"","_relevanssi_unpin_keywords":"","_relevanssi_related_keywords":"","_relevanssi_related_include_ids":"","_relevanssi_related_exclude_ids":"","_relevanssi_related_no_append":"","_relevanssi_related_not_related":"","_relevanssi_related_posts":"","_relevanssi_noindex_reason":""},"product_brand":[],"product_cat":[309],"product_tag":[],"class_list":{"0":"post-9012","1":"product","2":"type-product","3":"status-publish","4":"has-post-thumbnail","6":"product_cat-lund-studies-in-educational-sciences-educational-sciences","8":"first","9":"instock","10":"taxable","11":"shipping-taxable","12":"purchasable","13":"product-type-simple"},"acf":[],"_links":{"self":[{"href":"https:\/\/www.bokshop.lu.se\/en\/wp-json\/wp\/v2\/product\/9012","targetHints":{"allow":["GET"]}}],"collection":[{"href":"https:\/\/www.bokshop.lu.se\/en\/wp-json\/wp\/v2\/product"}],"about":[{"href":"https:\/\/www.bokshop.lu.se\/en\/wp-json\/wp\/v2\/types\/product"}],"wp:featuredmedia":[{"embeddable":true,"href":"https:\/\/www.bokshop.lu.se\/en\/wp-json\/wp\/v2\/media\/9014"}],"wp:attachment":[{"href":"https:\/\/www.bokshop.lu.se\/en\/wp-json\/wp\/v2\/media?parent=9012"}],"wp:term":[{"taxonomy":"product_brand","embeddable":true,"href":"https:\/\/www.bokshop.lu.se\/en\/wp-json\/wp\/v2\/product_brand?post=9012"},{"taxonomy":"product_cat","embeddable":true,"href":"https:\/\/www.bokshop.lu.se\/en\/wp-json\/wp\/v2\/product_cat?post=9012"},{"taxonomy":"product_tag","embeddable":true,"href":"https:\/\/www.bokshop.lu.se\/en\/wp-json\/wp\/v2\/product_tag?post=9012"}],"curies":[{"name":"wp","href":"https:\/\/api.w.org\/{rel}","templated":true}]}}