{"id":8876,"date":"2019-01-30T12:55:24","date_gmt":"2019-01-30T11:53:56","guid":{"rendered":"https:\/\/www.bokshop.lu.se\/?post_type=product&#038;p=8876"},"modified":"2019-01-30T12:53:56","modified_gmt":"2019-01-30T11:53:56","slug":"det-forflutna-ar-ett-frammande-land","status":"publish","type":"product","link":"https:\/\/www.bokshop.lu.se\/en\/produkt\/det-forflutna-ar-ett-frammande-land\/","title":{"rendered":"Det f\u00f6rflutna \u00e4r ett fr\u00e4mmande land"},"content":{"rendered":"<p><span style=\"\" >I samband med det forna Jugoslaviens uppl&ouml;sning, under och efter de krig som kom att dominera mediebilder av omr&aring;det, har det gjorts dokument&auml;rfilmer som p&aring; olika s&auml;tt ber&ouml;rt det tragiska efterspelet av Josip Broz Titos och landets d&ouml;d. Jugoslaviens kollaps var en historisk h&auml;ndelse av stor betydelse f&ouml;r de individer och det kollektiv som utgjorde landet, men ocks&aring; f&ouml;r regionen, f&ouml;r Europa och v&auml;rlden. Olika ber&auml;ttelser och f&ouml;rklaringar om hur landet fallit s&ouml;nder har sedan dess dominerat filmrepresentationer av det f&ouml;rflutna. M&aring;nga var de filmer vars avsikt var att klarg&ouml;ra och p&aring; mer eller mindre didaktiska s&auml;tt f&ouml;rklara landets uppl&ouml;sning och de efterf&ouml;ljande krigen. Trots m&auml;ngden postjugoslaviska dokument&auml;rfilmer, har mer ing&aring;ende analyser av dessa s&auml;llan hittat sin plats i akademiska studier.<br \/>Det f&ouml;rflutna &auml;r ett fr&auml;mmande land analyserar filmrepresentationer av Jugoslavien och Josip Broz Tito. Tematiskt ber&ouml;rs medierade minnen och minneskonflikter av Tito och landet. Studien unders&ouml;ker huruvida de utvalda filmernas syn p&aring; det f&ouml;rflutna &ouml;verensst&auml;mmer eller &auml;r i konflikt med r&aring;dande ideologiska skiftningar efter kommunismens fall. <br \/>Avsikten med studien &auml;r att nyansera och kritiskt granska parallella minnessp&aring;r i en region som saknar en enhetlig syn p&aring; det f&ouml;rflutna.<br \/><\/span><\/p>\n","protected":false},"excerpt":{"rendered":"<p>I samband med det forna Jugoslaviens uppl&ouml;sning, under och efter de krig som kom att dominera mediebilder av omr&aring;det, har det gjorts dokument&auml;rfilmer som p&aring; olika s&auml;tt ber&ouml;rt det tragiska efterspelet av Josip Broz Titos och landets d&ouml;d. Jugoslaviens kollaps var en historisk h&auml;ndelse av stor betydelse f&ouml;r de individer och det kollektiv som utgjorde [&hellip;]<\/p>\n","protected":false},"featured_media":8878,"template":"","meta":{"_acf_changed":false,"_relevanssi_hide_post":"","_relevanssi_hide_content":"","_relevanssi_pin_for_all":"","_relevanssi_pin_keywords":"","_relevanssi_unpin_keywords":"","_relevanssi_related_keywords":"","_relevanssi_related_include_ids":"","_relevanssi_related_exclude_ids":"","_relevanssi_related_no_append":"","_relevanssi_related_not_related":"","_relevanssi_related_posts":"","_relevanssi_noindex_reason":""},"product_brand":[],"product_cat":[95],"product_tag":[],"class_list":{"0":"post-8876","1":"product","2":"type-product","3":"status-publish","4":"has-post-thumbnail","6":"product_cat-critica-litterarum-lundensis","8":"first","9":"instock","10":"taxable","11":"shipping-taxable","12":"purchasable","13":"product-type-simple"},"acf":[],"_links":{"self":[{"href":"https:\/\/www.bokshop.lu.se\/en\/wp-json\/wp\/v2\/product\/8876","targetHints":{"allow":["GET"]}}],"collection":[{"href":"https:\/\/www.bokshop.lu.se\/en\/wp-json\/wp\/v2\/product"}],"about":[{"href":"https:\/\/www.bokshop.lu.se\/en\/wp-json\/wp\/v2\/types\/product"}],"wp:featuredmedia":[{"embeddable":true,"href":"https:\/\/www.bokshop.lu.se\/en\/wp-json\/wp\/v2\/media\/8878"}],"wp:attachment":[{"href":"https:\/\/www.bokshop.lu.se\/en\/wp-json\/wp\/v2\/media?parent=8876"}],"wp:term":[{"taxonomy":"product_brand","embeddable":true,"href":"https:\/\/www.bokshop.lu.se\/en\/wp-json\/wp\/v2\/product_brand?post=8876"},{"taxonomy":"product_cat","embeddable":true,"href":"https:\/\/www.bokshop.lu.se\/en\/wp-json\/wp\/v2\/product_cat?post=8876"},{"taxonomy":"product_tag","embeddable":true,"href":"https:\/\/www.bokshop.lu.se\/en\/wp-json\/wp\/v2\/product_tag?post=8876"}],"curies":[{"name":"wp","href":"https:\/\/api.w.org\/{rel}","templated":true}]}}