{"id":8805,"date":"2018-12-18T11:07:41","date_gmt":"2018-12-18T10:02:21","guid":{"rendered":"https:\/\/www.bokshop.lu.se\/?post_type=product&#038;p=8805"},"modified":"2018-12-19T11:28:28","modified_gmt":"2018-12-19T10:28:28","slug":"vilken-konfatyp-ar-du","status":"publish","type":"product","link":"https:\/\/www.bokshop.lu.se\/en\/produkt\/vilken-konfatyp-ar-du\/","title":{"rendered":"Vilken konfatyp \u00e4r du?"},"content":{"rendered":"<p>Vad betyder Svenska kyrkans ritualer i ett allt mer individualiserat samh\u00e4lle? Dopet, konfirmationen, vigseln och begravningen kan p\u00e5 ytan f\u00f6refalla vara desamma som tidigare, men vid n\u00e4rmare betraktelse kan man se hur ritualernas inneh\u00e5ll markant har \u00e4ndrat karakt\u00e4r. Inte minst i ett \u00f6kade engagemang i HBTQfr\u00e5gor framg\u00e5r kyrkans omsv\u00e4ngning fr\u00e5n att ha varit kollektivistiskt pr\u00e4glad till att tydligt avspegla samtidens fokus p\u00e5 identitet och individualitet. Med hj\u00e4lp av en fallstudie av Svenska kyrkan V\u00e4ster\u00e5s webbplats utreds i rapporten hur denna anpassning till det senmoderna, individualiserade samh\u00e4llet kommer till uttryck i hur kyrkan diskuterar sin verksamhet i sin externa kommunikation.<\/p>\n","protected":false},"excerpt":{"rendered":"<p>Vad betyder Svenska kyrkans ritualer i ett allt mer individualiserat samh\u00e4lle? Dopet, konfirmationen, vigseln och begravningen kan p\u00e5 ytan f\u00f6refalla vara desamma som tidigare, men vid n\u00e4rmare betraktelse kan man se hur ritualernas inneh\u00e5ll markant har \u00e4ndrat karakt\u00e4r. Inte minst i ett \u00f6kade engagemang i HBTQfr\u00e5gor framg\u00e5r kyrkans omsv\u00e4ngning fr\u00e5n att ha varit kollektivistiskt pr\u00e4glad [&hellip;]<\/p>\n","protected":false},"featured_media":8807,"template":"","meta":{"_acf_changed":false,"_relevanssi_hide_post":"","_relevanssi_hide_content":"","_relevanssi_pin_for_all":"","_relevanssi_pin_keywords":"","_relevanssi_unpin_keywords":"","_relevanssi_related_keywords":"","_relevanssi_related_include_ids":"","_relevanssi_related_exclude_ids":"","_relevanssi_related_no_append":"","_relevanssi_related_not_related":"","_relevanssi_related_posts":"","_relevanssi_noindex_reason":""},"product_brand":[],"product_cat":[158],"product_tag":[],"class_list":{"0":"post-8805","1":"product","2":"type-product","3":"status-publish","4":"has-post-thumbnail","6":"product_cat-meritorious-master-thesis-in-mkv","8":"first","9":"instock","10":"taxable","11":"shipping-taxable","12":"purchasable","13":"product-type-simple"},"acf":[],"_links":{"self":[{"href":"https:\/\/www.bokshop.lu.se\/en\/wp-json\/wp\/v2\/product\/8805","targetHints":{"allow":["GET"]}}],"collection":[{"href":"https:\/\/www.bokshop.lu.se\/en\/wp-json\/wp\/v2\/product"}],"about":[{"href":"https:\/\/www.bokshop.lu.se\/en\/wp-json\/wp\/v2\/types\/product"}],"wp:featuredmedia":[{"embeddable":true,"href":"https:\/\/www.bokshop.lu.se\/en\/wp-json\/wp\/v2\/media\/8807"}],"wp:attachment":[{"href":"https:\/\/www.bokshop.lu.se\/en\/wp-json\/wp\/v2\/media?parent=8805"}],"wp:term":[{"taxonomy":"product_brand","embeddable":true,"href":"https:\/\/www.bokshop.lu.se\/en\/wp-json\/wp\/v2\/product_brand?post=8805"},{"taxonomy":"product_cat","embeddable":true,"href":"https:\/\/www.bokshop.lu.se\/en\/wp-json\/wp\/v2\/product_cat?post=8805"},{"taxonomy":"product_tag","embeddable":true,"href":"https:\/\/www.bokshop.lu.se\/en\/wp-json\/wp\/v2\/product_tag?post=8805"}],"curies":[{"name":"wp","href":"https:\/\/api.w.org\/{rel}","templated":true}]}}