{"id":8790,"date":"2018-12-18T11:13:43","date_gmt":"2018-12-03T11:01:21","guid":{"rendered":"https:\/\/www.bokshop.lu.se\/?post_type=product&#038;p=8790"},"modified":"2020-10-15T14:28:03","modified_gmt":"2020-10-15T12:28:03","slug":"efter-tegner","status":"publish","type":"product","link":"https:\/\/www.bokshop.lu.se\/en\/produkt\/efter-tegner\/","title":{"rendered":"Efter Tegn\u00e9r"},"content":{"rendered":"<p>Esaias Tegn\u00e9rs (1782\u20131846) f\u00f6rfattarskap bildade l\u00e4nge centrum i den svenska kanon, och ans\u00e5gs enligt utl\u00e4ndska bed\u00f6mare utg\u00f6ra Sveriges fr\u00e4msta bidrag till v\u00e4rldslitteraturen. P\u00e5 s\u00e5 vis har det haft stor betydelse f\u00f6r s\u00e5v\u00e4l den inhemska som utl\u00e4ndska f\u00f6rest\u00e4llningen om svensk kultur. Funktionen som enande nationalsymbol har Tegn\u00e9r sedan l\u00e4nge f\u00f6rlorat, \u00e4ven om m\u00e5nga fortfarande h\u00e5ller honom h\u00f6gt som poet. Parallellt med detta har hans texter i allt l\u00e4gre grad kommit att intressera litteraturvetenskapen.<br \/>\nMen en situation \u2022\u009defter Tegn\u00e9r\u2022\u009d, i vilken hans n\u00e4rvaro i kulturen inte \u00e4r lika sj\u00e4lvklar, kan ist\u00e4llet inneb\u00e4ra att nya infallsvinklar fril\u00e4ggs och att intressanta sidor av hans texter kan tr\u00e4da fram p\u00e5 nytt. I detta syfte har sex yngre forskare i Lund valt att n\u00e4rma sig Tegn\u00e9r utifr\u00e5n sina egna forskningsintressen. H\u00e4r ges litteraturhistoriska perspektiv p\u00e5 Tegn\u00e9rs relation till 1700-talet och till den romantiska r\u00f6relsen. Vidare unders\u00f6ks hans erotiska diktning utifr\u00e5n ett genreperspektiv och hans verskonst i ljuset av kognitiva och semiotiska teorier. Vi f\u00e5r \u00e4ven ta del av bilder av Tegn\u00e9r som en gestalt p\u00e5 gr\u00e4nsen mellan fiktion och biografi, och se hur hans dikter fungerat som r\u00e5material f\u00f6r poeter fr\u00e5n 1900- och 2000-talet.<\/p>\n","protected":false},"excerpt":{"rendered":"<p>Esaias Tegn\u00e9rs (1782\u20131846) f\u00f6rfattarskap bildade l\u00e4nge centrum i den svenska kanon, och ans\u00e5gs enligt utl\u00e4ndska bed\u00f6mare utg\u00f6ra Sveriges fr\u00e4msta bidrag till v\u00e4rldslitteraturen. P\u00e5 s\u00e5 vis har det haft stor betydelse f\u00f6r s\u00e5v\u00e4l den inhemska som utl\u00e4ndska f\u00f6rest\u00e4llningen om svensk kultur. Funktionen som enande nationalsymbol har Tegn\u00e9r sedan l\u00e4nge f\u00f6rlorat, \u00e4ven om m\u00e5nga fortfarande h\u00e5ller honom [&hellip;]<\/p>\n","protected":false},"featured_media":8792,"template":"","meta":{"_acf_changed":false,"_relevanssi_hide_post":"","_relevanssi_hide_content":"","_relevanssi_pin_for_all":"","_relevanssi_pin_keywords":"","_relevanssi_unpin_keywords":"","_relevanssi_related_keywords":"","_relevanssi_related_include_ids":"","_relevanssi_related_exclude_ids":"","_relevanssi_related_no_append":"","_relevanssi_related_not_related":"","_relevanssi_related_posts":"","_relevanssi_noindex_reason":""},"product_brand":[],"product_cat":[87],"product_tag":[],"class_list":{"0":"post-8790","1":"product","2":"type-product","3":"status-publish","4":"has-post-thumbnail","6":"product_cat-absalon-skrifter-i-litteraturvetenskap-utgivna-vid-sprak-och-litteraturcentrum-i-lund-languages-and-literature","8":"first","9":"instock","10":"taxable","11":"shipping-taxable","12":"purchasable","13":"product-type-simple"},"acf":[],"_links":{"self":[{"href":"https:\/\/www.bokshop.lu.se\/en\/wp-json\/wp\/v2\/product\/8790","targetHints":{"allow":["GET"]}}],"collection":[{"href":"https:\/\/www.bokshop.lu.se\/en\/wp-json\/wp\/v2\/product"}],"about":[{"href":"https:\/\/www.bokshop.lu.se\/en\/wp-json\/wp\/v2\/types\/product"}],"wp:featuredmedia":[{"embeddable":true,"href":"https:\/\/www.bokshop.lu.se\/en\/wp-json\/wp\/v2\/media\/8792"}],"wp:attachment":[{"href":"https:\/\/www.bokshop.lu.se\/en\/wp-json\/wp\/v2\/media?parent=8790"}],"wp:term":[{"taxonomy":"product_brand","embeddable":true,"href":"https:\/\/www.bokshop.lu.se\/en\/wp-json\/wp\/v2\/product_brand?post=8790"},{"taxonomy":"product_cat","embeddable":true,"href":"https:\/\/www.bokshop.lu.se\/en\/wp-json\/wp\/v2\/product_cat?post=8790"},{"taxonomy":"product_tag","embeddable":true,"href":"https:\/\/www.bokshop.lu.se\/en\/wp-json\/wp\/v2\/product_tag?post=8790"}],"curies":[{"name":"wp","href":"https:\/\/api.w.org\/{rel}","templated":true}]}}