{"id":8716,"date":"2018-10-01T11:21:25","date_gmt":"2018-10-01T09:21:09","guid":{"rendered":"http:\/\/www.bokshop.lu.se\/?post_type=product&#038;p=8716"},"modified":"2020-10-15T14:28:34","modified_gmt":"2020-10-15T12:28:34","slug":"framtidens-fysiska-butik","status":"publish","type":"product","link":"https:\/\/www.bokshop.lu.se\/en\/produkt\/framtidens-fysiska-butik\/","title":{"rendered":"Framtidens fysiska butik"},"content":{"rendered":"<p>Handeln befinner sig i en tid av f\u00f6r\u00e4ndring. I decennier har handeln arbetat p\u00e5 samma s\u00e4tt, men detta etablerade och accepterade arbetss\u00e4tt konfronteras nu med den tekniska utvecklingen, nya v\u00e4rderingar och ett f\u00f6r\u00e4ndrat samh\u00e4lle. S\u00e4rskilt stark p\u00e5verkan har dessa f\u00f6r\u00e4ndringar p\u00e5 det som l\u00e4nge varit navet i handeln, n\u00e4mligen den fysiska butiken. Den fysiska butikens framtid \u00e4r n\u00e5got som diskuterats mycket de senaste \u00e5ren \u2013 p\u00e5 konferenser, p\u00e5 debattsidor, i fackpress etc. Denna bok \u00e4r en del i den diskussionen och bidrar med nya insikter.<\/p>\n<p>Vi kunder tar oss till de platser som handelsf\u00f6retagen satt upp och tar del av deras erbjudanden, vi upplever de milj\u00f6er som designats f\u00f6r att p\u00e5verka oss och tar sedan de varor vi \u00f6nskar k\u00f6pa med oss hem. Detta har l\u00e4nge varit det accepterade s\u00e4ttet att bedriva handel. Den fysiska butikens utformning och existens utmanas nu fr\u00e5n en rad olika h\u00e5ll och denna handel \u00e4r inte l\u00e4ngre lika sj\u00e4lvklar.<\/p>\n<p>Bokens 16 kapitel bygger p\u00e5 f\u00f6redrag och teman fr\u00e5n tre workshoppar kring den framtida fysiska butiken som Centrum f\u00f6r handelsforskning och Handelsr\u00e5det arrangerade under 2017. Totalt samlade dessa workshoppar cirka 150<br \/>\ndeltagare fr\u00e5n handeln i bred bem\u00e4rkelse (handelsf\u00f6retag, konsultf\u00f6retag, stad och kommun, forskare etc). 17 forskare och praktiker delar i den h\u00e4r boken med sig av sin forskning och sin syn p\u00e5 den framtida fysiska butiken.<\/p>\n<p>Boken \u00e4r organiserad efter tre perspektiv som upplevs ha stor betydelse f\u00f6r den framtida fysiska butikens utformning: digitalisering, upplevelseskapande och h\u00e5llbarhet. Hur ska butiken se ut? Hur ska den drivas? Var ska den ligga och hur stor ska den vara? Vad ska personalen g\u00f6ra? Vilken roll har tekniken? Fr\u00e5gorna \u00e4r m\u00e5nga och h\u00f6gst aktuella.<\/p>\n","protected":false},"excerpt":{"rendered":"<p>Handeln befinner sig i en tid av f\u00f6r\u00e4ndring. I decennier har handeln arbetat p\u00e5 samma s\u00e4tt, men detta etablerade och accepterade arbetss\u00e4tt konfronteras nu med den tekniska utvecklingen, nya v\u00e4rderingar och ett f\u00f6r\u00e4ndrat samh\u00e4lle. S\u00e4rskilt stark p\u00e5verkan har dessa f\u00f6r\u00e4ndringar p\u00e5 det som l\u00e4nge varit navet i handeln, n\u00e4mligen den fysiska butiken. Den fysiska butikens [&hellip;]<\/p>\n","protected":false},"featured_media":8718,"template":"","meta":{"_acf_changed":false,"_relevanssi_hide_post":"","_relevanssi_hide_content":"","_relevanssi_pin_for_all":"","_relevanssi_pin_keywords":"","_relevanssi_unpin_keywords":"","_relevanssi_related_keywords":"","_relevanssi_related_include_ids":"","_relevanssi_related_exclude_ids":"","_relevanssi_related_no_append":"","_relevanssi_related_not_related":"","_relevanssi_related_posts":"","_relevanssi_noindex_reason":""},"product_brand":[],"product_cat":[122],"product_tag":[],"class_list":{"0":"post-8716","1":"product","2":"type-product","3":"status-publish","4":"has-post-thumbnail","6":"product_cat-the-department-of-service-management-and-service-studies-campus-helsingborg-en-en","8":"first","9":"instock","10":"taxable","11":"shipping-taxable","12":"purchasable","13":"product-type-simple"},"acf":[],"_links":{"self":[{"href":"https:\/\/www.bokshop.lu.se\/en\/wp-json\/wp\/v2\/product\/8716","targetHints":{"allow":["GET"]}}],"collection":[{"href":"https:\/\/www.bokshop.lu.se\/en\/wp-json\/wp\/v2\/product"}],"about":[{"href":"https:\/\/www.bokshop.lu.se\/en\/wp-json\/wp\/v2\/types\/product"}],"wp:featuredmedia":[{"embeddable":true,"href":"https:\/\/www.bokshop.lu.se\/en\/wp-json\/wp\/v2\/media\/8718"}],"wp:attachment":[{"href":"https:\/\/www.bokshop.lu.se\/en\/wp-json\/wp\/v2\/media?parent=8716"}],"wp:term":[{"taxonomy":"product_brand","embeddable":true,"href":"https:\/\/www.bokshop.lu.se\/en\/wp-json\/wp\/v2\/product_brand?post=8716"},{"taxonomy":"product_cat","embeddable":true,"href":"https:\/\/www.bokshop.lu.se\/en\/wp-json\/wp\/v2\/product_cat?post=8716"},{"taxonomy":"product_tag","embeddable":true,"href":"https:\/\/www.bokshop.lu.se\/en\/wp-json\/wp\/v2\/product_tag?post=8716"}],"curies":[{"name":"wp","href":"https:\/\/api.w.org\/{rel}","templated":true}]}}