{"id":8708,"date":"2018-09-26T09:15:54","date_gmt":"2018-09-26T07:15:37","guid":{"rendered":"http:\/\/www.bokshop.lu.se\/?post_type=product&#038;p=8708"},"modified":"2018-09-26T09:23:44","modified_gmt":"2018-09-26T07:23:44","slug":"tredje-generationens-overlevande","status":"publish","type":"product","link":"https:\/\/www.bokshop.lu.se\/en\/produkt\/tredje-generationens-overlevande\/","title":{"rendered":"Tredje generationens \u00f6verlevande"},"content":{"rendered":"<p>F\u00f6rintelsen \u00e4r ett historiskt skeende som lever vidare i samtidens medvetande i form av minnesmonument, museala utst\u00e4llningar, forskningsinstitutioner och myndigheter. I familjer d\u00e4r det finns \u00f6verlevande lever minnet ocks\u00e5 kvar. Vissa av barnbarnen i dessa familjer identifierar sig nu som Tredje generationens \u00f6verlevande och har tagit p\u00e5 sig uppdraget att f\u00f6rvalta minnet. Studien lyfter fram att minnes-bearbetningen kring F\u00f6rintelsen av den Tredje generationens \u00f6verlevande i m\u00e5ngt och mycket baseras p\u00e5 en generationell minnes\u00f6verf\u00f6ring som p\u00e5g\u00e5tt under barnbarnens uppv\u00e4xt i samtal med den \u00f6verlevande generationen. Samtidigt florerar en b\u00e5de latent och manifest antisemitism i det svenska samh\u00e4llet vilket formar och p\u00e5verkar b\u00e5de den judiska gruppen och barnbarnen. Denna socialantropologiska studie visar p\u00e5 dessa samband, att minnet av F\u00f6rintelsen, i de publika och i de familj\u00e4ra sammanhangen, tillsammans med den samtida antisemitismen, p\u00e5verkar den judiska identiteten.<\/p>\n","protected":false},"excerpt":{"rendered":"<p>F\u00f6rintelsen \u00e4r ett historiskt skeende som lever vidare i samtidens medvetande i form av minnesmonument, museala utst\u00e4llningar, forskningsinstitutioner och myndigheter. I familjer d\u00e4r det finns \u00f6verlevande lever minnet ocks\u00e5 kvar. Vissa av barnbarnen i dessa familjer identifierar sig nu som Tredje generationens \u00f6verlevande och har tagit p\u00e5 sig uppdraget att f\u00f6rvalta minnet. Studien lyfter fram [&hellip;]<\/p>\n","protected":false},"featured_media":8710,"template":"","meta":{"_acf_changed":false,"_relevanssi_hide_post":"","_relevanssi_hide_content":"","_relevanssi_pin_for_all":"","_relevanssi_pin_keywords":"","_relevanssi_unpin_keywords":"","_relevanssi_related_keywords":"","_relevanssi_related_include_ids":"","_relevanssi_related_exclude_ids":"","_relevanssi_related_no_append":"","_relevanssi_related_not_related":"","_relevanssi_related_posts":"","_relevanssi_noindex_reason":""},"product_brand":[],"product_cat":[228],"product_tag":[],"class_list":{"0":"post-8708","1":"product","2":"type-product","3":"status-publish","4":"has-post-thumbnail","6":"product_cat-lund-monographs-in-social-anthropology-social-anthropology","8":"first","9":"instock","10":"taxable","11":"shipping-taxable","12":"purchasable","13":"product-type-simple"},"acf":[],"_links":{"self":[{"href":"https:\/\/www.bokshop.lu.se\/en\/wp-json\/wp\/v2\/product\/8708","targetHints":{"allow":["GET"]}}],"collection":[{"href":"https:\/\/www.bokshop.lu.se\/en\/wp-json\/wp\/v2\/product"}],"about":[{"href":"https:\/\/www.bokshop.lu.se\/en\/wp-json\/wp\/v2\/types\/product"}],"wp:featuredmedia":[{"embeddable":true,"href":"https:\/\/www.bokshop.lu.se\/en\/wp-json\/wp\/v2\/media\/8710"}],"wp:attachment":[{"href":"https:\/\/www.bokshop.lu.se\/en\/wp-json\/wp\/v2\/media?parent=8708"}],"wp:term":[{"taxonomy":"product_brand","embeddable":true,"href":"https:\/\/www.bokshop.lu.se\/en\/wp-json\/wp\/v2\/product_brand?post=8708"},{"taxonomy":"product_cat","embeddable":true,"href":"https:\/\/www.bokshop.lu.se\/en\/wp-json\/wp\/v2\/product_cat?post=8708"},{"taxonomy":"product_tag","embeddable":true,"href":"https:\/\/www.bokshop.lu.se\/en\/wp-json\/wp\/v2\/product_tag?post=8708"}],"curies":[{"name":"wp","href":"https:\/\/api.w.org\/{rel}","templated":true}]}}