{"id":8695,"date":"2018-09-20T09:16:37","date_gmt":"2018-09-20T07:16:37","guid":{"rendered":"http:\/\/www.bokshop.lu.se\/?post_type=product&#038;p=8695"},"modified":"2018-09-20T09:16:37","modified_gmt":"2018-09-20T07:16:37","slug":"hogskolepedagogisk-reflektion-och-praktik","status":"publish","type":"product","link":"https:\/\/www.bokshop.lu.se\/en\/produkt\/hogskolepedagogisk-reflektion-och-praktik\/","title":{"rendered":"H\u00f6gskolepedagogisk reflektion och praktik"},"content":{"rendered":"<p>Humanistiska och teologiska fakulteterna vid Lunds universitet anordnar med j\u00e4mna mellanrum h\u00f6gskolepedagogiska inspirationskonferenser f\u00f6r sin undervisande personal. Syftet med dessa konferenser \u00e4r att inspirera till erfarenhetsutbyte och diskussion om undervisning och l\u00e4rande.<\/p>\n<p>I denna antologi har vi samlat tretton bidrag som presenterades vid 2012 \u00e5rs inspirationskonferens. H\u00e4r m\u00f6ter goda och insiktsfulla id\u00e9er om undervisning och exempel p\u00e5 praktisk till\u00e4mpning av dessa. I antologin diskuterar l\u00e4rare vid Humanistiska och teologiska fakulteterna bland annat fr\u00e5gor som r\u00f6r studenternas sj\u00e4lvstudier, examinationens utformning och studenters l\u00e4rande, handledning som pedagogisk utmaning och studenternas l\u00e4rande i ett \u00e4mnesdidaktiskt perspektiv.<\/p>\n","protected":false},"excerpt":{"rendered":"<p>Humanistiska och teologiska fakulteterna vid Lunds universitet anordnar med j\u00e4mna mellanrum h\u00f6gskolepedagogiska inspirationskonferenser f\u00f6r sin undervisande personal. Syftet med dessa konferenser \u00e4r att inspirera till erfarenhetsutbyte och diskussion om undervisning och l\u00e4rande. I denna antologi har vi samlat tretton bidrag som presenterades vid 2012 \u00e5rs inspirationskonferens. H\u00e4r m\u00f6ter goda och insiktsfulla id\u00e9er om undervisning och [&hellip;]<\/p>\n","protected":false},"featured_media":8697,"template":"","meta":{"_acf_changed":false,"_relevanssi_hide_post":"","_relevanssi_hide_content":"","_relevanssi_pin_for_all":"","_relevanssi_pin_keywords":"","_relevanssi_unpin_keywords":"","_relevanssi_related_keywords":"","_relevanssi_related_include_ids":"","_relevanssi_related_exclude_ids":"","_relevanssi_related_no_append":"","_relevanssi_related_not_related":"","_relevanssi_related_posts":"","_relevanssi_noindex_reason":""},"product_brand":[],"product_cat":[93],"product_tag":[],"class_list":{"0":"post-8695","1":"product","2":"type-product","3":"status-publish","4":"has-post-thumbnail","6":"product_cat-non-serial-books-educational-sciences","8":"first","9":"instock","10":"taxable","11":"shipping-taxable","12":"purchasable","13":"product-type-simple"},"acf":[],"_links":{"self":[{"href":"https:\/\/www.bokshop.lu.se\/en\/wp-json\/wp\/v2\/product\/8695","targetHints":{"allow":["GET"]}}],"collection":[{"href":"https:\/\/www.bokshop.lu.se\/en\/wp-json\/wp\/v2\/product"}],"about":[{"href":"https:\/\/www.bokshop.lu.se\/en\/wp-json\/wp\/v2\/types\/product"}],"wp:featuredmedia":[{"embeddable":true,"href":"https:\/\/www.bokshop.lu.se\/en\/wp-json\/wp\/v2\/media\/8697"}],"wp:attachment":[{"href":"https:\/\/www.bokshop.lu.se\/en\/wp-json\/wp\/v2\/media?parent=8695"}],"wp:term":[{"taxonomy":"product_brand","embeddable":true,"href":"https:\/\/www.bokshop.lu.se\/en\/wp-json\/wp\/v2\/product_brand?post=8695"},{"taxonomy":"product_cat","embeddable":true,"href":"https:\/\/www.bokshop.lu.se\/en\/wp-json\/wp\/v2\/product_cat?post=8695"},{"taxonomy":"product_tag","embeddable":true,"href":"https:\/\/www.bokshop.lu.se\/en\/wp-json\/wp\/v2\/product_tag?post=8695"}],"curies":[{"name":"wp","href":"https:\/\/api.w.org\/{rel}","templated":true}]}}