{"id":8691,"date":"2018-09-19T10:14:21","date_gmt":"2018-09-19T08:14:21","guid":{"rendered":"http:\/\/www.bokshop.lu.se\/?post_type=product&#038;p=8691"},"modified":"2020-10-15T14:30:31","modified_gmt":"2020-10-15T12:30:31","slug":"moderna-kvinnor","status":"publish","type":"product","link":"https:\/\/www.bokshop.lu.se\/en\/produkt\/moderna-kvinnor\/","title":{"rendered":"Moderna kvinnor"},"content":{"rendered":"<p>De moderna kvinnorna med korta kjolar och \u00e4nnu kortare h\u00e5r som jazzade sig igenom 1920-talets n\u00f6jesliv \u00e4r en bild som reproduceras i popul\u00e4rkulturen \u00e4n idag. Men de moderna kvinnorna s\u00e5gs i sin samtid inte endast som n\u00f6jeslystna kommersiella produkter, utan anv\u00e4ndes som en arena f\u00f6r att diskutera fr\u00e5gor om nationalitet, rasbiologi, genus, kropp och det moderna samh\u00e4llets utmaningar. De moderna kvinnorna ifr\u00e5gasatte n\u00e4mligen traditionella genusstrukturer, genom att idrotta, k\u00f6ra bilar, st\u00e4lla nya krav p\u00e5 \u00e4ktenskapet eller helt enkelt v\u00e4lja bort gifterm\u00e5l till f\u00f6rm\u00e5n f\u00f6r ett sj\u00e4lvf\u00f6rs\u00f6rjande singelliv. Samtidigt politiserades och granskades deras kroppar, korta kjolar och livsstil.<br \/>\nUnder 1920-talets f\u00f6rsta \u00e5r i Sverige hade kvinnor uppn\u00e5tt r\u00f6str\u00e4tt och juridisk likst\u00e4llighet i \u00e4ktenskapet och nya lagar gav dem st\u00f6rre utrymme p\u00e5 arbetsmarknaden. Hur skulle ett modernt framtida samh\u00e4lle se ut d\u00e4r kvinnor uppf\u00f6rde sig, s\u00e5g ut som, och st\u00e4llde samma krav p\u00e5 frihet som m\u00e4n? Det \u00e4r hur denna fr\u00e5ga debatterades i veckopressen som unders\u00f6ks i denna bok.<br \/>\nDe moderna kvinnorna var ett globalt fenomen under 1920- och 1930-talen, men det tog sig olika uttryck i olika l\u00e4nder. I den svenska debatten framh\u00f6lls Sverige som ett j\u00e4mst\u00e4lldhetens f\u00f6rlovade land, p\u00e5 samma g\u00e5ng som det ans\u00e5gs viktigt att s\u00e4tta gr\u00e4nser f\u00f6r femininiteten och moderniteten f\u00f6r att v\u00e4rna om och bevara svenskheten. Det \u00e4r tong\u00e5ngar som k\u00e4nns igen \u00e4n idag, n\u00e4r nationalistiska vindar, som vill begr\u00e4nsa kvinnors utrymme, sveper \u00f6ver Sverige.<br \/>\nEmma Severinsson, f. 1984, \u00e4r historiker vid Lunds universitet. Moderna kvinnor \u00e4r hennes doktorsavhandling.<\/p>\n","protected":false},"excerpt":{"rendered":"<p>De moderna kvinnorna med korta kjolar och \u00e4nnu kortare h\u00e5r som jazzade sig igenom 1920-talets n\u00f6jesliv \u00e4r en bild som reproduceras i popul\u00e4rkulturen \u00e4n idag. Men de moderna kvinnorna s\u00e5gs i sin samtid inte endast som n\u00f6jeslystna kommersiella produkter, utan anv\u00e4ndes som en arena f\u00f6r att diskutera fr\u00e5gor om nationalitet, rasbiologi, genus, kropp och det [&hellip;]<\/p>\n","protected":false},"featured_media":8693,"template":"","meta":{"_acf_changed":false,"_relevanssi_hide_post":"","_relevanssi_hide_content":"","_relevanssi_pin_for_all":"","_relevanssi_pin_keywords":"","_relevanssi_unpin_keywords":"","_relevanssi_related_keywords":"","_relevanssi_related_include_ids":"","_relevanssi_related_exclude_ids":"","_relevanssi_related_no_append":"","_relevanssi_related_not_related":"","_relevanssi_related_posts":"","_relevanssi_noindex_reason":""},"product_brand":[],"product_cat":[74],"product_tag":[],"class_list":{"0":"post-8691","1":"product","2":"type-product","3":"status-publish","4":"has-post-thumbnail","6":"product_cat-studia-historica-lundensia","8":"first","9":"instock","10":"taxable","11":"shipping-taxable","12":"purchasable","13":"product-type-simple"},"acf":[],"_links":{"self":[{"href":"https:\/\/www.bokshop.lu.se\/en\/wp-json\/wp\/v2\/product\/8691","targetHints":{"allow":["GET"]}}],"collection":[{"href":"https:\/\/www.bokshop.lu.se\/en\/wp-json\/wp\/v2\/product"}],"about":[{"href":"https:\/\/www.bokshop.lu.se\/en\/wp-json\/wp\/v2\/types\/product"}],"wp:featuredmedia":[{"embeddable":true,"href":"https:\/\/www.bokshop.lu.se\/en\/wp-json\/wp\/v2\/media\/8693"}],"wp:attachment":[{"href":"https:\/\/www.bokshop.lu.se\/en\/wp-json\/wp\/v2\/media?parent=8691"}],"wp:term":[{"taxonomy":"product_brand","embeddable":true,"href":"https:\/\/www.bokshop.lu.se\/en\/wp-json\/wp\/v2\/product_brand?post=8691"},{"taxonomy":"product_cat","embeddable":true,"href":"https:\/\/www.bokshop.lu.se\/en\/wp-json\/wp\/v2\/product_cat?post=8691"},{"taxonomy":"product_tag","embeddable":true,"href":"https:\/\/www.bokshop.lu.se\/en\/wp-json\/wp\/v2\/product_tag?post=8691"}],"curies":[{"name":"wp","href":"https:\/\/api.w.org\/{rel}","templated":true}]}}