{"id":8678,"date":"2018-09-18T09:25:00","date_gmt":"2018-09-18T07:25:00","guid":{"rendered":"http:\/\/www.bokshop.lu.se\/?post_type=product&#038;p=8678"},"modified":"2018-09-18T09:25:00","modified_gmt":"2018-09-18T07:25:00","slug":"historia-och-historiker","status":"publish","type":"product","link":"https:\/\/www.bokshop.lu.se\/en\/produkt\/historia-och-historiker\/","title":{"rendered":"Historia och historiker"},"content":{"rendered":"<p>Lunds universitet invigdes i januari 1668 och \u00e4nda sedan dess har det funnits verksamma historiker vid l\u00e4ros\u00e4tet. I denna bok, som samlar bidrag fr\u00e5n Historiska institutionens jubileumsf\u00f6rel\u00e4sningar under 2017, skriver lundahistoriker av idag om universitetets \u00e4ldsta historia och om tidigare lundahistoriker.<br \/>\nH\u00e4r erbjuds nya perspektiv p\u00e5 universitets grundande. H\u00e4r presenteras de dansm\u00e4stare som l\u00e5ngt fram i tiden tillh\u00f6rde l\u00e4rark\u00e5ren. Bland lundahistoriker presenteras f\u00e4rgstarka och stridbara \u00e4ldre historiker som Sven Lagerbring, Martin och Lauritz Weibull \u2013 far och son \u2013 och Sture Bolin, men ocks\u00e5 l\u00e4rare till dagens historikergeneration: Birgitta Od\u00e9n, G\u00f6ran Rystad, Sven T\u00e4gil och Carl-Axel Gemzell.<br \/>\nHistoriker \u00e4r alltid bundna av sin samtid och beroende av det samh\u00e4lle de lever i. Bokens bidrag ger en levande bild av de f\u00f6r\u00e4nderliga villkor under vilka universitetet har fyllt sin samh\u00e4llsuppgift och av de personligheter som format studiet av det f\u00f6rflutna i Lund.<\/p>\n","protected":false},"excerpt":{"rendered":"<p>Lunds universitet invigdes i januari 1668 och \u00e4nda sedan dess har det funnits verksamma historiker vid l\u00e4ros\u00e4tet. I denna bok, som samlar bidrag fr\u00e5n Historiska institutionens jubileumsf\u00f6rel\u00e4sningar under 2017, skriver lundahistoriker av idag om universitetets \u00e4ldsta historia och om tidigare lundahistoriker. H\u00e4r erbjuds nya perspektiv p\u00e5 universitets grundande. H\u00e4r presenteras de dansm\u00e4stare som l\u00e5ngt fram [&hellip;]<\/p>\n","protected":false},"featured_media":8680,"template":"","meta":{"_acf_changed":false,"_relevanssi_hide_post":"","_relevanssi_hide_content":"","_relevanssi_pin_for_all":"","_relevanssi_pin_keywords":"","_relevanssi_unpin_keywords":"","_relevanssi_related_keywords":"","_relevanssi_related_include_ids":"","_relevanssi_related_exclude_ids":"","_relevanssi_related_no_append":"","_relevanssi_related_not_related":"","_relevanssi_related_posts":"","_relevanssi_noindex_reason":""},"product_brand":[],"product_cat":[74],"product_tag":[],"class_list":{"0":"post-8678","1":"product","2":"type-product","3":"status-publish","4":"has-post-thumbnail","6":"product_cat-studia-historica-lundensia","8":"first","9":"instock","10":"taxable","11":"shipping-taxable","12":"purchasable","13":"product-type-simple"},"acf":[],"_links":{"self":[{"href":"https:\/\/www.bokshop.lu.se\/en\/wp-json\/wp\/v2\/product\/8678","targetHints":{"allow":["GET"]}}],"collection":[{"href":"https:\/\/www.bokshop.lu.se\/en\/wp-json\/wp\/v2\/product"}],"about":[{"href":"https:\/\/www.bokshop.lu.se\/en\/wp-json\/wp\/v2\/types\/product"}],"wp:featuredmedia":[{"embeddable":true,"href":"https:\/\/www.bokshop.lu.se\/en\/wp-json\/wp\/v2\/media\/8680"}],"wp:attachment":[{"href":"https:\/\/www.bokshop.lu.se\/en\/wp-json\/wp\/v2\/media?parent=8678"}],"wp:term":[{"taxonomy":"product_brand","embeddable":true,"href":"https:\/\/www.bokshop.lu.se\/en\/wp-json\/wp\/v2\/product_brand?post=8678"},{"taxonomy":"product_cat","embeddable":true,"href":"https:\/\/www.bokshop.lu.se\/en\/wp-json\/wp\/v2\/product_cat?post=8678"},{"taxonomy":"product_tag","embeddable":true,"href":"https:\/\/www.bokshop.lu.se\/en\/wp-json\/wp\/v2\/product_tag?post=8678"}],"curies":[{"name":"wp","href":"https:\/\/api.w.org\/{rel}","templated":true}]}}