{"id":8627,"date":"2018-08-14T08:17:45","date_gmt":"2018-08-14T06:17:45","guid":{"rendered":"http:\/\/bokshop.lu.se.webbhotell.ldc.lu.se\/?post_type=product&#038;p=8627"},"modified":"2018-08-14T08:17:45","modified_gmt":"2018-08-14T06:17:45","slug":"systematiskt-sakerhetsarbete-och-beslutsfattande","status":"publish","type":"product","link":"https:\/\/www.bokshop.lu.se\/en\/produkt\/systematiskt-sakerhetsarbete-och-beslutsfattande\/","title":{"rendered":"Systematiskt s\u00e4kerhetsarbete och beslutsfattande"},"content":{"rendered":"<p>Sekuritet eller den s\u00e4kerhet i samma betydelse som engelskans security, handlar om det verksamhetsskydd f\u00f6r organisation, medarbetare och \u00f6vriga som beh\u00f6vs f\u00f6r att motverka fara, skada, f\u00f6rlust eller brott. Sekuritet \u00e4r d\u00e4rmed en fr\u00e5ga om trygghet. F\u00f6r att m\u00f6ta framtidens utmaningar har doktorandarbetet syftat till att studera och identifiera effektiva processer g\u00e4llande sekuritetshantering och beslutsfattande. Sekuritetshantering bygger oftast p\u00e5 bepr\u00f6vad erfarenhet och genom doktorandarbetet har detta arbetss\u00e4tt nu n\u00e4rmat sig en st\u00f6rre vetenskaplighet. Genom litteraturstudier har teorier om s\u00e4kra organisationer, framg\u00e5ngsfaktorer samt beslutsfattande identifierats och dessa har d\u00e4refter applicerats i modeller f\u00f6r att visualisera f\u00f6rslag till f\u00f6rb\u00e4ttrat systematiskt s\u00e4kerhetsarbete. Den fortsatta forskningen syftar bland annat till att p\u00e5 vetenskaplig grund studera och analysera uttryck och begrepp i s\u00e4kerhetpolicys, hur s\u00e4kerhetsfunktioner \u00e4r organisatoriskt placerade samt hur s\u00e4kerhetschefens roll ser ut vid svenska f\u00f6rvaltningsmyndigheter.<\/p>\n<p>Per Gustafson \u00e4r s\u00e4kerhetschef vid Lunds universitet sedan 2008 och publicerar nu sin filosofie licentiatavhandling i forsknings\u00e4mnet Arbetsmilj\u00f6teknik med inriktning mot sekuritetshantering. Per Gustafson har mer \u00e4n trettio \u00e5rs erfarenhet av att arbeta med s\u00e4kerhetsrelaterade fr\u00e5gor och under de senaste tjugo \u00e5ren inom akademin. Han har \u00e4ven tv\u00e5 \u00e5r i rad, 2015 och 2016, erh\u00e5llit utvecklingsmedel fr\u00e5n Stiftelsen Brand- och livf\u00f6rs\u00e4kringsaktiebolags Sk\u00e5nes jubileumsfond f\u00f6r brandskyddstekniska installationer.<\/p>\n","protected":false},"excerpt":{"rendered":"<p>Sekuritet eller den s\u00e4kerhet i samma betydelse som engelskans security, handlar om det verksamhetsskydd f\u00f6r organisation, medarbetare och \u00f6vriga som beh\u00f6vs f\u00f6r att motverka fara, skada, f\u00f6rlust eller brott. Sekuritet \u00e4r d\u00e4rmed en fr\u00e5ga om trygghet. F\u00f6r att m\u00f6ta framtidens utmaningar har doktorandarbetet syftat till att studera och identifiera effektiva processer g\u00e4llande sekuritetshantering och beslutsfattande. [&hellip;]<\/p>\n","protected":false},"featured_media":8628,"template":"","meta":{"_acf_changed":false,"_relevanssi_hide_post":"","_relevanssi_hide_content":"","_relevanssi_pin_for_all":"","_relevanssi_pin_keywords":"","_relevanssi_unpin_keywords":"","_relevanssi_related_keywords":"","_relevanssi_related_include_ids":"","_relevanssi_related_exclude_ids":"","_relevanssi_related_no_append":"","_relevanssi_related_not_related":"","_relevanssi_related_posts":"","_relevanssi_noindex_reason":""},"product_brand":[],"product_cat":[346],"product_tag":[],"class_list":{"0":"post-8627","1":"product","2":"type-product","3":"status-publish","4":"has-post-thumbnail","6":"product_cat-ergonomics-and-aerosol-technology","8":"first","9":"instock","10":"taxable","11":"shipping-taxable","12":"purchasable","13":"product-type-simple"},"acf":[],"_links":{"self":[{"href":"https:\/\/www.bokshop.lu.se\/en\/wp-json\/wp\/v2\/product\/8627","targetHints":{"allow":["GET"]}}],"collection":[{"href":"https:\/\/www.bokshop.lu.se\/en\/wp-json\/wp\/v2\/product"}],"about":[{"href":"https:\/\/www.bokshop.lu.se\/en\/wp-json\/wp\/v2\/types\/product"}],"wp:featuredmedia":[{"embeddable":true,"href":"https:\/\/www.bokshop.lu.se\/en\/wp-json\/wp\/v2\/media\/8628"}],"wp:attachment":[{"href":"https:\/\/www.bokshop.lu.se\/en\/wp-json\/wp\/v2\/media?parent=8627"}],"wp:term":[{"taxonomy":"product_brand","embeddable":true,"href":"https:\/\/www.bokshop.lu.se\/en\/wp-json\/wp\/v2\/product_brand?post=8627"},{"taxonomy":"product_cat","embeddable":true,"href":"https:\/\/www.bokshop.lu.se\/en\/wp-json\/wp\/v2\/product_cat?post=8627"},{"taxonomy":"product_tag","embeddable":true,"href":"https:\/\/www.bokshop.lu.se\/en\/wp-json\/wp\/v2\/product_tag?post=8627"}],"curies":[{"name":"wp","href":"https:\/\/api.w.org\/{rel}","templated":true}]}}