{"id":8610,"date":"2018-06-27T09:28:49","date_gmt":"2018-06-27T07:28:49","guid":{"rendered":"http:\/\/bokshop.lu.se.webbhotell.ldc.lu.se\/?post_type=product&#038;p=8610"},"modified":"2018-06-27T09:28:49","modified_gmt":"2018-06-27T07:28:49","slug":"mellan-sanning-och-konsekvens","status":"publish","type":"product","link":"https:\/\/www.bokshop.lu.se\/en\/produkt\/mellan-sanning-och-konsekvens\/","title":{"rendered":"Mellan sanning och konsekvens"},"content":{"rendered":"<p>Psykoterapi \u00e4r en metod f\u00f6r att skapa f\u00f6r\u00e4ndring hos patienten. Men vad \u00e4r det som ska f\u00f6r\u00e4ndras? Vad \u00e4r m\u00e5let med f\u00f6r\u00e4ndringen? Avhandlingen handlar om vad som kommit att kallas f\u00f6r den tredje generationens kognitiva beteendeterapier. Tre terapimodeller \u2013 Acceptance and Commitment Therapy, metakognitiv terapi och dialektisk beteendeterapi \u2013 analyseras f\u00f6r att beskriva hur teoretiska f\u00f6rklaringsmodeller av m\u00e4nniskans k\u00e4nslor, tankar och handlingar anv\u00e4nds f\u00f6r att producera kunskap om och intervenera i psykiskt lidande.<\/p>\n<p>Avhandlingen utg\u00e5r fr\u00e5n en f\u00f6rst\u00e5else av terapi som ett m\u00f6te mellan olika former av kunskap. Dessa kunskapsformer v\u00e4rderas p\u00e5 olika grunder. Terapins f\u00f6rklaringsmodell bed\u00f6ms utifr\u00e5n ett vetenskapligt ramverk med h\u00e4nsyn till utsagors sanningshalt, medan terapi som intervention i patientens situation och vardag bed\u00f6ms utifr\u00e5n ett pragmatiskt ramverk g\u00e4llande terapins konsekvenser f\u00f6r patienten. Avhandlingen \u00e4r en analys av m\u00f6tet mellan dessa kunskapsformer, samt av deras olika premisser och gr\u00e4nser.<\/p>\n<p>Avhandlingen utg\u00e5r fr\u00e5n den historiska epistemologins begreppsapparat och perspektiv. Historisk epistemologi anv\u00e4nds h\u00e4r som ett samlingsnamn f\u00f6r den id\u00e9str\u00f6mning som uppstod i Frankrike vid 1900-talets b\u00f6rjan och som behandlar det vetenskapliga t\u00e4nkandets s\u00e4rdrag. Avhandlingens teoretiska utg\u00e5ngspunkt tas i bland annat Gaston Bachelard, Georges Canguilhem, Louis Althusser och Michel Foucault.<\/p>\n","protected":false},"excerpt":{"rendered":"<p>Psykoterapi \u00e4r en metod f\u00f6r att skapa f\u00f6r\u00e4ndring hos patienten. Men vad \u00e4r det som ska f\u00f6r\u00e4ndras? Vad \u00e4r m\u00e5let med f\u00f6r\u00e4ndringen? Avhandlingen handlar om vad som kommit att kallas f\u00f6r den tredje generationens kognitiva beteendeterapier. Tre terapimodeller \u2013 Acceptance and Commitment Therapy, metakognitiv terapi och dialektisk beteendeterapi \u2013 analyseras f\u00f6r att beskriva hur teoretiska [&hellip;]<\/p>\n","protected":false},"featured_media":8611,"template":"","meta":{"_acf_changed":false,"_relevanssi_hide_post":"","_relevanssi_hide_content":"","_relevanssi_pin_for_all":"","_relevanssi_pin_keywords":"","_relevanssi_unpin_keywords":"","_relevanssi_related_keywords":"","_relevanssi_related_include_ids":"","_relevanssi_related_exclude_ids":"","_relevanssi_related_no_append":"","_relevanssi_related_not_related":"","_relevanssi_related_posts":"","_relevanssi_noindex_reason":""},"product_brand":[],"product_cat":[152],"product_tag":[],"class_list":{"0":"post-8610","1":"product","2":"type-product","3":"status-publish","4":"has-post-thumbnail","6":"product_cat-lund-dissertations-in-sociology-department-of-sociology","8":"first","9":"instock","10":"taxable","11":"shipping-taxable","12":"purchasable","13":"product-type-simple"},"acf":[],"_links":{"self":[{"href":"https:\/\/www.bokshop.lu.se\/en\/wp-json\/wp\/v2\/product\/8610","targetHints":{"allow":["GET"]}}],"collection":[{"href":"https:\/\/www.bokshop.lu.se\/en\/wp-json\/wp\/v2\/product"}],"about":[{"href":"https:\/\/www.bokshop.lu.se\/en\/wp-json\/wp\/v2\/types\/product"}],"wp:featuredmedia":[{"embeddable":true,"href":"https:\/\/www.bokshop.lu.se\/en\/wp-json\/wp\/v2\/media\/8611"}],"wp:attachment":[{"href":"https:\/\/www.bokshop.lu.se\/en\/wp-json\/wp\/v2\/media?parent=8610"}],"wp:term":[{"taxonomy":"product_brand","embeddable":true,"href":"https:\/\/www.bokshop.lu.se\/en\/wp-json\/wp\/v2\/product_brand?post=8610"},{"taxonomy":"product_cat","embeddable":true,"href":"https:\/\/www.bokshop.lu.se\/en\/wp-json\/wp\/v2\/product_cat?post=8610"},{"taxonomy":"product_tag","embeddable":true,"href":"https:\/\/www.bokshop.lu.se\/en\/wp-json\/wp\/v2\/product_tag?post=8610"}],"curies":[{"name":"wp","href":"https:\/\/api.w.org\/{rel}","templated":true}]}}