{"id":8602,"date":"2018-06-25T09:31:55","date_gmt":"2018-06-25T07:31:55","guid":{"rendered":"http:\/\/bokshop.lu.se.webbhotell.ldc.lu.se\/?post_type=product&#038;p=8602"},"modified":"2018-06-25T09:31:55","modified_gmt":"2018-06-25T07:31:55","slug":"hermeneutik-och-grammatik","status":"publish","type":"product","link":"https:\/\/www.bokshop.lu.se\/en\/produkt\/hermeneutik-och-grammatik\/","title":{"rendered":"Hermeneutik och grammatik"},"content":{"rendered":"<p>En stor del av spr\u00e5kvetenskapen har under l\u00e5ng tid f\u00f6rlitat sig p\u00e5 distinktioner som delar upp spr\u00e5ket i tv\u00e5 huvudsakliga sidor. Till s\u00e5dana distinktioner h\u00f6r langue och parole, som f\u00f6reslogs av Saussure, sprogbygning och sprogbrug, som f\u00f6reslogs av Hjelmslev, och competence och performance, som f\u00f6reslogs av Chomsky.<\/p>\n<p>I den h\u00e4r avhandlingen unders\u00f6ks tv\u00e5 s\u00e5dana sidor av spr\u00e5ket: spr\u00e5ket som tal och spr\u00e5ket som teknik. Dessa tv\u00e5 begrepp, som introduceras och utvecklas i avhandlingen, \u00e4r till skillnad fr\u00e5n m\u00e5nga liknande begrepp formulerade med ett helhetsbegrepp om spr\u00e5ket i \u00e5tanke. Syftet \u00e4r inte att privilegiera ena sidan av spr\u00e5ket, utan att visa hur tal och teknik \u00e4r tv\u00e5 spr\u00e5kliga funktionss\u00e4tt i samverkan, vilka f\u00f6ruts\u00e4tter varandra inom den spr\u00e5kliga helheten. Begreppen \u00e4r d\u00e4rtill fenomenologiskt grundade och kommer h\u00e4rmed att f\u00f6rbindas med tv\u00e5 olika inst\u00e4llningar till spr\u00e5ket: den hermeneutiska inst\u00e4llningen och den grammatiska inst\u00e4llningen. Begreppet om spr\u00e5ket som tal och teknik vilar allts\u00e5 p\u00e5 den evidens som st\u00e5r att finna i den spr\u00e5kliga erfarenheten.<\/p>\n<p>Unders\u00f6kningarna av spr\u00e5ket som tal och teknik r\u00f6r sig \u00f6ver ett stort omr\u00e5de och t\u00e4cker in fr\u00e5gor som traditionellt behandlas inom hermeneutik, grammatik, semantik och pragmatik. S\u00e4rskild vikt l\u00e4ggs p\u00e5 de olika sorters mening och struktur som finns inom spr\u00e5ket och som b\u00f6r h\u00e5llas is\u00e4r f\u00f6r att man ska kunna unders\u00f6ka spr\u00e5ket som helhet p\u00e5 ett systematiskt s\u00e4tt. Resultaten av unders\u00f6kningarna sammanfattas till sist i ett helhetsbegrepp om spr\u00e5ket.<\/p>\n","protected":false},"excerpt":{"rendered":"<p>En stor del av spr\u00e5kvetenskapen har under l\u00e5ng tid f\u00f6rlitat sig p\u00e5 distinktioner som delar upp spr\u00e5ket i tv\u00e5 huvudsakliga sidor. Till s\u00e5dana distinktioner h\u00f6r langue och parole, som f\u00f6reslogs av Saussure, sprogbygning och sprogbrug, som f\u00f6reslogs av Hjelmslev, och competence och performance, som f\u00f6reslogs av Chomsky. I den h\u00e4r avhandlingen unders\u00f6ks tv\u00e5 s\u00e5dana sidor [&hellip;]<\/p>\n","protected":false},"featured_media":8372,"template":"","meta":{"_acf_changed":false,"_relevanssi_hide_post":"","_relevanssi_hide_content":"","_relevanssi_pin_for_all":"","_relevanssi_pin_keywords":"","_relevanssi_unpin_keywords":"","_relevanssi_related_keywords":"","_relevanssi_related_include_ids":"","_relevanssi_related_exclude_ids":"","_relevanssi_related_no_append":"","_relevanssi_related_not_related":"","_relevanssi_related_posts":"","_relevanssi_noindex_reason":""},"product_brand":[],"product_cat":[98],"product_tag":[],"class_list":{"0":"post-8602","1":"product","2":"type-product","3":"status-publish","4":"has-post-thumbnail","6":"product_cat-lundastudier-i-nordisk-sprakvetenskap-serie-a","8":"first","9":"instock","10":"taxable","11":"shipping-taxable","12":"purchasable","13":"product-type-simple"},"acf":[],"_links":{"self":[{"href":"https:\/\/www.bokshop.lu.se\/en\/wp-json\/wp\/v2\/product\/8602","targetHints":{"allow":["GET"]}}],"collection":[{"href":"https:\/\/www.bokshop.lu.se\/en\/wp-json\/wp\/v2\/product"}],"about":[{"href":"https:\/\/www.bokshop.lu.se\/en\/wp-json\/wp\/v2\/types\/product"}],"wp:featuredmedia":[{"embeddable":true,"href":"https:\/\/www.bokshop.lu.se\/en\/wp-json\/wp\/v2\/media\/8372"}],"wp:attachment":[{"href":"https:\/\/www.bokshop.lu.se\/en\/wp-json\/wp\/v2\/media?parent=8602"}],"wp:term":[{"taxonomy":"product_brand","embeddable":true,"href":"https:\/\/www.bokshop.lu.se\/en\/wp-json\/wp\/v2\/product_brand?post=8602"},{"taxonomy":"product_cat","embeddable":true,"href":"https:\/\/www.bokshop.lu.se\/en\/wp-json\/wp\/v2\/product_cat?post=8602"},{"taxonomy":"product_tag","embeddable":true,"href":"https:\/\/www.bokshop.lu.se\/en\/wp-json\/wp\/v2\/product_tag?post=8602"}],"curies":[{"name":"wp","href":"https:\/\/api.w.org\/{rel}","templated":true}]}}