{"id":8544,"date":"2018-03-27T08:58:59","date_gmt":"2018-03-27T06:58:45","guid":{"rendered":"http:\/\/bokshop.lu.se.webbhotell.ldc.lu.se\/?post_type=product&#038;p=8544"},"modified":"2022-07-27T16:20:58","modified_gmt":"2022-07-27T14:20:58","slug":"bild-och-natur","status":"publish","type":"product","link":"https:\/\/www.bokshop.lu.se\/en\/produkt\/bild-och-natur\/","title":{"rendered":"Bild och natur"},"content":{"rendered":"<p>Ordet \u201cnatur\u2022\u009d s\u00e4gs vara spr\u00e5kets mest m\u00e5ngtydiga begrepp. Det st\u00e5r f\u00f6r det vilda \u2013 skogarna, haven, bergen, djuren. Men det \u00e4r ocks\u00e5 genomsyrat av m\u00e4nsklig historia, en spegelbild av m\u00e4nniskans f\u00f6rest\u00e4llningar om sig sj\u00e4lv, sitt samh\u00e4lle och v\u00e4rlden utanf\u00f6r samh\u00e4llet.<\/p>\n<p>I antologin Bild och natur visar tio konstvetare fr\u00e5n Lunds universitet hur naturen har gestaltats i bilder genom historien. Fr\u00e5n medeltida kyrkom\u00e5leri till nutidens datorspel och street art, fr\u00e5n konstfotografi till genetiska diagram \u2013 i dessa m\u00e5ngtydiga och fascinerande bilder f\u00e5r naturen ett synligt ansikte, blir konkret. Bokens ess\u00e4er tar sig an dessa olika naturbilder och visar att de samtidigt \u00e4r m\u00e5ngfacetterade portr\u00e4tt av oss sj\u00e4lva.<\/p>\n","protected":false},"excerpt":{"rendered":"<p>Ordet \u201cnatur\u2022\u009d s\u00e4gs vara spr\u00e5kets mest m\u00e5ngtydiga begrepp. Det st\u00e5r f\u00f6r det vilda \u2013 skogarna, haven, bergen, djuren. Men det \u00e4r ocks\u00e5 genomsyrat av m\u00e4nsklig historia, en spegelbild av m\u00e4nniskans f\u00f6rest\u00e4llningar om sig sj\u00e4lv, sitt samh\u00e4lle och v\u00e4rlden utanf\u00f6r samh\u00e4llet. I antologin Bild och natur visar tio konstvetare fr\u00e5n Lunds universitet hur naturen har gestaltats [&hellip;]<\/p>\n","protected":false},"featured_media":10421,"template":"","meta":{"_acf_changed":false,"_relevanssi_hide_post":"","_relevanssi_hide_content":"","_relevanssi_pin_for_all":"","_relevanssi_pin_keywords":"","_relevanssi_unpin_keywords":"","_relevanssi_related_keywords":"","_relevanssi_related_include_ids":"","_relevanssi_related_exclude_ids":"","_relevanssi_related_no_append":"","_relevanssi_related_not_related":"","_relevanssi_related_posts":"","_relevanssi_noindex_reason":""},"product_brand":[],"product_cat":[79],"product_tag":[],"class_list":{"0":"post-8544","1":"product","2":"type-product","3":"status-publish","4":"has-post-thumbnail","6":"product_cat-lund-studies-in-arts-and-cultural-sciences-cultural-sciences","8":"first","9":"instock","10":"taxable","11":"shipping-taxable","12":"purchasable","13":"product-type-simple"},"acf":[],"_links":{"self":[{"href":"https:\/\/www.bokshop.lu.se\/en\/wp-json\/wp\/v2\/product\/8544","targetHints":{"allow":["GET"]}}],"collection":[{"href":"https:\/\/www.bokshop.lu.se\/en\/wp-json\/wp\/v2\/product"}],"about":[{"href":"https:\/\/www.bokshop.lu.se\/en\/wp-json\/wp\/v2\/types\/product"}],"wp:featuredmedia":[{"embeddable":true,"href":"https:\/\/www.bokshop.lu.se\/en\/wp-json\/wp\/v2\/media\/10421"}],"wp:attachment":[{"href":"https:\/\/www.bokshop.lu.se\/en\/wp-json\/wp\/v2\/media?parent=8544"}],"wp:term":[{"taxonomy":"product_brand","embeddable":true,"href":"https:\/\/www.bokshop.lu.se\/en\/wp-json\/wp\/v2\/product_brand?post=8544"},{"taxonomy":"product_cat","embeddable":true,"href":"https:\/\/www.bokshop.lu.se\/en\/wp-json\/wp\/v2\/product_cat?post=8544"},{"taxonomy":"product_tag","embeddable":true,"href":"https:\/\/www.bokshop.lu.se\/en\/wp-json\/wp\/v2\/product_tag?post=8544"}],"curies":[{"name":"wp","href":"https:\/\/api.w.org\/{rel}","templated":true}]}}