{"id":8157,"date":"2018-03-19T11:29:50","date_gmt":"2017-09-12T10:39:05","guid":{"rendered":"http:\/\/bokshop.lu.se.webbhotell.ldc.lu.se\/?post_type=product&#038;p=8157&#038;lang=en"},"modified":"2017-09-12T12:39:05","modified_gmt":"2017-09-12T10:39:05","slug":"jag-kunde-atminstone-beratta-hur-jag-dodade-henne","status":"publish","type":"product","link":"https:\/\/www.bokshop.lu.se\/en\/produkt\/jag-kunde-atminstone-beratta-hur-jag-dodade-henne\/","title":{"rendered":"Jag kunde \u00e5tminstone ber\u00e4tta hur jag d\u00f6dade henne&#8230;"},"content":{"rendered":"<p><span style=\"\" >OM TRANSFORMERANDE, REHUMANISERANDE OCH F&Ouml;RSONANDE M&Ouml;JLIGHETER F&Ouml;R EN SKYLDIG M&Auml;NNISKA, MED UTG&Aring;NGSPUNKT I MARTIN BUBERS DISKUSSIONER KRING EXISTENTIELL SKULD.<\/p>\n<p>Hur kan det vara s&aring; att ett antal f&ouml;r&ouml;vare, d&ouml;mda f&ouml;r bland annat mord, ber&auml;ttar om befriande och m&auml;nskligg&ouml;rande erfarenheter d&aring; de m&ouml;tt sina brottsoffer och erk&auml;nt sin skuld inf&ouml;r dem? Kan det verkligen vara befriande att konfrontera sina egna destruktiva och om&auml;nskliga handlingar?<br \/>Utifr&aring;n kvalitativa intervjuer med ett antal d&ouml;mda f&ouml;r&ouml;vare p&aring; Pollsmoorf&auml;ngelset i Sydafrika, som tillika genomg&aring;tt ett reparativt r&auml;ttviseprogram och sedan m&ouml;tt sina brottsoffer, f&ouml;rs i denna avhandling religionsfilosofiska reflektioner med utg&aring;ngspunkt i filosofen Martin Bubers (1878-1965) existentiella skuldbegrepp. Med bidrag fr&aring;n den litauisk-franske filosofen Emmanuel L&eacute;vinas (1906-1995), den franske filosofen Paul Ricoeur (1913-2005) och den sydafrikanska psykologen och tillika trauma- och transformationsforskaren Pumla Gobodo-Madikizela, inkluderas reflektioner kring asymmetri, narrativitet, erk&auml;nnande, rehumanisering och f&ouml;rsoning. Syftet med avhandlingen &auml;r att erbjuda en religionsfilosofisk f&ouml;rst&aring;else kring vad det &auml;r som sker i det av f&ouml;rfattaren f&ouml;rmodade utrymmet mellan en existentiell skuldbearbetning och erfarenheter av befrielse, utifr&aring;n en skyldig m&auml;nniskas perspektiv.<br \/>Ulrica Fritzson &auml;r verksam som doktorand i religionsfilosofi vid Centrum f&ouml;r Teologi och Religionsvetenskap vid Lunds universitet. Hon &auml;r ocks&aring; pr&auml;st i Svenska Kyrkan och har arbetat som f&auml;ngelsepr&auml;st i Malm&ouml; under m&aring;nga &aring;r.<br \/><\/span><\/p>\n","protected":false},"excerpt":{"rendered":"<p>OM TRANSFORMERANDE, REHUMANISERANDE OCH F&Ouml;RSONANDE M&Ouml;JLIGHETER F&Ouml;R EN SKYLDIG M&Auml;NNISKA, MED UTG&Aring;NGSPUNKT I MARTIN BUBERS DISKUSSIONER KRING EXISTENTIELL SKULD. Hur kan det vara s&aring; att ett antal f&ouml;r&ouml;vare, d&ouml;mda f&ouml;r bland annat mord, ber&auml;ttar om befriande och m&auml;nskligg&ouml;rande erfarenheter d&aring; de m&ouml;tt sina brottsoffer och erk&auml;nt sin skuld inf&ouml;r dem? Kan det verkligen vara befriande [&hellip;]<\/p>\n","protected":false},"featured_media":8159,"template":"","meta":{"_acf_changed":false,"_relevanssi_hide_post":"","_relevanssi_hide_content":"","_relevanssi_pin_for_all":"","_relevanssi_pin_keywords":"","_relevanssi_unpin_keywords":"","_relevanssi_related_keywords":"","_relevanssi_related_include_ids":"","_relevanssi_related_exclude_ids":"","_relevanssi_related_no_append":"","_relevanssi_related_not_related":"","_relevanssi_related_posts":"","_relevanssi_noindex_reason":""},"product_brand":[],"product_cat":[63],"product_tag":[],"class_list":{"0":"post-8157","1":"product","2":"type-product","3":"status-publish","4":"has-post-thumbnail","6":"product_cat-non-serial-books-philosophy-and-religion","8":"first","9":"instock","10":"taxable","11":"shipping-taxable","12":"purchasable","13":"product-type-simple"},"acf":[],"_links":{"self":[{"href":"https:\/\/www.bokshop.lu.se\/en\/wp-json\/wp\/v2\/product\/8157","targetHints":{"allow":["GET"]}}],"collection":[{"href":"https:\/\/www.bokshop.lu.se\/en\/wp-json\/wp\/v2\/product"}],"about":[{"href":"https:\/\/www.bokshop.lu.se\/en\/wp-json\/wp\/v2\/types\/product"}],"wp:featuredmedia":[{"embeddable":true,"href":"https:\/\/www.bokshop.lu.se\/en\/wp-json\/wp\/v2\/media\/8159"}],"wp:attachment":[{"href":"https:\/\/www.bokshop.lu.se\/en\/wp-json\/wp\/v2\/media?parent=8157"}],"wp:term":[{"taxonomy":"product_brand","embeddable":true,"href":"https:\/\/www.bokshop.lu.se\/en\/wp-json\/wp\/v2\/product_brand?post=8157"},{"taxonomy":"product_cat","embeddable":true,"href":"https:\/\/www.bokshop.lu.se\/en\/wp-json\/wp\/v2\/product_cat?post=8157"},{"taxonomy":"product_tag","embeddable":true,"href":"https:\/\/www.bokshop.lu.se\/en\/wp-json\/wp\/v2\/product_tag?post=8157"}],"curies":[{"name":"wp","href":"https:\/\/api.w.org\/{rel}","templated":true}]}}