{"id":8112,"date":"2018-03-19T12:54:37","date_gmt":"2017-09-04T09:31:01","guid":{"rendered":"http:\/\/bokshop.lu.se.webbhotell.ldc.lu.se\/?post_type=product&#038;p=8112&#038;lang=en"},"modified":"2017-09-04T11:31:01","modified_gmt":"2017-09-04T09:31:01","slug":"ny-vag-till-nya-vagar-och-jarnvagar","status":"publish","type":"product","link":"https:\/\/www.bokshop.lu.se\/en\/produkt\/ny-vag-till-nya-vagar-och-jarnvagar\/","title":{"rendered":"Ny v\u00e4g till nya v\u00e4gar och j\u00e4rnv\u00e4gar"},"content":{"rendered":"<p><span style=\"\" >Hur g&aring;r det egentligen till n&auml;r beslut fattas om nya, och f&ouml;r skattebetalarna kostsamma, v&auml;g- och j&auml;rnv&auml;gsinvesteringar? Fattas besluten p&aring; basis av objektiva utredningar och noggranna kalkyler, eller &auml;r de ett resultat av politiska f&ouml;rhandlingar och spel mellan olika intressen? I denna avhandling unders&ouml;ks investeringsplanering som politisk beslutsprocess dels genom en analys av hur planeringen har vuxit fram och institutionaliserats under ett drygt halvsekel, dels genom en detaljerad studie av den process som ledde fram till en omfattande satsning p&aring; transportinfrastruktur som presenterades av regeringen i mars 2010. Ett nytt inslag i processen var att staten f&ouml;rs&ouml;kte f&aring; andra, i synnerhet kommuner och regioner, att st&aring; f&ouml;r delar av kostnaden. S&auml;rskilt fokus riktas i avhandlingen mot hur lokala, regionala och nationella akt&ouml;rer interagerar i planeringsprocessen, samt mot de instrument som anv&auml;nds f&ouml;r att styra och koordinera beslutsfattandet. Avhandlingen visar att investeringsplanering grundar sig p&aring; en teknokratisk, rationalistisk syn p&aring; beslutsfattande, men att det under senare decennier skett en f&ouml;rskjutning mot ett mer pragmatiskt f&ouml;rh&aring;llningss&auml;tt. Nya s&auml;tt att finansiera investeringar &auml;r ett tydligt tecken p&aring; denna utveckling.<\/span><\/p>\n","protected":false},"excerpt":{"rendered":"<p>Hur g&aring;r det egentligen till n&auml;r beslut fattas om nya, och f&ouml;r skattebetalarna kostsamma, v&auml;g- och j&auml;rnv&auml;gsinvesteringar? Fattas besluten p&aring; basis av objektiva utredningar och noggranna kalkyler, eller &auml;r de ett resultat av politiska f&ouml;rhandlingar och spel mellan olika intressen? I denna avhandling unders&ouml;ks investeringsplanering som politisk beslutsprocess dels genom en analys av hur planeringen [&hellip;]<\/p>\n","protected":false},"featured_media":8114,"template":"","meta":{"_acf_changed":false,"_relevanssi_hide_post":"","_relevanssi_hide_content":"","_relevanssi_pin_for_all":"","_relevanssi_pin_keywords":"","_relevanssi_unpin_keywords":"","_relevanssi_related_keywords":"","_relevanssi_related_include_ids":"","_relevanssi_related_exclude_ids":"","_relevanssi_related_no_append":"","_relevanssi_related_not_related":"","_relevanssi_related_posts":"","_relevanssi_noindex_reason":""},"product_brand":[],"product_cat":[238],"product_tag":[],"class_list":{"0":"post-8112","1":"product","2":"type-product","3":"status-publish","4":"has-post-thumbnail","6":"product_cat-global-political-studies","8":"first","9":"instock","10":"taxable","11":"shipping-taxable","12":"purchasable","13":"product-type-simple"},"acf":[],"_links":{"self":[{"href":"https:\/\/www.bokshop.lu.se\/en\/wp-json\/wp\/v2\/product\/8112","targetHints":{"allow":["GET"]}}],"collection":[{"href":"https:\/\/www.bokshop.lu.se\/en\/wp-json\/wp\/v2\/product"}],"about":[{"href":"https:\/\/www.bokshop.lu.se\/en\/wp-json\/wp\/v2\/types\/product"}],"wp:featuredmedia":[{"embeddable":true,"href":"https:\/\/www.bokshop.lu.se\/en\/wp-json\/wp\/v2\/media\/8114"}],"wp:attachment":[{"href":"https:\/\/www.bokshop.lu.se\/en\/wp-json\/wp\/v2\/media?parent=8112"}],"wp:term":[{"taxonomy":"product_brand","embeddable":true,"href":"https:\/\/www.bokshop.lu.se\/en\/wp-json\/wp\/v2\/product_brand?post=8112"},{"taxonomy":"product_cat","embeddable":true,"href":"https:\/\/www.bokshop.lu.se\/en\/wp-json\/wp\/v2\/product_cat?post=8112"},{"taxonomy":"product_tag","embeddable":true,"href":"https:\/\/www.bokshop.lu.se\/en\/wp-json\/wp\/v2\/product_tag?post=8112"}],"curies":[{"name":"wp","href":"https:\/\/api.w.org\/{rel}","templated":true}]}}