{"id":8090,"date":"2018-03-19T09:35:57","date_gmt":"2017-09-01T10:00:16","guid":{"rendered":"http:\/\/bokshop.lu.se.webbhotell.ldc.lu.se\/?post_type=product&#038;p=8090&#038;lang=en"},"modified":"2017-09-01T12:00:16","modified_gmt":"2017-09-01T10:00:16","slug":"ar-det-sa-har-vi-ar","status":"publish","type":"product","link":"https:\/\/www.bokshop.lu.se\/en\/produkt\/ar-det-sa-har-vi-ar\/","title":{"rendered":"\u00c4r det s\u00e5 h\u00e4r vi \u00e4r"},"content":{"rendered":"<p><span style=\"\" >Social snedrekrytering, klassresor och m&aring;ngfald i h&ouml;gskolan &auml;r &auml;mnen som behandlas i &ldquo;&Auml;r det s&aring; h&auml;r vi &auml;r&rdquo; &ndash; om utbildning som normalitet och om produktionen av studenter. 58 studenter med varierande bakgrund beskriver sitt studieval och sina upplevelser av m&ouml;tet med och vistelsen i h&ouml;gskolemilj&ouml;n.<\/p>\n<p>Hur mycket skiljer sig &rdquo;klassresen&auml;rer&rdquo; fr&aring;n &rdquo;arvtagare&rdquo;? Upplever kvinnor och m&auml;n vistelsen i h&ouml;gskolan likadant? Finns det olikheter i hur studenter med svensk och utl&auml;ndsk bakgrund beskriver varf&ouml;r de b&ouml;rjat studera? <\/p>\n<p>H&auml;r analyseras de olika studentgruppernas ber&auml;ttelser i f&ouml;rh&aring;llande till varandra, och s&auml;tt i relation till det &ouml;kade utrymme utbildning f&aring;tt i samh&auml;lldebatten, n&auml;r h&ouml;gre utbildning inte l&auml;ngre betraktas som n&aring;got exklusivt, utan kanske som en &rdquo;normalitet&rdquo;<\/p>\n<p>Lars-Olof Hilding &auml;r sociolog, verksam vid H&ouml;gskolan i Halmstad och Lunds Universitet. &rdquo;&Auml;r det s&aring; h&auml;r vi &auml;r&rdquo; &auml;r hans doktorsavhandling.<br \/><\/span><\/p>\n","protected":false},"excerpt":{"rendered":"<p>Social snedrekrytering, klassresor och m&aring;ngfald i h&ouml;gskolan &auml;r &auml;mnen som behandlas i &ldquo;&Auml;r det s&aring; h&auml;r vi &auml;r&rdquo; &ndash; om utbildning som normalitet och om produktionen av studenter. 58 studenter med varierande bakgrund beskriver sitt studieval och sina upplevelser av m&ouml;tet med och vistelsen i h&ouml;gskolemilj&ouml;n. Hur mycket skiljer sig &rdquo;klassresen&auml;rer&rdquo; fr&aring;n &rdquo;arvtagare&rdquo;? Upplever kvinnor [&hellip;]<\/p>\n","protected":false},"featured_media":8092,"template":"","meta":{"_acf_changed":false,"_relevanssi_hide_post":"","_relevanssi_hide_content":"","_relevanssi_pin_for_all":"","_relevanssi_pin_keywords":"","_relevanssi_unpin_keywords":"","_relevanssi_related_keywords":"","_relevanssi_related_include_ids":"","_relevanssi_related_exclude_ids":"","_relevanssi_related_no_append":"","_relevanssi_related_not_related":"","_relevanssi_related_posts":"","_relevanssi_noindex_reason":""},"product_brand":[],"product_cat":[152],"product_tag":[],"class_list":{"0":"post-8090","1":"product","2":"type-product","3":"status-publish","4":"has-post-thumbnail","6":"product_cat-lund-dissertations-in-sociology-department-of-sociology","8":"first","9":"instock","10":"taxable","11":"shipping-taxable","12":"purchasable","13":"product-type-simple"},"acf":[],"_links":{"self":[{"href":"https:\/\/www.bokshop.lu.se\/en\/wp-json\/wp\/v2\/product\/8090","targetHints":{"allow":["GET"]}}],"collection":[{"href":"https:\/\/www.bokshop.lu.se\/en\/wp-json\/wp\/v2\/product"}],"about":[{"href":"https:\/\/www.bokshop.lu.se\/en\/wp-json\/wp\/v2\/types\/product"}],"wp:featuredmedia":[{"embeddable":true,"href":"https:\/\/www.bokshop.lu.se\/en\/wp-json\/wp\/v2\/media\/8092"}],"wp:attachment":[{"href":"https:\/\/www.bokshop.lu.se\/en\/wp-json\/wp\/v2\/media?parent=8090"}],"wp:term":[{"taxonomy":"product_brand","embeddable":true,"href":"https:\/\/www.bokshop.lu.se\/en\/wp-json\/wp\/v2\/product_brand?post=8090"},{"taxonomy":"product_cat","embeddable":true,"href":"https:\/\/www.bokshop.lu.se\/en\/wp-json\/wp\/v2\/product_cat?post=8090"},{"taxonomy":"product_tag","embeddable":true,"href":"https:\/\/www.bokshop.lu.se\/en\/wp-json\/wp\/v2\/product_tag?post=8090"}],"curies":[{"name":"wp","href":"https:\/\/api.w.org\/{rel}","templated":true}]}}