{"id":7955,"date":"2018-03-19T09:35:53","date_gmt":"2017-08-30T08:35:31","guid":{"rendered":"http:\/\/bokshop.lu.se.webbhotell.ldc.lu.se\/?post_type=product&#038;p=7955&#038;lang=en"},"modified":"2017-08-30T10:35:31","modified_gmt":"2017-08-30T08:35:31","slug":"projekt-trapphuset-rosengard-utbildningsverkstad-och-empowermentstation-for-invandrarkvinnor-pa-vag-mot-arbete","status":"publish","type":"product","link":"https:\/\/www.bokshop.lu.se\/en\/produkt\/projekt-trapphuset-rosengard-utbildningsverkstad-och-empowermentstation-for-invandrarkvinnor-pa-vag-mot-arbete\/","title":{"rendered":"Projekt Trapphuset Roseng\u00e5rd: Utbildningsverkstad och empowermentstation f\u00f6r invandrarkvinnor p\u00e5 v\u00e4g mot arbete"},"content":{"rendered":"<p><span style=\"\" >Projekt Trapphuset Roseng&aring;rd, Malm&ouml;, inleddes i maj 2008 och avslutades i april 2010. Projektet &auml;r en efterf&ouml;ljare till projekt Trappan, som p&aring;gick under perioden februari 2006 till juni 2007. B&aring;da projekten har byggt p&aring; samarbete med AUC\/AIC Roseng&aring;rd och ABF\/ABL Malm&ouml;, samt finansierats av medel fr&aring;n Europeiska Socialfonden och medfinansierats av Malm&ouml; Stad. Den h&auml;r utv&auml;rderingsrapporten avser det andra och avslutande projekt Trapphuset.<br \/>M&aring;lgruppen f&ouml;r projekt Trapphuset var arbetsl&ouml;sa invandrarkvinnor som p&aring; grund av l&aring;g utbildning, ringa eller obefintlig arbetslivserfarenhet samt begr&auml;nsade kunskaper i svenska spr&aring;ket haft sv&aring;rt att sig in p&aring; arbetsmarknaden. Syftet f&ouml;r projektet var att fr&auml;mja deltagarnas m&ouml;jligheter till arbete och f&ouml;rs&ouml;rjning genom kompetensutveckling (utbildning och praktik), empowerment, samt kunskaper om entrepren&ouml;rskap och kooperativt arbete.<br \/>Utv&auml;rderingens slutsats &auml;r att projektet p&aring; fullgott s&auml;tt har genomf&ouml;rt m&aring;len. Tv&aring; av projektets viktigaste resultat &auml;r den ideella f&ouml;reningen Yalla Trappan, som bildades av deltagarna och centrala projektakt&ouml;rer under projektperioden, samt etableringen av en ny arbets- och m&ouml;tesplats i Roseng&aring;rd p&aring; von Rosens v&auml;g 1.<br \/>I utv&auml;rderingsrapporten unders&ouml;ks fr&aring;gan vad projektets resultat beror p&aring; och vilka faktorer i genomf&ouml;randeprocessen som har hindrat eller fr&auml;mjat projektets f&ouml;rverkligande. Rapporten kan vara av intresse f&ouml;r alla som planerar f&ouml;r eller redan medverkar i den h&auml;r typen av arbetsmarknadsrelaterade projekt.<\/p>\n<p>Eva Friis &auml;r filosofie doktor i r&auml;ttssociologi, och verksam som forskare och lektor vid R&auml;ttssociologiska enheten, Lunds universitet.<br \/><\/span><\/p>\n","protected":false},"excerpt":{"rendered":"<p>Projekt Trapphuset Roseng&aring;rd, Malm&ouml;, inleddes i maj 2008 och avslutades i april 2010. Projektet &auml;r en efterf&ouml;ljare till projekt Trappan, som p&aring;gick under perioden februari 2006 till juni 2007. B&aring;da projekten har byggt p&aring; samarbete med AUC\/AIC Roseng&aring;rd och ABF\/ABL Malm&ouml;, samt finansierats av medel fr&aring;n Europeiska Socialfonden och medfinansierats av Malm&ouml; Stad. Den h&auml;r [&hellip;]<\/p>\n","protected":false},"featured_media":7957,"template":"","meta":{"_acf_changed":false,"_relevanssi_hide_post":"","_relevanssi_hide_content":"","_relevanssi_pin_for_all":"","_relevanssi_pin_keywords":"","_relevanssi_unpin_keywords":"","_relevanssi_related_keywords":"","_relevanssi_related_include_ids":"","_relevanssi_related_exclude_ids":"","_relevanssi_related_no_append":"","_relevanssi_related_not_related":"","_relevanssi_related_posts":"","_relevanssi_noindex_reason":""},"product_brand":[],"product_cat":[226],"product_tag":[],"class_list":{"0":"post-7955","1":"product","2":"type-product","3":"status-publish","4":"has-post-thumbnail","6":"product_cat-research-report-in-sociology-of-law-sociology-of-law-department","8":"first","9":"instock","10":"taxable","11":"shipping-taxable","12":"purchasable","13":"product-type-simple"},"acf":[],"_links":{"self":[{"href":"https:\/\/www.bokshop.lu.se\/en\/wp-json\/wp\/v2\/product\/7955","targetHints":{"allow":["GET"]}}],"collection":[{"href":"https:\/\/www.bokshop.lu.se\/en\/wp-json\/wp\/v2\/product"}],"about":[{"href":"https:\/\/www.bokshop.lu.se\/en\/wp-json\/wp\/v2\/types\/product"}],"wp:featuredmedia":[{"embeddable":true,"href":"https:\/\/www.bokshop.lu.se\/en\/wp-json\/wp\/v2\/media\/7957"}],"wp:attachment":[{"href":"https:\/\/www.bokshop.lu.se\/en\/wp-json\/wp\/v2\/media?parent=7955"}],"wp:term":[{"taxonomy":"product_brand","embeddable":true,"href":"https:\/\/www.bokshop.lu.se\/en\/wp-json\/wp\/v2\/product_brand?post=7955"},{"taxonomy":"product_cat","embeddable":true,"href":"https:\/\/www.bokshop.lu.se\/en\/wp-json\/wp\/v2\/product_cat?post=7955"},{"taxonomy":"product_tag","embeddable":true,"href":"https:\/\/www.bokshop.lu.se\/en\/wp-json\/wp\/v2\/product_tag?post=7955"}],"curies":[{"name":"wp","href":"https:\/\/api.w.org\/{rel}","templated":true}]}}