{"id":7899,"date":"2019-09-04T09:21:45","date_gmt":"2017-08-28T11:16:41","guid":{"rendered":"http:\/\/bokshop.lu.se.webbhotell.ldc.lu.se\/?post_type=product&#038;p=7899&#038;lang=en"},"modified":"2022-08-29T09:17:56","modified_gmt":"2022-08-29T07:17:56","slug":"tillampad-atomfysik","status":"publish","type":"product","link":"https:\/\/www.bokshop.lu.se\/en\/produkt\/tillampad-atomfysik\/","title":{"rendered":"UTG\u0160TT -Till\u00e4mpad Atomfysik"},"content":{"rendered":"<p>Boken har utg\u00e5tt och ersatts med en ny. ISBN 978-91-519-0554-9.<\/p>\n","protected":false},"excerpt":{"rendered":"<p>Boken har utg\u00e5tt och ersatts med en ny. ISBN 978-91-519-0554-9.<\/p>\n","protected":false},"featured_media":7901,"template":"","meta":{"_acf_changed":false,"_relevanssi_hide_post":"","_relevanssi_hide_content":"","_relevanssi_pin_for_all":"","_relevanssi_pin_keywords":"","_relevanssi_unpin_keywords":"","_relevanssi_related_keywords":"","_relevanssi_related_include_ids":"","_relevanssi_related_exclude_ids":"","_relevanssi_related_no_append":"","_relevanssi_related_not_related":"","_relevanssi_related_posts":"","_relevanssi_noindex_reason":""},"product_brand":[],"product_cat":[266],"product_tag":[],"class_list":{"0":"post-7899","1":"product","2":"type-product","3":"status-publish","4":"has-post-thumbnail","6":"product_cat-teach-support-other-books","8":"first","9":"outofstock","10":"taxable","11":"shipping-taxable","12":"purchasable","13":"product-type-simple"},"acf":[],"_links":{"self":[{"href":"https:\/\/www.bokshop.lu.se\/en\/wp-json\/wp\/v2\/product\/7899","targetHints":{"allow":["GET"]}}],"collection":[{"href":"https:\/\/www.bokshop.lu.se\/en\/wp-json\/wp\/v2\/product"}],"about":[{"href":"https:\/\/www.bokshop.lu.se\/en\/wp-json\/wp\/v2\/types\/product"}],"wp:featuredmedia":[{"embeddable":true,"href":"https:\/\/www.bokshop.lu.se\/en\/wp-json\/wp\/v2\/media\/7901"}],"wp:attachment":[{"href":"https:\/\/www.bokshop.lu.se\/en\/wp-json\/wp\/v2\/media?parent=7899"}],"wp:term":[{"taxonomy":"product_brand","embeddable":true,"href":"https:\/\/www.bokshop.lu.se\/en\/wp-json\/wp\/v2\/product_brand?post=7899"},{"taxonomy":"product_cat","embeddable":true,"href":"https:\/\/www.bokshop.lu.se\/en\/wp-json\/wp\/v2\/product_cat?post=7899"},{"taxonomy":"product_tag","embeddable":true,"href":"https:\/\/www.bokshop.lu.se\/en\/wp-json\/wp\/v2\/product_tag?post=7899"}],"curies":[{"name":"wp","href":"https:\/\/api.w.org\/{rel}","templated":true}]}}