{"id":7787,"date":"2018-03-19T11:28:48","date_gmt":"2017-08-10T10:44:38","guid":{"rendered":"http:\/\/bokshop.lu.se.webbhotell.ldc.lu.se\/?post_type=product&#038;p=7787&#038;lang=en"},"modified":"2017-08-10T12:44:38","modified_gmt":"2017-08-10T10:44:38","slug":"heliga-foremal-och-religiosa-ting","status":"publish","type":"product","link":"https:\/\/www.bokshop.lu.se\/en\/produkt\/heliga-foremal-och-religiosa-ting\/","title":{"rendered":"Heliga f\u00f6rem\u00e5l och religi\u00f6sa ting"},"content":{"rendered":"<p><span style=\"\" >En unik samling medeltida skatter fr&aring;n sk&aring;nska kyrkor finns bevarade till v&aring;ra dagar. Dessa liturgiska f&ouml;rem&aring;l som anv&auml;nts i gudstj&auml;nstens cermoniel, beskrivs h&auml;r i ord och bild. Guldsmedernas och bronsgjutarnas praktfulla alster belyses utifr&aring;n sin funktion och sitt stilhistoriska sammanhang. Personliga &auml;godelar s&aring;som smycken och pilgrimsm&auml;rken ger oss samtidigt en inblick i hur den kristna kulturen formade m&auml;nniskans vardag under medeltiden. <\/p>\n<p>F&ouml;rem&aring;len finns utst&auml;llda p&aring; Lunds Universitets Historiska Museum.<\/span><\/p>\n","protected":false},"excerpt":{"rendered":"<p>En unik samling medeltida skatter fr&aring;n sk&aring;nska kyrkor finns bevarade till v&aring;ra dagar. Dessa liturgiska f&ouml;rem&aring;l som anv&auml;nts i gudstj&auml;nstens cermoniel, beskrivs h&auml;r i ord och bild. Guldsmedernas och bronsgjutarnas praktfulla alster belyses utifr&aring;n sin funktion och sitt stilhistoriska sammanhang. Personliga &auml;godelar s&aring;som smycken och pilgrimsm&auml;rken ger oss samtidigt en inblick i hur den kristna [&hellip;]<\/p>\n","protected":false},"featured_media":7795,"template":"","meta":{"_acf_changed":false,"_relevanssi_hide_post":"","_relevanssi_hide_content":"","_relevanssi_pin_for_all":"","_relevanssi_pin_keywords":"","_relevanssi_unpin_keywords":"","_relevanssi_related_keywords":"","_relevanssi_related_include_ids":"","_relevanssi_related_exclude_ids":"","_relevanssi_related_no_append":"","_relevanssi_related_not_related":"","_relevanssi_related_posts":"","_relevanssi_noindex_reason":""},"product_brand":[],"product_cat":[330],"product_tag":[],"class_list":{"0":"post-7787","1":"product","2":"type-product","3":"status-publish","4":"has-post-thumbnail","6":"product_cat-the-historical-museum-at-lund-university","8":"first","9":"instock","10":"taxable","11":"shipping-taxable","12":"purchasable","13":"product-type-simple"},"acf":[],"_links":{"self":[{"href":"https:\/\/www.bokshop.lu.se\/en\/wp-json\/wp\/v2\/product\/7787","targetHints":{"allow":["GET"]}}],"collection":[{"href":"https:\/\/www.bokshop.lu.se\/en\/wp-json\/wp\/v2\/product"}],"about":[{"href":"https:\/\/www.bokshop.lu.se\/en\/wp-json\/wp\/v2\/types\/product"}],"wp:featuredmedia":[{"embeddable":true,"href":"https:\/\/www.bokshop.lu.se\/en\/wp-json\/wp\/v2\/media\/7795"}],"wp:attachment":[{"href":"https:\/\/www.bokshop.lu.se\/en\/wp-json\/wp\/v2\/media?parent=7787"}],"wp:term":[{"taxonomy":"product_brand","embeddable":true,"href":"https:\/\/www.bokshop.lu.se\/en\/wp-json\/wp\/v2\/product_brand?post=7787"},{"taxonomy":"product_cat","embeddable":true,"href":"https:\/\/www.bokshop.lu.se\/en\/wp-json\/wp\/v2\/product_cat?post=7787"},{"taxonomy":"product_tag","embeddable":true,"href":"https:\/\/www.bokshop.lu.se\/en\/wp-json\/wp\/v2\/product_tag?post=7787"}],"curies":[{"name":"wp","href":"https:\/\/api.w.org\/{rel}","templated":true}]}}