{"id":7540,"date":"2018-03-19T09:33:06","date_gmt":"2017-06-15T13:32:24","guid":{"rendered":"http:\/\/bokshop.lu.se.webbhotell.ldc.lu.se\/?post_type=product&#038;p=7540&#038;lang=en"},"modified":"2017-06-15T15:32:24","modified_gmt":"2017-06-15T13:32:24","slug":"att-skapa-goda-arbetsmiljoer-med-hjalp-av-design-och-jamnstalldhet","status":"publish","type":"product","link":"https:\/\/www.bokshop.lu.se\/en\/produkt\/att-skapa-goda-arbetsmiljoer-med-hjalp-av-design-och-jamnstalldhet\/","title":{"rendered":"Att skapa goda arbetsmilj\u00f6er -med hj\u00e4lp av design och j\u00e4mnst\u00e4lldhet"},"content":{"rendered":"<p><span style=\"\" >Under drygt ett &aring;rs tid har R&auml;ttssociologi vid Lunds universitet p&aring; uppdrag<br \/>av projektet Sk&aring;ne i god form f&ouml;ljt hur projektet har fortl&ouml;pt, hur de<br \/>anst&auml;llda har det p&aring; sina arbetsplatser och hur de anst&auml;llda i samverkan<br \/>med olika akt&ouml;rer inom ramen f&ouml;r projektet har arbetat f&ouml;r att f&ouml;r&auml;ndra och f&ouml;rb&auml;ttra arbetsmilj&ouml;n p&aring; sin arbetsplats. Om och hur j&auml;mst&auml;lldhet och design har varit anv&auml;ndbara verktyg f&ouml;r att uppn&aring; de m&aring;l som projektet Sk&aring;ne i god form sagt sig efterstr&auml;va &auml;r tv&aring; centrala fr&aring;gor som lyfts fram och analyseras i utv&auml;rderingsrapporten.<\/p>\n<p>M&aring;l 3-projektet Sk&aring;ne i god form, som &auml;r ett samarbetsprojekt mellan Svensk Industridesign, LO-distriktet i Sk&aring;ne och Svenska ESF-r&aring;det, har f&ouml;rs&ouml;kt f&ouml;r&auml;ndra och f&ouml;rb&auml;ttra LO-medlemmars arbetsmilj&ouml; samt skapa tillg&auml;ngliga och attraktiva arbetsplatser f&ouml;r kvinnor och m&auml;n. I detta f&ouml;r&auml;ndringsarbete har man valt att ta hj&auml;lp av design och j&auml;mst&auml;lldhet som tv&aring; viktiga arbetsredskap. Projektet &auml;r baserat p&aring; m&ouml;jligheten att utifr&aring;n ett j&auml;mst&auml;lldhetsperspektiv f&ouml;r&auml;ndra s&aring;v&auml;l normer och handlingsm&ouml;nster som det fysiska rummet, s&aring;som gemensamma utrymmen p&aring; arbetsplatsen och arbetsredskap.<\/p>\n<p>Anst&auml;llda vid tv&aring; manligt dominerade arbetsplatser inom offentlig sektor,<br \/>Malm&ouml; brandk&aring;r och postkontoret i Fosie, har deltagit i projektet. Inom ramen f&ouml;r projektet har de anst&auml;llda f&aring;tt arbeta med v&auml;rderingsfr&aring;gor men har ocks&aring; givits m&ouml;jlighet att tillsammans med en designer ta fram ett arbetsredskap som kan g&ouml;ra arbetsplatsen mer tillg&auml;nglig f&ouml;r alla, b&aring;de kvinnor och m&auml;n.<\/p>\n<p>Vi har en j&auml;mst&auml;lldhetslag som f&ouml;reskriver att alla arbetsgivare skall arbeta aktivt och m&aring;linriktat f&ouml;r att fr&auml;mja j&auml;mst&auml;lldhet mellan kvinnor och m&auml;n. Att det finns en lag och att det finns en statlig myndighet (J&Auml;MO) som skall &ouml;vervaka lagens efterlevnad &auml;r en sak, hur det sedan ser ut p&aring; olika arbetsplatser &auml;r en helt annan. Det beh&ouml;vs d&auml;rf&ouml;r st&auml;ndigt nya grepp och nya id&eacute;er kring hur man praktiskt kan g&aring; tillv&auml;ga i j&auml;mst&auml;lldhetsarbetet p&aring; v&aring;ra arbetsplatser runt om i landet.<\/span><\/p>\n","protected":false},"excerpt":{"rendered":"<p>Under drygt ett &aring;rs tid har R&auml;ttssociologi vid Lunds universitet p&aring; uppdragav projektet Sk&aring;ne i god form f&ouml;ljt hur projektet har fortl&ouml;pt, hur deanst&auml;llda har det p&aring; sina arbetsplatser och hur de anst&auml;llda i samverkanmed olika akt&ouml;rer inom ramen f&ouml;r projektet har arbetat f&ouml;r att f&ouml;r&auml;ndra och f&ouml;rb&auml;ttra arbetsmilj&ouml;n p&aring; sin arbetsplats. Om och hur [&hellip;]<\/p>\n","protected":false},"featured_media":7542,"template":"","meta":{"_acf_changed":false,"_relevanssi_hide_post":"","_relevanssi_hide_content":"","_relevanssi_pin_for_all":"","_relevanssi_pin_keywords":"","_relevanssi_unpin_keywords":"","_relevanssi_related_keywords":"","_relevanssi_related_include_ids":"","_relevanssi_related_exclude_ids":"","_relevanssi_related_no_append":"","_relevanssi_related_not_related":"","_relevanssi_related_posts":"","_relevanssi_noindex_reason":""},"product_brand":[],"product_cat":[226],"product_tag":[],"class_list":{"0":"post-7540","1":"product","2":"type-product","3":"status-publish","4":"has-post-thumbnail","6":"product_cat-research-report-in-sociology-of-law-sociology-of-law-department","8":"first","9":"instock","10":"taxable","11":"shipping-taxable","12":"purchasable","13":"product-type-simple"},"acf":[],"_links":{"self":[{"href":"https:\/\/www.bokshop.lu.se\/en\/wp-json\/wp\/v2\/product\/7540","targetHints":{"allow":["GET"]}}],"collection":[{"href":"https:\/\/www.bokshop.lu.se\/en\/wp-json\/wp\/v2\/product"}],"about":[{"href":"https:\/\/www.bokshop.lu.se\/en\/wp-json\/wp\/v2\/types\/product"}],"wp:featuredmedia":[{"embeddable":true,"href":"https:\/\/www.bokshop.lu.se\/en\/wp-json\/wp\/v2\/media\/7542"}],"wp:attachment":[{"href":"https:\/\/www.bokshop.lu.se\/en\/wp-json\/wp\/v2\/media?parent=7540"}],"wp:term":[{"taxonomy":"product_brand","embeddable":true,"href":"https:\/\/www.bokshop.lu.se\/en\/wp-json\/wp\/v2\/product_brand?post=7540"},{"taxonomy":"product_cat","embeddable":true,"href":"https:\/\/www.bokshop.lu.se\/en\/wp-json\/wp\/v2\/product_cat?post=7540"},{"taxonomy":"product_tag","embeddable":true,"href":"https:\/\/www.bokshop.lu.se\/en\/wp-json\/wp\/v2\/product_tag?post=7540"}],"curies":[{"name":"wp","href":"https:\/\/api.w.org\/{rel}","templated":true}]}}