{"id":7502,"date":"2018-03-19T09:32:39","date_gmt":"2017-06-12T13:53:09","guid":{"rendered":"http:\/\/bokshop.lu.se.webbhotell.ldc.lu.se\/?post_type=product&#038;p=7502&#038;lang=en"},"modified":"2017-06-15T13:07:24","modified_gmt":"2017-06-15T11:07:24","slug":"rattssakerhet-och-tvangsvard","status":"publish","type":"product","link":"https:\/\/www.bokshop.lu.se\/en\/produkt\/rattssakerhet-och-tvangsvard\/","title":{"rendered":"R\u00e4ttss\u00e4kerhet och tv\u00e5ngsv\u00e5rd"},"content":{"rendered":"<p><span style=\"\" >Denna r&auml;ttssociologiska studie handlar om tv&aring;ngsomh&auml;ndertagna missbrukares r&auml;ttss&auml;kerhet under tiden i v&aring;rd. F&ouml;rfattaren unders&ouml;ker begreppet r&auml;ttss&auml;kerhet i f&ouml;rh&aring;llande till tv&aring;ngsv&aring;rdens verkst&auml;llighet p&aring; s&aring; kallade LVM-hem, i syfte att finna en begreppsdefinition som &auml;r operationaliserbar vid studier av r&auml;ttss&auml;kerhetens uppr&auml;tth&aring;llande. <\/p>\n<p>Med utg&aring;ngspunkt i resultaten fr&aring;n en enk&auml;tunders&ouml;kning och uppf&ouml;ljande samtalsintervjuer med anst&auml;llda inom tv&aring;ngsv&aring;rd samt analys av olika styr- och regeldokument visas att r&auml;ttss&auml;kerheten kan f&ouml;rb&auml;ttras f&ouml;r de enskilda omh&auml;ndertagna klienterna i flera betydelsefulla avseenden. Studien visar &auml;ven att sj&auml;lva begreppet r&auml;ttss&auml;kerhet &auml;r sv&aring;rhanterbart f&ouml;r de tv&aring;ngsv&aring;rdande institutionernas olika representanter, och en m&aring;ngfald skiftande syn- och f&ouml;rh&aring;llningss&auml;tt kommer p&aring; olika s&auml;tt till uttryck under tv&aring;ngsv&aring;rden. <\/p>\n<p>Det finns flera s&auml;tt att hantera de sv&aring;righeter som existerar i f&ouml;rh&aring;llande till r&auml;ttss&auml;kerhetens uppr&auml;tth&aring;llande p&aring; LVM-hemmen, och f&ouml;rfattaren menar att den centrala myndigheten inom Statens institutionsstyrelse har att ta ett st&ouml;rre ansvar f&ouml;r s&aring;dana fr&aring;gor.<\/p>\n<p>Annika Staaf &auml;r verksam vid avdelningen f&ouml;r r&auml;ttssociologi vid Lunds universitet och enheten f&ouml;r socialt arbete vid Malm&ouml; h&ouml;gskola.<br \/><\/span><\/p>\n","protected":false},"excerpt":{"rendered":"<p>Denna r&auml;ttssociologiska studie handlar om tv&aring;ngsomh&auml;ndertagna missbrukares r&auml;ttss&auml;kerhet under tiden i v&aring;rd. F&ouml;rfattaren unders&ouml;ker begreppet r&auml;ttss&auml;kerhet i f&ouml;rh&aring;llande till tv&aring;ngsv&aring;rdens verkst&auml;llighet p&aring; s&aring; kallade LVM-hem, i syfte att finna en begreppsdefinition som &auml;r operationaliserbar vid studier av r&auml;ttss&auml;kerhetens uppr&auml;tth&aring;llande. Med utg&aring;ngspunkt i resultaten fr&aring;n en enk&auml;tunders&ouml;kning och uppf&ouml;ljande samtalsintervjuer med anst&auml;llda inom tv&aring;ngsv&aring;rd samt analys [&hellip;]<\/p>\n","protected":false},"featured_media":7504,"template":"","meta":{"_acf_changed":false,"_relevanssi_hide_post":"","_relevanssi_hide_content":"","_relevanssi_pin_for_all":"","_relevanssi_pin_keywords":"","_relevanssi_unpin_keywords":"","_relevanssi_related_keywords":"","_relevanssi_related_include_ids":"","_relevanssi_related_exclude_ids":"","_relevanssi_related_no_append":"","_relevanssi_related_not_related":"","_relevanssi_related_posts":"","_relevanssi_noindex_reason":""},"product_brand":[],"product_cat":[225],"product_tag":[],"class_list":{"0":"post-7502","1":"product","2":"type-product","3":"status-publish","4":"has-post-thumbnail","6":"product_cat-lund-studies-in-sociology-of-law-sociology-of-law-department","8":"first","9":"instock","10":"taxable","11":"shipping-taxable","12":"purchasable","13":"product-type-simple"},"acf":[],"_links":{"self":[{"href":"https:\/\/www.bokshop.lu.se\/en\/wp-json\/wp\/v2\/product\/7502","targetHints":{"allow":["GET"]}}],"collection":[{"href":"https:\/\/www.bokshop.lu.se\/en\/wp-json\/wp\/v2\/product"}],"about":[{"href":"https:\/\/www.bokshop.lu.se\/en\/wp-json\/wp\/v2\/types\/product"}],"wp:featuredmedia":[{"embeddable":true,"href":"https:\/\/www.bokshop.lu.se\/en\/wp-json\/wp\/v2\/media\/7504"}],"wp:attachment":[{"href":"https:\/\/www.bokshop.lu.se\/en\/wp-json\/wp\/v2\/media?parent=7502"}],"wp:term":[{"taxonomy":"product_brand","embeddable":true,"href":"https:\/\/www.bokshop.lu.se\/en\/wp-json\/wp\/v2\/product_brand?post=7502"},{"taxonomy":"product_cat","embeddable":true,"href":"https:\/\/www.bokshop.lu.se\/en\/wp-json\/wp\/v2\/product_cat?post=7502"},{"taxonomy":"product_tag","embeddable":true,"href":"https:\/\/www.bokshop.lu.se\/en\/wp-json\/wp\/v2\/product_tag?post=7502"}],"curies":[{"name":"wp","href":"https:\/\/api.w.org\/{rel}","templated":true}]}}