{"id":7486,"date":"2017-06-06T09:21:14","date_gmt":"2017-06-06T07:21:14","guid":{"rendered":"http:\/\/bokshop.lu.se.webbhotell.ldc.lu.se\/?post_type=product&#038;p=7486&#038;lang=en"},"modified":"2017-06-06T09:21:14","modified_gmt":"2017-06-06T07:21:14","slug":"kritiska-gemenskaper","status":"publish","type":"product","link":"https:\/\/www.bokshop.lu.se\/en\/produkt\/kritiska-gemenskaper\/","title":{"rendered":"Kritiska gemenskaper"},"content":{"rendered":"<p>Antologin Kritiska gemenskaper \u00e4r en v\u00e4nbok till professor Diana Mulinari vid Lunds universitet. Medverkande i antologin \u00e4r: Malinda Andersson, Signe Arnfred, Anna Bredstr\u00f6m, Cynthia Cockburn, Paulina de los Reyes, Maud Eduards, Suvi Keskinen, Wuokko Knocke, Gail Lewis, Mia Liinason, Carina Listerborn, \u0160sa Lundqvist, Catrin Lundstr\u00f6m, Chandra Talpade Mohanty, Irene Molina, Anders Neergaard, Tiina Rosenberg, Maja Sager, Kerstin Sandell, Ulrika Schmauch, Rebecca Selberg, Aina Tollefsen, Chia-Ling Yang, Alexandra \u0160lund<\/p>\n","protected":false},"excerpt":{"rendered":"<p>Antologin Kritiska gemenskaper \u00e4r en v\u00e4nbok till professor Diana Mulinari vid Lunds universitet. Medverkande i antologin \u00e4r: Malinda Andersson, Signe Arnfred, Anna Bredstr\u00f6m, Cynthia Cockburn, Paulina de los Reyes, Maud Eduards, Suvi Keskinen, Wuokko Knocke, Gail Lewis, Mia Liinason, Carina Listerborn, \u0160sa Lundqvist, Catrin Lundstr\u00f6m, Chandra Talpade Mohanty, Irene Molina, Anders Neergaard, Tiina Rosenberg, Maja [&hellip;]<\/p>\n","protected":false},"featured_media":7488,"template":"","meta":{"_acf_changed":false,"_relevanssi_hide_post":"","_relevanssi_hide_content":"","_relevanssi_pin_for_all":"","_relevanssi_pin_keywords":"","_relevanssi_unpin_keywords":"","_relevanssi_related_keywords":"","_relevanssi_related_include_ids":"","_relevanssi_related_exclude_ids":"","_relevanssi_related_no_append":"","_relevanssi_related_not_related":"","_relevanssi_related_posts":"","_relevanssi_noindex_reason":""},"product_brand":[],"product_cat":[221],"product_tag":[],"class_list":{"0":"post-7486","1":"product","2":"type-product","3":"status-publish","4":"has-post-thumbnail","6":"product_cat-department-of-gender-studies","8":"first","9":"instock","10":"taxable","11":"shipping-taxable","12":"purchasable","13":"product-type-simple"},"acf":[],"_links":{"self":[{"href":"https:\/\/www.bokshop.lu.se\/en\/wp-json\/wp\/v2\/product\/7486","targetHints":{"allow":["GET"]}}],"collection":[{"href":"https:\/\/www.bokshop.lu.se\/en\/wp-json\/wp\/v2\/product"}],"about":[{"href":"https:\/\/www.bokshop.lu.se\/en\/wp-json\/wp\/v2\/types\/product"}],"wp:featuredmedia":[{"embeddable":true,"href":"https:\/\/www.bokshop.lu.se\/en\/wp-json\/wp\/v2\/media\/7488"}],"wp:attachment":[{"href":"https:\/\/www.bokshop.lu.se\/en\/wp-json\/wp\/v2\/media?parent=7486"}],"wp:term":[{"taxonomy":"product_brand","embeddable":true,"href":"https:\/\/www.bokshop.lu.se\/en\/wp-json\/wp\/v2\/product_brand?post=7486"},{"taxonomy":"product_cat","embeddable":true,"href":"https:\/\/www.bokshop.lu.se\/en\/wp-json\/wp\/v2\/product_cat?post=7486"},{"taxonomy":"product_tag","embeddable":true,"href":"https:\/\/www.bokshop.lu.se\/en\/wp-json\/wp\/v2\/product_tag?post=7486"}],"curies":[{"name":"wp","href":"https:\/\/api.w.org\/{rel}","templated":true}]}}