{"id":7339,"date":"2018-03-19T11:28:01","date_gmt":"2017-05-17T10:13:37","guid":{"rendered":"http:\/\/bokshop.lu.se.webbhotell.ldc.lu.se\/?post_type=product&#038;p=7339&#038;lang=en"},"modified":"2017-07-14T11:00:17","modified_gmt":"2017-07-14T09:00:17","slug":"gronska-och-ljudkvalitet-i-narmiljon","status":"publish","type":"product","link":"https:\/\/www.bokshop.lu.se\/en\/produkt\/gronska-och-ljudkvalitet-i-narmiljon\/","title":{"rendered":"Gr\u00f6nska och ljudkvalitet i n\u00e4rmilj\u00f6n"},"content":{"rendered":"<p><span style=\"\" >Landskapsforskning handlar om samspelet mellan m&auml;nniskan och hennes omgivning, hur vi p&aring;verkas av v&aring;r milj&ouml; och hur vi kan p&aring;verka milj&ouml;n. Landskapet &auml;r en begr&auml;nsad arena, med resurser som m&aring;nga konkurrerar om. F&ouml;r att kunna hantera konflikter beh&ouml;vs det h&aring;rda fakta om mjuka v&auml;rden och modeller att v&auml;rdera och v&auml;ga samt lagar. En utredare skall f&ouml;resl&aring; utveckling av befintlig lagstiftning f&ouml;r former att &aring;stadkomma en effektivare och mer konsekvent till&auml;mpning av ekologisk kompensation i samband med st&ouml;rre exploatering och ingrepp i v&auml;rdefulla mark- och vattenomr&aring;den. Exempel p&aring; viktiga faktorer &auml;r m&auml;tbarhet, likv&auml;rdighet.<\/p>\n<p>Denna rapport ger exempel p&aring; hur v&aring;r milj&ouml; p&aring;verkar oss m&auml;nniskor; hur barn utvecklar sig genom taktila sinnet i lek och r&ouml;relse; vilka milj&ouml;upplevelser som underst&ouml;djer behov av stimulans och vila; naturens l&auml;kande kraft och ljudens betydelse f&ouml;r oss &ndash; st&ouml;rande eller st&ouml;djande. M&aring;nga samband har vi l&auml;nge anat intuitivt, men nu kommer evidens p&aring; l&ouml;pande band.<br \/><\/span><\/p>\n","protected":false},"excerpt":{"rendered":"<p>Landskapsforskning handlar om samspelet mellan m&auml;nniskan och hennes omgivning, hur vi p&aring;verkas av v&aring;r milj&ouml; och hur vi kan p&aring;verka milj&ouml;n. Landskapet &auml;r en begr&auml;nsad arena, med resurser som m&aring;nga konkurrerar om. F&ouml;r att kunna hantera konflikter beh&ouml;vs det h&aring;rda fakta om mjuka v&auml;rden och modeller att v&auml;rdera och v&auml;ga samt lagar. En utredare skall [&hellip;]<\/p>\n","protected":false},"featured_media":7341,"template":"","meta":{"_acf_changed":false,"_relevanssi_hide_post":"","_relevanssi_hide_content":"","_relevanssi_pin_for_all":"","_relevanssi_pin_keywords":"","_relevanssi_unpin_keywords":"","_relevanssi_related_keywords":"","_relevanssi_related_include_ids":"","_relevanssi_related_exclude_ids":"","_relevanssi_related_no_append":"","_relevanssi_related_not_related":"","_relevanssi_related_posts":"","_relevanssi_noindex_reason":""},"product_brand":[],"product_cat":[276],"product_tag":[],"class_list":{"0":"post-7339","1":"product","2":"type-product","3":"status-publish","4":"has-post-thumbnail","6":"product_cat-skrifter-fran-ljudmiljocentrum-vid-lunds-universitet-cultural-sciences","8":"first","9":"instock","10":"taxable","11":"shipping-taxable","12":"purchasable","13":"product-type-simple"},"acf":[],"_links":{"self":[{"href":"https:\/\/www.bokshop.lu.se\/en\/wp-json\/wp\/v2\/product\/7339","targetHints":{"allow":["GET"]}}],"collection":[{"href":"https:\/\/www.bokshop.lu.se\/en\/wp-json\/wp\/v2\/product"}],"about":[{"href":"https:\/\/www.bokshop.lu.se\/en\/wp-json\/wp\/v2\/types\/product"}],"wp:featuredmedia":[{"embeddable":true,"href":"https:\/\/www.bokshop.lu.se\/en\/wp-json\/wp\/v2\/media\/7341"}],"wp:attachment":[{"href":"https:\/\/www.bokshop.lu.se\/en\/wp-json\/wp\/v2\/media?parent=7339"}],"wp:term":[{"taxonomy":"product_brand","embeddable":true,"href":"https:\/\/www.bokshop.lu.se\/en\/wp-json\/wp\/v2\/product_brand?post=7339"},{"taxonomy":"product_cat","embeddable":true,"href":"https:\/\/www.bokshop.lu.se\/en\/wp-json\/wp\/v2\/product_cat?post=7339"},{"taxonomy":"product_tag","embeddable":true,"href":"https:\/\/www.bokshop.lu.se\/en\/wp-json\/wp\/v2\/product_tag?post=7339"}],"curies":[{"name":"wp","href":"https:\/\/api.w.org\/{rel}","templated":true}]}}