{"id":7087,"date":"2022-07-08T15:58:49","date_gmt":"2017-05-02T17:03:05","guid":{"rendered":"http:\/\/bokshop.lu.se.webbhotell.ldc.lu.se\/?post_type=product&#038;p=7087&#038;lang=en"},"modified":"2022-07-08T16:00:43","modified_gmt":"2022-07-08T14:00:43","slug":"storgodsdrift","status":"publish","type":"product","link":"https:\/\/www.bokshop.lu.se\/en\/produkt\/storgodsdrift\/","title":{"rendered":"Storgodsdrift"},"content":{"rendered":"<p>De sk\u00e5nska godsen har genom \u00e5rhundradena inte bara utgjort ett spektakul\u00e4rt inslag i landskapsbilden, de har ocks\u00e5 varit centrum f\u00f6r politisk maktut\u00f6vning och jurisdiktion. I denna bok kartl\u00e4ggs och analyseras de sk\u00e5nska godsens ekonomiska och arbets\u00acorganisatoriska utveckling fr\u00e5n dansk tid till 1800-talets andra h\u00e4lft. Utvecklingen vid nio gods uppm\u00e4rksammas i fallstudier, medan utvecklingen vid ett flertal av landskapets cirka 160 gods bildar underlag f\u00f6r generaliserande analyser av gods\u00acdriftens utveckling.<\/p>\n<p>Godsen var bost\u00e4der och statussymboler f\u00f6r adeln, men framf\u00f6rallt var de enheter inom ett produktionssystem. En stor del av Sk\u00e5nes befolkning var indraget i gods\u00acsystemet. Godsdriftens organisering hade stor betydelse f\u00f6r landskapets ekonomiska utveckling, men ocks\u00e5 f\u00f6r b\u00f6ndernas sociala st\u00e4llning. I boken visas att storgods\u00acdriften blev allt mer dominerande vid de sk\u00e5nska godsen. Speciellt under 1800-talets f\u00f6rsta h\u00e4lft ledde detta till en feodal rekyl i arbetsorganisationen, med en \u00f6kning av b\u00f6ndernas och husm\u00e4nnens dagsverks-skyldighet. Samtidigt v\u00e4xte emellertid en ny typ av lantliga l\u00f6nearbetare fram \u2013 statarna.<\/p>\n","protected":false},"excerpt":{"rendered":"<p>De sk\u00e5nska godsen har genom \u00e5rhundradena inte bara utgjort ett spektakul\u00e4rt inslag i landskapsbilden, de har ocks\u00e5 varit centrum f\u00f6r politisk maktut\u00f6vning och jurisdiktion. I denna bok kartl\u00e4ggs och analyseras de sk\u00e5nska godsens ekonomiska och arbets\u00acorganisatoriska utveckling fr\u00e5n dansk tid till 1800-talets andra h\u00e4lft. Utvecklingen vid nio gods uppm\u00e4rksammas i fallstudier, medan utvecklingen vid ett [&hellip;]<\/p>\n","protected":false},"featured_media":7091,"template":"","meta":{"_acf_changed":false,"_relevanssi_hide_post":"","_relevanssi_hide_content":"","_relevanssi_pin_for_all":"","_relevanssi_pin_keywords":"","_relevanssi_unpin_keywords":"","_relevanssi_related_keywords":"","_relevanssi_related_include_ids":"","_relevanssi_related_exclude_ids":"","_relevanssi_related_no_append":"","_relevanssi_related_not_related":"","_relevanssi_related_posts":"","_relevanssi_noindex_reason":""},"product_brand":[],"product_cat":[112,113],"product_tag":[],"class_list":{"0":"post-7087","1":"product","2":"type-product","3":"status-publish","4":"has-post-thumbnail","6":"product_cat-lund-studies-in-economic-history","7":"product_cat-lund-studies-in-economic-history-economic-history","9":"first","10":"outofstock","11":"taxable","12":"shipping-taxable","13":"purchasable","14":"product-type-simple"},"acf":[],"_links":{"self":[{"href":"https:\/\/www.bokshop.lu.se\/en\/wp-json\/wp\/v2\/product\/7087","targetHints":{"allow":["GET"]}}],"collection":[{"href":"https:\/\/www.bokshop.lu.se\/en\/wp-json\/wp\/v2\/product"}],"about":[{"href":"https:\/\/www.bokshop.lu.se\/en\/wp-json\/wp\/v2\/types\/product"}],"wp:featuredmedia":[{"embeddable":true,"href":"https:\/\/www.bokshop.lu.se\/en\/wp-json\/wp\/v2\/media\/7091"}],"wp:attachment":[{"href":"https:\/\/www.bokshop.lu.se\/en\/wp-json\/wp\/v2\/media?parent=7087"}],"wp:term":[{"taxonomy":"product_brand","embeddable":true,"href":"https:\/\/www.bokshop.lu.se\/en\/wp-json\/wp\/v2\/product_brand?post=7087"},{"taxonomy":"product_cat","embeddable":true,"href":"https:\/\/www.bokshop.lu.se\/en\/wp-json\/wp\/v2\/product_cat?post=7087"},{"taxonomy":"product_tag","embeddable":true,"href":"https:\/\/www.bokshop.lu.se\/en\/wp-json\/wp\/v2\/product_tag?post=7087"}],"curies":[{"name":"wp","href":"https:\/\/api.w.org\/{rel}","templated":true}]}}