{"id":6885,"date":"2018-03-19T10:23:14","date_gmt":"2017-04-26T13:44:35","guid":{"rendered":"http:\/\/bokshop.lu.se.webbhotell.ldc.lu.se\/?post_type=product&#038;p=6885&#038;lang=en"},"modified":"2017-04-26T15:44:35","modified_gmt":"2017-04-26T13:44:35","slug":"relationsbyggande-for-ekonomisk-utveckling-fran-ideer-om-ekonomisk-utveckling-till-lokalt-utvecklingsarbete-i-norrlands-inland","status":"publish","type":"product","link":"https:\/\/www.bokshop.lu.se\/en\/produkt\/relationsbyggande-for-ekonomisk-utveckling-fran-ideer-om-ekonomisk-utveckling-till-lokalt-utvecklingsarbete-i-norrlands-inland\/","title":{"rendered":"Relationsbyggande f\u00f6r ekonomisk utveckling. Fr\u00e5n id\u00e9er om ekonomisk utveckling till lokalt utvecklingsarbete i Norrlands inland."},"content":{"rendered":"","protected":false},"excerpt":{"rendered":"","protected":false},"featured_media":6887,"template":"","meta":{"_acf_changed":false,"_relevanssi_hide_post":"","_relevanssi_hide_content":"","_relevanssi_pin_for_all":"","_relevanssi_pin_keywords":"","_relevanssi_unpin_keywords":"","_relevanssi_related_keywords":"","_relevanssi_related_include_ids":"","_relevanssi_related_exclude_ids":"","_relevanssi_related_no_append":"","_relevanssi_related_not_related":"","_relevanssi_related_posts":"","_relevanssi_noindex_reason":""},"product_brand":[],"product_cat":[172],"product_tag":[],"class_list":{"0":"post-6885","1":"product","2":"type-product","3":"status-publish","4":"has-post-thumbnail","6":"product_cat-work-life-in-transition","8":"first","9":"instock","10":"taxable","11":"shipping-taxable","12":"purchasable","13":"product-type-simple"},"acf":[],"_links":{"self":[{"href":"https:\/\/www.bokshop.lu.se\/en\/wp-json\/wp\/v2\/product\/6885","targetHints":{"allow":["GET"]}}],"collection":[{"href":"https:\/\/www.bokshop.lu.se\/en\/wp-json\/wp\/v2\/product"}],"about":[{"href":"https:\/\/www.bokshop.lu.se\/en\/wp-json\/wp\/v2\/types\/product"}],"wp:featuredmedia":[{"embeddable":true,"href":"https:\/\/www.bokshop.lu.se\/en\/wp-json\/wp\/v2\/media\/6887"}],"wp:attachment":[{"href":"https:\/\/www.bokshop.lu.se\/en\/wp-json\/wp\/v2\/media?parent=6885"}],"wp:term":[{"taxonomy":"product_brand","embeddable":true,"href":"https:\/\/www.bokshop.lu.se\/en\/wp-json\/wp\/v2\/product_brand?post=6885"},{"taxonomy":"product_cat","embeddable":true,"href":"https:\/\/www.bokshop.lu.se\/en\/wp-json\/wp\/v2\/product_cat?post=6885"},{"taxonomy":"product_tag","embeddable":true,"href":"https:\/\/www.bokshop.lu.se\/en\/wp-json\/wp\/v2\/product_tag?post=6885"}],"curies":[{"name":"wp","href":"https:\/\/api.w.org\/{rel}","templated":true}]}}