{"id":6759,"date":"2018-03-19T10:26:31","date_gmt":"2017-04-10T08:00:23","guid":{"rendered":"http:\/\/bokshop.lu.se.webbhotell.ldc.lu.se\/?post_type=product&#038;p=6759&#038;lang=en"},"modified":"2017-04-10T10:02:46","modified_gmt":"2017-04-10T08:02:46","slug":"arbetsvillkor-och-anstallningsforhallanden-inom-stadbranschen-i-stockholms-lan","status":"publish","type":"product","link":"https:\/\/www.bokshop.lu.se\/en\/produkt\/arbetsvillkor-och-anstallningsforhallanden-inom-stadbranschen-i-stockholms-lan\/","title":{"rendered":"Arbetsvillkor och anst\u00e4llningsf\u00f6rh\u00e5llanden inom st\u00e4dbranschen i Stockholms l\u00e4n"},"content":{"rendered":"<p><span style=\"\" >Rapporten handlar huvudsakligen om arbetsvillkor och anst&auml;llningsf&ouml;rh&aring;llanden inom den turbulenta st&auml;dbranschen i Sverige, i synnerhet i Stockholms l&auml;n. F&ouml;rfattarna uppm&auml;rksammar m&aring;nga allvarliga problem som finns, problem som vi delar med andra v&auml;stl&auml;nder.<br \/>Majoriteten av st&auml;darna i l&auml;net &auml;r l&aring;gutbildade kvinnor och invandrare och inom branschen finns en tydlig underordning av kvinnor och invandrare samt en tydlig k&ouml;nssegregation och segmentering. Kvinnor anst&auml;lls oftast som &rdquo;vanliga&rdquo; st&auml;dare med l&auml;gre l&ouml;ner medan m&auml;n anst&auml;lls som specialistst&auml;dare med h&ouml;gre l&ouml;ner. Merparten av f&ouml;retagsledare &auml;r d&auml;remot m&auml;n fr&aring;n de nordiska l&auml;nderna. Priskrig mellan olika st&auml;dbolag i regionen leder till att m&aring;nga st&auml;dare, s&auml;rskilt de &rdquo;vanliga&rdquo;, lever med st&auml;ndig oro f&ouml;r att f&ouml;rlora sitt arbete. Det &auml;r de som drabbas h&aring;rdast av den turbulenta situationen i branschen.<br \/>F&ouml;rfattarna har f&ouml;rs&ouml;kt studera dessa problem i ett bredare perspektiv genom att intervjua fackliga representanter, VD:ar och st&auml;dare. De drar slutsatsen att de d&aring;liga arbetsvillkoren och anst&auml;llningsf&ouml;rh&aring;llandena &auml;r direkta f&ouml;ljder av den turbulenta situationen i l&auml;net, kombinerat med invandrarnas och kvinnornas &ouml;verrepresentation d&auml;r. M&aring;nga, s&auml;rskilt de l&aring;gutbildade, har bristande kunskaper om lagar och regler och saknar makt att kunna p&aring;verka sina arbetsliv och marknaden i positiv riktning.<br \/><\/span><\/p>\n","protected":false},"excerpt":{"rendered":"<p>Rapporten handlar huvudsakligen om arbetsvillkor och anst&auml;llningsf&ouml;rh&aring;llanden inom den turbulenta st&auml;dbranschen i Sverige, i synnerhet i Stockholms l&auml;n. F&ouml;rfattarna uppm&auml;rksammar m&aring;nga allvarliga problem som finns, problem som vi delar med andra v&auml;stl&auml;nder.Majoriteten av st&auml;darna i l&auml;net &auml;r l&aring;gutbildade kvinnor och invandrare och inom branschen finns en tydlig underordning av kvinnor och invandrare samt en tydlig [&hellip;]<\/p>\n","protected":false},"featured_media":6761,"template":"","meta":{"_acf_changed":false,"_relevanssi_hide_post":"","_relevanssi_hide_content":"","_relevanssi_pin_for_all":"","_relevanssi_pin_keywords":"","_relevanssi_unpin_keywords":"","_relevanssi_related_keywords":"","_relevanssi_related_include_ids":"","_relevanssi_related_exclude_ids":"","_relevanssi_related_no_append":"","_relevanssi_related_not_related":"","_relevanssi_related_posts":"","_relevanssi_noindex_reason":""},"product_brand":[],"product_cat":[172],"product_tag":[],"class_list":{"0":"post-6759","1":"product","2":"type-product","3":"status-publish","4":"has-post-thumbnail","6":"product_cat-work-life-in-transition","8":"first","9":"instock","10":"taxable","11":"shipping-taxable","12":"purchasable","13":"product-type-simple"},"acf":[],"_links":{"self":[{"href":"https:\/\/www.bokshop.lu.se\/en\/wp-json\/wp\/v2\/product\/6759","targetHints":{"allow":["GET"]}}],"collection":[{"href":"https:\/\/www.bokshop.lu.se\/en\/wp-json\/wp\/v2\/product"}],"about":[{"href":"https:\/\/www.bokshop.lu.se\/en\/wp-json\/wp\/v2\/types\/product"}],"wp:featuredmedia":[{"embeddable":true,"href":"https:\/\/www.bokshop.lu.se\/en\/wp-json\/wp\/v2\/media\/6761"}],"wp:attachment":[{"href":"https:\/\/www.bokshop.lu.se\/en\/wp-json\/wp\/v2\/media?parent=6759"}],"wp:term":[{"taxonomy":"product_brand","embeddable":true,"href":"https:\/\/www.bokshop.lu.se\/en\/wp-json\/wp\/v2\/product_brand?post=6759"},{"taxonomy":"product_cat","embeddable":true,"href":"https:\/\/www.bokshop.lu.se\/en\/wp-json\/wp\/v2\/product_cat?post=6759"},{"taxonomy":"product_tag","embeddable":true,"href":"https:\/\/www.bokshop.lu.se\/en\/wp-json\/wp\/v2\/product_tag?post=6759"}],"curies":[{"name":"wp","href":"https:\/\/api.w.org\/{rel}","templated":true}]}}