{"id":6511,"date":"2018-03-19T11:22:03","date_gmt":"2017-01-25T08:22:12","guid":{"rendered":"http:\/\/bokshop.lu.se.webbhotell.ldc.lu.se\/?post_type=product&#038;p=6511&#038;lang=en"},"modified":"2017-05-11T17:17:46","modified_gmt":"2017-05-11T15:17:46","slug":"konsten-att-uppratthalla-loneskillnader-mellan-kvinnor-och-man","status":"publish","type":"product","link":"https:\/\/www.bokshop.lu.se\/en\/produkt\/konsten-att-uppratthalla-loneskillnader-mellan-kvinnor-och-man\/","title":{"rendered":"Konsten att uppr\u00e4tth\u00e5lla l\u00f6neskillnader mellan kvinnor och m\u00e4n"},"content":{"rendered":"<p><span style=\"\" >Lena Svenaeus beskriver i denna bok sv&aring;righeterna att g&ouml;ra det motsatta &ndash; att med r&auml;ttsliga verktyg inf&ouml;ra en likal&ouml;neprincip. Lika l&ouml;n f&ouml;r lika och likv&auml;rdigt arbete borde vara en sj&auml;lvklarhet men i lag och avtal dr&ouml;jer sig k&ouml;nsbundna v&auml;rderingar kvar trots reviderade kollektivavtal och f&ouml;rbud mot l&ouml;nediskriminering. Det tycks alltid finnas n&aring;got som &auml;r viktigare &auml;n att genomf&ouml;ra en likal&ouml;nereform. Samtidigt sviktar v&auml;lf&auml;rden p&aring; grund av felv&auml;rderade och underbetalda v&aring;rd- och omsorgsarbeten. Det ser onekligen m&ouml;rkt ut. I en ber&ouml;md dialog om argumenten mot j&auml;mlikhet f&ouml;r kvinnor gav filosofen Sokrates r&aring;det att &auml;nd&aring; kasta sig i sj&ouml;n, simma och hoppas p&aring; en osannolik r&auml;ddning. En delfin kan komma och ta oss p&aring; ryggen och f&ouml;ra oss i land.<\/span><\/p>\n","protected":false},"excerpt":{"rendered":"<p>Lena Svenaeus beskriver i denna bok sv&aring;righeterna att g&ouml;ra det motsatta &ndash; att med r&auml;ttsliga verktyg inf&ouml;ra en likal&ouml;neprincip. Lika l&ouml;n f&ouml;r lika och likv&auml;rdigt arbete borde vara en sj&auml;lvklarhet men i lag och avtal dr&ouml;jer sig k&ouml;nsbundna v&auml;rderingar kvar trots reviderade kollektivavtal och f&ouml;rbud mot l&ouml;nediskriminering. Det tycks alltid finnas n&aring;got som &auml;r viktigare [&hellip;]<\/p>\n","protected":false},"featured_media":6513,"template":"","meta":{"_acf_changed":false,"_relevanssi_hide_post":"","_relevanssi_hide_content":"","_relevanssi_pin_for_all":"","_relevanssi_pin_keywords":"","_relevanssi_unpin_keywords":"","_relevanssi_related_keywords":"","_relevanssi_related_include_ids":"","_relevanssi_related_exclude_ids":"","_relevanssi_related_no_append":"","_relevanssi_related_not_related":"","_relevanssi_related_posts":"","_relevanssi_noindex_reason":""},"product_brand":[],"product_cat":[225],"product_tag":[],"class_list":{"0":"post-6511","1":"product","2":"type-product","3":"status-publish","4":"has-post-thumbnail","6":"product_cat-lund-studies-in-sociology-of-law-sociology-of-law-department","8":"first","9":"instock","10":"taxable","11":"shipping-taxable","12":"purchasable","13":"product-type-simple"},"acf":[],"_links":{"self":[{"href":"https:\/\/www.bokshop.lu.se\/en\/wp-json\/wp\/v2\/product\/6511","targetHints":{"allow":["GET"]}}],"collection":[{"href":"https:\/\/www.bokshop.lu.se\/en\/wp-json\/wp\/v2\/product"}],"about":[{"href":"https:\/\/www.bokshop.lu.se\/en\/wp-json\/wp\/v2\/types\/product"}],"wp:featuredmedia":[{"embeddable":true,"href":"https:\/\/www.bokshop.lu.se\/en\/wp-json\/wp\/v2\/media\/6513"}],"wp:attachment":[{"href":"https:\/\/www.bokshop.lu.se\/en\/wp-json\/wp\/v2\/media?parent=6511"}],"wp:term":[{"taxonomy":"product_brand","embeddable":true,"href":"https:\/\/www.bokshop.lu.se\/en\/wp-json\/wp\/v2\/product_brand?post=6511"},{"taxonomy":"product_cat","embeddable":true,"href":"https:\/\/www.bokshop.lu.se\/en\/wp-json\/wp\/v2\/product_cat?post=6511"},{"taxonomy":"product_tag","embeddable":true,"href":"https:\/\/www.bokshop.lu.se\/en\/wp-json\/wp\/v2\/product_tag?post=6511"}],"curies":[{"name":"wp","href":"https:\/\/api.w.org\/{rel}","templated":true}]}}