{"id":5948,"date":"2020-03-26T11:10:10","date_gmt":"2016-04-20T06:33:38","guid":{"rendered":"http:\/\/bokshop.lu.se.webbhotell.ldc.lu.se\/?post_type=product&#038;p=5948&#038;lang=en"},"modified":"2016-04-20T08:34:40","modified_gmt":"2016-04-20T06:34:40","slug":"samtida-konst-pa-basta-sandningstid","status":"publish","type":"product","link":"https:\/\/www.bokshop.lu.se\/en\/produkt\/samtida-konst-pa-basta-sandningstid\/","title":{"rendered":"Samtida konst p\u00e5 b\u00e4sta s\u00e4ndningstid"},"content":{"rendered":"<p><span style=\"\" >I mitten p&aring; 1950-talet introducerades den svenska allm&auml;nheten f&ouml;r ett nytt massmedium: televisionen. M&aring;nga s&aring;g i det nya mediet ett viktigt verktyg f&ouml;r upplysning och folkbildning, inte minst n&auml;r det kom till konst. I <\/span><span style=\"font-family: 'Verdana';font-style:italic;\" >Samtida konst p&aring; b&auml;sta s&auml;ndningstid<\/span><span style=\"\" > unders&ouml;ks hur tv-mediet p&aring; 1950- och 1960-talen anv&auml;ndes f&ouml;r att g&ouml;ra modern konst till en angel&auml;genhet f&ouml;r alla. I avhandlingen studeras Sveriges Radio\/TV som konstf&ouml;rmedlare och hur denna verksamhet f&ouml;rh&ouml;ll sig till tidens konstliv och kulturpolitik. Avhandlingen lyfter fram flera aspekter p&aring; konstprogram som tv-genre och historiskt fenomen, de f&ouml;ruts&auml;ttningar som pr&auml;glade tv-programmens utformning, liksom den bild av konsten som televisionen bidrog till att forma.<br \/>David Rynell &Aring;hl&eacute;n &auml;r verksam vid Institutionen f&ouml;r kultur och estetik, Stockholms universitet.<\/span><span style=\"font-family: 'Verdana';font-style:italic;\" > Samtida konst p&aring; b&auml;sta s&auml;ndningstid<\/span><span style=\"\" > &auml;r hans doktorsavhandling i konstvetenskap.<br \/><\/span><\/p>\n","protected":false},"excerpt":{"rendered":"<p>I mitten p&aring; 1950-talet introducerades den svenska allm&auml;nheten f&ouml;r ett nytt massmedium: televisionen. M&aring;nga s&aring;g i det nya mediet ett viktigt verktyg f&ouml;r upplysning och folkbildning, inte minst n&auml;r det kom till konst. I Samtida konst p&aring; b&auml;sta s&auml;ndningstid unders&ouml;ks hur tv-mediet p&aring; 1950- och 1960-talen anv&auml;ndes f&ouml;r att g&ouml;ra modern konst till en angel&auml;genhet [&hellip;]<\/p>\n","protected":false},"featured_media":5950,"template":"","meta":{"_acf_changed":false,"_relevanssi_hide_post":"","_relevanssi_hide_content":"","_relevanssi_pin_for_all":"","_relevanssi_pin_keywords":"","_relevanssi_unpin_keywords":"","_relevanssi_related_keywords":"","_relevanssi_related_include_ids":"","_relevanssi_related_exclude_ids":"","_relevanssi_related_no_append":"","_relevanssi_related_not_related":"","_relevanssi_related_posts":"","_relevanssi_noindex_reason":""},"product_brand":[],"product_cat":[84],"product_tag":[],"class_list":{"0":"post-5948","1":"product","2":"type-product","3":"status-publish","4":"has-post-thumbnail","6":"product_cat-mediehistoriskt-arkiv","8":"first","9":"instock","10":"taxable","11":"shipping-taxable","12":"purchasable","13":"product-type-simple"},"acf":[],"_links":{"self":[{"href":"https:\/\/www.bokshop.lu.se\/en\/wp-json\/wp\/v2\/product\/5948","targetHints":{"allow":["GET"]}}],"collection":[{"href":"https:\/\/www.bokshop.lu.se\/en\/wp-json\/wp\/v2\/product"}],"about":[{"href":"https:\/\/www.bokshop.lu.se\/en\/wp-json\/wp\/v2\/types\/product"}],"wp:featuredmedia":[{"embeddable":true,"href":"https:\/\/www.bokshop.lu.se\/en\/wp-json\/wp\/v2\/media\/5950"}],"wp:attachment":[{"href":"https:\/\/www.bokshop.lu.se\/en\/wp-json\/wp\/v2\/media?parent=5948"}],"wp:term":[{"taxonomy":"product_brand","embeddable":true,"href":"https:\/\/www.bokshop.lu.se\/en\/wp-json\/wp\/v2\/product_brand?post=5948"},{"taxonomy":"product_cat","embeddable":true,"href":"https:\/\/www.bokshop.lu.se\/en\/wp-json\/wp\/v2\/product_cat?post=5948"},{"taxonomy":"product_tag","embeddable":true,"href":"https:\/\/www.bokshop.lu.se\/en\/wp-json\/wp\/v2\/product_tag?post=5948"}],"curies":[{"name":"wp","href":"https:\/\/api.w.org\/{rel}","templated":true}]}}