{"id":5469,"date":"2018-03-19T10:27:47","date_gmt":"2015-11-06T15:21:00","guid":{"rendered":"http:\/\/bokshop.lu.se.webbhotell.ldc.lu.se\/shop\/ratt-makt-och-institutionell-forandring\/?lang=en"},"modified":"2017-05-01T15:09:16","modified_gmt":"2017-05-01T13:09:16","slug":"ratt-makt-och-institutionell-forandring","status":"publish","type":"product","link":"https:\/\/www.bokshop.lu.se\/en\/produkt\/ratt-makt-och-institutionell-forandring\/","title":{"rendered":"R\u00e4tt, makt och institutionell f\u00f6r\u00e4ndring"},"content":{"rendered":"<p><span style=\"\" >Susanna Johanssons avhandling handlar om samverkan &ndash; en organiseringsform som idag ses som l&ouml;sningen p&aring; en m&auml;ngd v&auml;lf&auml;rdsproblem. Avhandlingen visar p&aring; skillnaden mellan samverkan som id&eacute; och samverkan som praktik genom att studera samverkan utifr&aring;n ett kritiskt perspektiv som uppm&auml;rksammar sp&auml;nningsf&ouml;rh&aring;llanden, normkonflikter och dilemman i samverkan.<\/p>\n<p>I avhandlingen utvecklas en teoretisk analysmodell som &auml;r anv&auml;ndbar f&ouml;r att studera samverkansprocesser och konsekvenser av samverkan i olika kontexter. Analysmodellen kombinerar institutionella, r&auml;ttssociologiska samt maktteoretiska perspektiv och begrepp &ndash; och belyser d&auml;rigenom r&auml;ttens och maktens betydelse f&ouml;r samverkan. Modellen till&auml;mpas i en kontext av barnahus &ndash; myndighetssamverkan under ett gemensamt tak kring utredningar av misst&auml;nkta brott mot barn &ndash; och visar p&aring; de maktspel som tar form i samverkan, fr&auml;mst mellan en straffr&auml;ttslig logik och en behandlingslogik. Analysen visar hur dessa maktspel &auml;r avg&ouml;rande f&ouml;r vad samverkan &ndash; och r&auml;tten &ndash; f&aring;r f&ouml;r inneh&aring;ll i praktiken, samt vad samverkan leder till f&ouml;r institutionella f&ouml;r&auml;ndringar.<\/p>\n<p>Susanna Johansson &auml;r verksam vid R&auml;ttssociologiska enheten vid Lunds universitet och undervisar &auml;ven p&aring; Socialh&ouml;gskolan. Denna bok &auml;r hennes doktorsavhandling i r&auml;ttssociologi.<br \/><\/span><\/p>\n","protected":false},"excerpt":{"rendered":"<p>Susanna Johanssons avhandling handlar om samverkan &ndash; en organiseringsform som idag ses som l&ouml;sningen p&aring; en m&auml;ngd v&auml;lf&auml;rdsproblem. Avhandlingen visar p&aring; skillnaden mellan samverkan som id&eacute; och samverkan som praktik genom att studera samverkan utifr&aring;n ett kritiskt perspektiv som uppm&auml;rksammar sp&auml;nningsf&ouml;rh&aring;llanden, normkonflikter och dilemman i samverkan. I avhandlingen utvecklas en teoretisk analysmodell som &auml;r anv&auml;ndbar [&hellip;]<\/p>\n","protected":false},"featured_media":5325,"template":"","meta":{"_acf_changed":false,"_relevanssi_hide_post":"","_relevanssi_hide_content":"","_relevanssi_pin_for_all":"","_relevanssi_pin_keywords":"","_relevanssi_unpin_keywords":"","_relevanssi_related_keywords":"","_relevanssi_related_include_ids":"","_relevanssi_related_exclude_ids":"","_relevanssi_related_no_append":"","_relevanssi_related_not_related":"","_relevanssi_related_posts":"","_relevanssi_noindex_reason":""},"product_brand":[],"product_cat":[225,224],"product_tag":[],"class_list":{"0":"post-5469","1":"product","2":"type-product","3":"status-publish","4":"has-post-thumbnail","6":"product_cat-lund-studies-in-sociology-of-law-sociology-of-law-department","7":"product_cat-sociology-of-law","9":"first","10":"instock","11":"taxable","12":"shipping-taxable","13":"purchasable","14":"product-type-simple"},"acf":[],"_links":{"self":[{"href":"https:\/\/www.bokshop.lu.se\/en\/wp-json\/wp\/v2\/product\/5469","targetHints":{"allow":["GET"]}}],"collection":[{"href":"https:\/\/www.bokshop.lu.se\/en\/wp-json\/wp\/v2\/product"}],"about":[{"href":"https:\/\/www.bokshop.lu.se\/en\/wp-json\/wp\/v2\/types\/product"}],"wp:featuredmedia":[{"embeddable":true,"href":"https:\/\/www.bokshop.lu.se\/en\/wp-json\/wp\/v2\/media\/5325"}],"wp:attachment":[{"href":"https:\/\/www.bokshop.lu.se\/en\/wp-json\/wp\/v2\/media?parent=5469"}],"wp:term":[{"taxonomy":"product_brand","embeddable":true,"href":"https:\/\/www.bokshop.lu.se\/en\/wp-json\/wp\/v2\/product_brand?post=5469"},{"taxonomy":"product_cat","embeddable":true,"href":"https:\/\/www.bokshop.lu.se\/en\/wp-json\/wp\/v2\/product_cat?post=5469"},{"taxonomy":"product_tag","embeddable":true,"href":"https:\/\/www.bokshop.lu.se\/en\/wp-json\/wp\/v2\/product_tag?post=5469"}],"curies":[{"name":"wp","href":"https:\/\/api.w.org\/{rel}","templated":true}]}}