{"id":5406,"date":"2018-03-19T11:09:01","date_gmt":"2015-11-25T09:27:27","guid":{"rendered":"http:\/\/bokshop.lu.se.webbhotell.ldc.lu.se\/?post_type=product&#038;p=5406&#038;lang=en"},"modified":"2017-06-13T13:29:37","modified_gmt":"2017-06-13T11:29:37","slug":"ekonomisk-tillvaxt-i-valfardskapitalismen-2","status":"publish","type":"product","link":"https:\/\/www.bokshop.lu.se\/en\/produkt\/ekonomisk-tillvaxt-i-valfardskapitalismen-2\/","title":{"rendered":"Ekonomisk tillv\u00e4xt i v\u00e4lf\u00e4rdskapitalismen"},"content":{"rendered":"<p><span style=\"\" >I b&ouml;rjan p&aring; 1990-talet drabbades Sverige av en mycket djup ekonomisk kris. Krisen uppfattades inte som en tillf&auml;llig konjunkturnedg&aring;ng utan som symptom p&aring; grundl&auml;ggande systemfel i Sveriges ekonomi. Samh&auml;llsdebatten dominerades av &aring;sikten att den s.k. svenska modellen med stor v&auml;lf&auml;rdsstat och h&ouml;ga skatter f&ouml;rs&auml;mrat marknadsekonomins effektivitet och gjort att Sverige under l&aring;ng tid halkat efter andra l&auml;nder ekonomiskt.<\/p>\n<p>I avhandlingen pr&ouml;vas hypotesen att v&auml;lf&auml;rdsstaten h&auml;mmar den ekonomiska tillv&auml;xten. Har Sverige haft en l&auml;gre ekonomisk tillv&auml;xt &auml;n andra OECD-l&auml;nder under perioden 1951-2000? Har l&auml;nder med mer omfattande politiska ingripanden i marknadskrafterna l&auml;gre ekonomisk tillv&auml;xt &auml;n l&auml;nder med friare ekonomier? Dessa fr&aring;gor f&ouml;rs&ouml;ker avhandlingen besvara. En central slutsats &auml;r att det &auml;r sv&aring;rt att fastst&auml;lla n&aring;got orsakssamband mellan den svenska v&auml;lf&auml;rdsstaten och det faktum att Sveriges ekonomiska tillv&auml;xt varit l&auml;gre &auml;n i flera andra l&auml;nder under efterkrigstiden.<br \/><\/span><\/p>\n","protected":false},"excerpt":{"rendered":"<p>I b&ouml;rjan p&aring; 1990-talet drabbades Sverige av en mycket djup ekonomisk kris. Krisen uppfattades inte som en tillf&auml;llig konjunkturnedg&aring;ng utan som symptom p&aring; grundl&auml;ggande systemfel i Sveriges ekonomi. Samh&auml;llsdebatten dominerades av &aring;sikten att den s.k. svenska modellen med stor v&auml;lf&auml;rdsstat och h&ouml;ga skatter f&ouml;rs&auml;mrat marknadsekonomins effektivitet och gjort att Sverige under l&aring;ng tid halkat efter [&hellip;]<\/p>\n","protected":false},"featured_media":5408,"template":"","meta":{"_acf_changed":false,"_relevanssi_hide_post":"","_relevanssi_hide_content":"","_relevanssi_pin_for_all":"","_relevanssi_pin_keywords":"","_relevanssi_unpin_keywords":"","_relevanssi_related_keywords":"","_relevanssi_related_include_ids":"","_relevanssi_related_exclude_ids":"","_relevanssi_related_no_append":"","_relevanssi_related_not_related":"","_relevanssi_related_posts":"","_relevanssi_noindex_reason":""},"product_brand":[],"product_cat":[152],"product_tag":[],"class_list":{"0":"post-5406","1":"product","2":"type-product","3":"status-publish","4":"has-post-thumbnail","6":"product_cat-lund-dissertations-in-sociology-department-of-sociology","8":"first","9":"instock","10":"taxable","11":"shipping-taxable","12":"purchasable","13":"product-type-simple"},"acf":[],"_links":{"self":[{"href":"https:\/\/www.bokshop.lu.se\/en\/wp-json\/wp\/v2\/product\/5406","targetHints":{"allow":["GET"]}}],"collection":[{"href":"https:\/\/www.bokshop.lu.se\/en\/wp-json\/wp\/v2\/product"}],"about":[{"href":"https:\/\/www.bokshop.lu.se\/en\/wp-json\/wp\/v2\/types\/product"}],"wp:featuredmedia":[{"embeddable":true,"href":"https:\/\/www.bokshop.lu.se\/en\/wp-json\/wp\/v2\/media\/5408"}],"wp:attachment":[{"href":"https:\/\/www.bokshop.lu.se\/en\/wp-json\/wp\/v2\/media?parent=5406"}],"wp:term":[{"taxonomy":"product_brand","embeddable":true,"href":"https:\/\/www.bokshop.lu.se\/en\/wp-json\/wp\/v2\/product_brand?post=5406"},{"taxonomy":"product_cat","embeddable":true,"href":"https:\/\/www.bokshop.lu.se\/en\/wp-json\/wp\/v2\/product_cat?post=5406"},{"taxonomy":"product_tag","embeddable":true,"href":"https:\/\/www.bokshop.lu.se\/en\/wp-json\/wp\/v2\/product_tag?post=5406"}],"curies":[{"name":"wp","href":"https:\/\/api.w.org\/{rel}","templated":true}]}}