{"id":5051,"date":"2018-03-19T10:38:38","date_gmt":"2015-09-16T15:19:45","guid":{"rendered":"http:\/\/bokshop.lu.se.webbhotell.ldc.lu.se\/shop\/ar-detta-seriost-en-studie-av-anhoriginvandring-till-sverige\/"},"modified":"2017-05-05T15:03:43","modified_gmt":"2017-05-05T13:03:43","slug":"ar-detta-seriost-en-studie-av-anhoriginvandring-till-sverige","status":"publish","type":"product","link":"https:\/\/www.bokshop.lu.se\/en\/produkt\/ar-detta-seriost-en-studie-av-anhoriginvandring-till-sverige\/","title":{"rendered":"\u00c4r detta seri\u00f6st? &#8211; en studie av anh\u00f6riginvandring till Sverige"},"content":{"rendered":"<p><span style=\"\" >Invandring p&aring; grund av familjesk&auml;l, anh&ouml;riginvandring &auml;r den vanligaste<br \/>anledningen till att m&auml;nniskor invandrar till Sverige. Hur g&aring;r det d&aring;<br \/>till n&auml;r &auml;renden om anh&ouml;riginvandring handl&auml;ggs av Migrationsverket?<br \/>F&ouml;religgande avhandling f&ouml;rh&aring;ller sig till hur begreppet seri&ouml;st<br \/>f&ouml;rh&aring;llande konstrueras och hanteras av lagstiftaren, r&auml;ttstill&auml;mparen<br \/>och av de s&ouml;kande, hur handl&auml;ggarna utreder och skriver om klienternas<br \/>f&ouml;rh&aring;llanden, hur handl&auml;ggarna konstruerar parterna i f&ouml;rh&aring;llandet<br \/>och om vilka normativa f&ouml;rest&auml;llningar som framtr&auml;der hos s&aring;v&auml;l<br \/>r&auml;ttstill&auml;mparen som hos de s&ouml;kande. Vidare belyses i avhandlingen<br \/>hur de s&ouml;kandes och deras referentpersoners k&auml;nnetecken p&aring;verkar<br \/>handl&auml;ggningen och beslutsutfallet.<\/p>\n<p>Genom att bland annat studera och analysera dossi&eacute;er fr&aring;n<br \/>Migrationsverkets s&ouml;ker f&ouml;rfattaren svar p&aring; dessa fr&aring;gor.<\/p>\n<p>Annika Ros&eacute;n &auml;r socionom och Jur. kand. Detta &auml;r hennes doktorsavhandling<br \/>i socialt arbete.<\/span><\/p>\n","protected":false},"excerpt":{"rendered":"<p>Invandring p&aring; grund av familjesk&auml;l, anh&ouml;riginvandring &auml;r den vanligasteanledningen till att m&auml;nniskor invandrar till Sverige. Hur g&aring;r det d&aring;till n&auml;r &auml;renden om anh&ouml;riginvandring handl&auml;ggs av Migrationsverket?F&ouml;religgande avhandling f&ouml;rh&aring;ller sig till hur begreppet seri&ouml;stf&ouml;rh&aring;llande konstrueras och hanteras av lagstiftaren, r&auml;ttstill&auml;mparenoch av de s&ouml;kande, hur handl&auml;ggarna utreder och skriver om klienternasf&ouml;rh&aring;llanden, hur handl&auml;ggarna konstruerar parterna i f&ouml;rh&aring;llandetoch [&hellip;]<\/p>\n","protected":false},"featured_media":5053,"template":"","meta":{"_acf_changed":false,"_relevanssi_hide_post":"","_relevanssi_hide_content":"","_relevanssi_pin_for_all":"","_relevanssi_pin_keywords":"","_relevanssi_unpin_keywords":"","_relevanssi_related_keywords":"","_relevanssi_related_include_ids":"","_relevanssi_related_exclude_ids":"","_relevanssi_related_no_append":"","_relevanssi_related_not_related":"","_relevanssi_related_posts":"","_relevanssi_noindex_reason":""},"product_brand":[],"product_cat":[212],"product_tag":[],"class_list":{"0":"post-5051","1":"product","2":"type-product","3":"status-publish","4":"has-post-thumbnail","6":"product_cat-lund-dissertations-in-social-work-school-of-social-work","8":"first","9":"instock","10":"taxable","11":"shipping-taxable","12":"purchasable","13":"product-type-simple"},"acf":[],"_links":{"self":[{"href":"https:\/\/www.bokshop.lu.se\/en\/wp-json\/wp\/v2\/product\/5051","targetHints":{"allow":["GET"]}}],"collection":[{"href":"https:\/\/www.bokshop.lu.se\/en\/wp-json\/wp\/v2\/product"}],"about":[{"href":"https:\/\/www.bokshop.lu.se\/en\/wp-json\/wp\/v2\/types\/product"}],"wp:featuredmedia":[{"embeddable":true,"href":"https:\/\/www.bokshop.lu.se\/en\/wp-json\/wp\/v2\/media\/5053"}],"wp:attachment":[{"href":"https:\/\/www.bokshop.lu.se\/en\/wp-json\/wp\/v2\/media?parent=5051"}],"wp:term":[{"taxonomy":"product_brand","embeddable":true,"href":"https:\/\/www.bokshop.lu.se\/en\/wp-json\/wp\/v2\/product_brand?post=5051"},{"taxonomy":"product_cat","embeddable":true,"href":"https:\/\/www.bokshop.lu.se\/en\/wp-json\/wp\/v2\/product_cat?post=5051"},{"taxonomy":"product_tag","embeddable":true,"href":"https:\/\/www.bokshop.lu.se\/en\/wp-json\/wp\/v2\/product_tag?post=5051"}],"curies":[{"name":"wp","href":"https:\/\/api.w.org\/{rel}","templated":true}]}}