{"id":5049,"date":"2018-03-19T10:39:01","date_gmt":"2015-09-16T15:15:55","guid":{"rendered":"http:\/\/bokshop.lu.se.webbhotell.ldc.lu.se\/shop\/problemen-forgar-losningarna-bestar\/"},"modified":"2017-05-01T12:09:24","modified_gmt":"2017-05-01T10:09:24","slug":"problemen-forgar-losningarna-bestar","status":"publish","type":"product","link":"https:\/\/www.bokshop.lu.se\/en\/produkt\/problemen-forgar-losningarna-bestar\/","title":{"rendered":"Problemen f\u00f6rg\u00e5r, l\u00f6sningarna best\u00e5r"},"content":{"rendered":"<p><span style=\"\" >Sedan b&ouml;rjan av 1990-talet har insatser f&ouml;r unga arbetsl&ouml;sa med f&ouml;rs&ouml;rjningsproblem blivit en allt vanligare f&ouml;reteelse i Sveriges kommuner. Kunskapen om insatsernas resultat &auml;r bristf&auml;llig, och utvecklingen har skett under en period n&auml;r b&aring;de ungdomsarbetsl&ouml;shet och andel unga socialbidragstagare minskat. I avhandlingen analyseras mekanismer som f&ouml;rklarar denna utveckling. <\/p>\n<p>Avhandlingen visar att organiseringen av kommunala insatser p&aring;verkas av etablerade f&ouml;rest&auml;llningar om unga arbetsl&ouml;sa bidragstagare och deras behov. Synen p&aring; unga och deras problem avg&ouml;r vilka l&ouml;sningar\/insatser som uppfattas som &auml;ndam&aring;lsenliga. Avg&ouml;rande f&ouml;r organiseringen &auml;r ocks&aring; de system f&ouml;r sortering och kategorisering av klienter som byggs upp i kommunala organisationer. En &ouml;kad specialisering av socialtj&auml;nstens arbete med socialbidrag har till exempel bidragit till att unga bidragstagare som grupp f&aring;tt &ouml;kad uppm&auml;rksamhet, vilket resulterat i att behovet av insatser upplevts som st&ouml;rre. En annan f&ouml;rklaring till insatsernas &ouml;kade betydelse &auml;r att insatserna tillf&ouml;r v&auml;rdefulla resurser till de kommunala organisationerna. Det kan till exempel handla om st&auml;rkt legitimitet, tillg&aring;ng till (l&auml;mpliga) klienter och m&ouml;jligheter att f&aring; externa medel till verksamheter. Mellan 1993 och 2005 blev insatser f&ouml;r unga arbetsl&ouml;sa bidragstagare ett verksamhetsomr&aring;de som allt mer kom att uppfattas som sj&auml;lvklart och angel&auml;get.  <\/p>\n<p>Katarina Hollertz &auml;r socionom. Detta &auml;r hennes doktorsavhandling i socialt arbete.<br \/><\/span><\/p>\n","protected":false},"excerpt":{"rendered":"<p>Sedan b&ouml;rjan av 1990-talet har insatser f&ouml;r unga arbetsl&ouml;sa med f&ouml;rs&ouml;rjningsproblem blivit en allt vanligare f&ouml;reteelse i Sveriges kommuner. Kunskapen om insatsernas resultat &auml;r bristf&auml;llig, och utvecklingen har skett under en period n&auml;r b&aring;de ungdomsarbetsl&ouml;shet och andel unga socialbidragstagare minskat. I avhandlingen analyseras mekanismer som f&ouml;rklarar denna utveckling. Avhandlingen visar att organiseringen av kommunala insatser [&hellip;]<\/p>\n","protected":false},"featured_media":5289,"template":"","meta":{"_acf_changed":false,"_relevanssi_hide_post":"","_relevanssi_hide_content":"","_relevanssi_pin_for_all":"","_relevanssi_pin_keywords":"","_relevanssi_unpin_keywords":"","_relevanssi_related_keywords":"","_relevanssi_related_include_ids":"","_relevanssi_related_exclude_ids":"","_relevanssi_related_no_append":"","_relevanssi_related_not_related":"","_relevanssi_related_posts":"","_relevanssi_noindex_reason":""},"product_brand":[],"product_cat":[212],"product_tag":[],"class_list":{"0":"post-5049","1":"product","2":"type-product","3":"status-publish","4":"has-post-thumbnail","6":"product_cat-lund-dissertations-in-social-work-school-of-social-work","8":"first","9":"instock","10":"taxable","11":"shipping-taxable","12":"purchasable","13":"product-type-simple"},"acf":[],"_links":{"self":[{"href":"https:\/\/www.bokshop.lu.se\/en\/wp-json\/wp\/v2\/product\/5049","targetHints":{"allow":["GET"]}}],"collection":[{"href":"https:\/\/www.bokshop.lu.se\/en\/wp-json\/wp\/v2\/product"}],"about":[{"href":"https:\/\/www.bokshop.lu.se\/en\/wp-json\/wp\/v2\/types\/product"}],"wp:featuredmedia":[{"embeddable":true,"href":"https:\/\/www.bokshop.lu.se\/en\/wp-json\/wp\/v2\/media\/5289"}],"wp:attachment":[{"href":"https:\/\/www.bokshop.lu.se\/en\/wp-json\/wp\/v2\/media?parent=5049"}],"wp:term":[{"taxonomy":"product_brand","embeddable":true,"href":"https:\/\/www.bokshop.lu.se\/en\/wp-json\/wp\/v2\/product_brand?post=5049"},{"taxonomy":"product_cat","embeddable":true,"href":"https:\/\/www.bokshop.lu.se\/en\/wp-json\/wp\/v2\/product_cat?post=5049"},{"taxonomy":"product_tag","embeddable":true,"href":"https:\/\/www.bokshop.lu.se\/en\/wp-json\/wp\/v2\/product_tag?post=5049"}],"curies":[{"name":"wp","href":"https:\/\/api.w.org\/{rel}","templated":true}]}}