{"id":4936,"date":"2018-03-19T10:54:12","date_gmt":"2015-09-10T08:45:07","guid":{"rendered":"http:\/\/bokshop.lu.se.webbhotell.ldc.lu.se\/shop\/att-satta-praxis-pa-prant\/"},"modified":"2017-05-29T15:46:39","modified_gmt":"2017-05-29T13:46:39","slug":"att-satta-praxis-pa-prant","status":"publish","type":"product","link":"https:\/\/www.bokshop.lu.se\/en\/produkt\/att-satta-praxis-pa-prant\/","title":{"rendered":"Att s\u00e4tta praxis p\u00e5 pr\u00e4nt"},"content":{"rendered":"<p><span style=\"\" >S&aring; fort man s&auml;tter graderade, m&aring;lrelaterade betyg anv&auml;nder man som l&auml;rare n&aring;gon form av betygskriterier, &auml;ven om dessa ofta &auml;r tysta eller outtalade. Det finns m&aring;nga f&ouml;rdelar med att dessa kriterier skrivs ned och g&ouml;rs explicita. Skriftliga betygskriterier tydligg&ouml;r b&aring;de f&ouml;r l&auml;raren och f&ouml;r studenten vad som anses viktigt och vad som beaktas vid be-d&ouml;mningen och betygs&auml;ttningen av studentens prestation. Att s&auml;tta praxis p&aring; pr&auml;nt: En handbok i att skriva betygskriterier &auml;r en handbok f&ouml;r dig som ska formulera skriftliga betygskriterier f&ouml;r kurser och kursbetyg inom h&ouml;gre utbildning. Betygs&auml;ttande l&auml;rare har ofta en stor implicit kunskap om betygskriterier och har en god k&auml;nsla f&ouml;r vad i en studentprestation som v&auml;rderas, bed&ouml;ms och betygs&auml;tts. Att ta fram skriftliga betygskriterier f&ouml;r en kurs &auml;r d&auml;rf&ouml;r i h&ouml;g grad en fr&aring;ga om att s&auml;tta befintlig praxis p&aring; pr&auml;nt. Den h&auml;r boken &auml;r t&auml;nkt att fungera som en praktisk och vetenskapligt f&ouml;rankrad handbok och ett st&ouml;d f&ouml;r dig som ska arbeta med att ta fram betygskriterier och sedan arbeta med dessa i din undervisning. Att s&auml;tta praxis p&aring; pr&auml;nt tar upp pedagogiska motiveringar och teoretiska grunder f&ouml;r betygskriterier, f&ouml;r att d&auml;refter behandla sj&auml;lva den praktiska arbetsprocessen med att formulera betygskriterier samt olika modeller f&ouml;r betygskriterier. Boken ber&ouml;r &auml;ven kortfattat hur betygskriterier kan anv&auml;ndas som pedagogiskt instrument.<\/span><\/p>\n","protected":false},"excerpt":{"rendered":"<p>S&aring; fort man s&auml;tter graderade, m&aring;lrelaterade betyg anv&auml;nder man som l&auml;rare n&aring;gon form av betygskriterier, &auml;ven om dessa ofta &auml;r tysta eller outtalade. Det finns m&aring;nga f&ouml;rdelar med att dessa kriterier skrivs ned och g&ouml;rs explicita. Skriftliga betygskriterier tydligg&ouml;r b&aring;de f&ouml;r l&auml;raren och f&ouml;r studenten vad som anses viktigt och vad som beaktas vid be-d&ouml;mningen [&hellip;]<\/p>\n","protected":false},"featured_media":4938,"template":"","meta":{"_acf_changed":false,"_relevanssi_hide_post":"","_relevanssi_hide_content":"","_relevanssi_pin_for_all":"","_relevanssi_pin_keywords":"","_relevanssi_unpin_keywords":"","_relevanssi_related_keywords":"","_relevanssi_related_include_ids":"","_relevanssi_related_exclude_ids":"","_relevanssi_related_no_append":"","_relevanssi_related_not_related":"","_relevanssi_related_posts":"","_relevanssi_noindex_reason":""},"product_brand":[],"product_cat":[92],"product_tag":[],"class_list":{"0":"post-4936","1":"product","2":"type-product","3":"status-publish","4":"has-post-thumbnail","6":"product_cat-educational-sciences","8":"first","9":"instock","10":"taxable","11":"shipping-taxable","12":"purchasable","13":"product-type-simple"},"acf":[],"_links":{"self":[{"href":"https:\/\/www.bokshop.lu.se\/en\/wp-json\/wp\/v2\/product\/4936","targetHints":{"allow":["GET"]}}],"collection":[{"href":"https:\/\/www.bokshop.lu.se\/en\/wp-json\/wp\/v2\/product"}],"about":[{"href":"https:\/\/www.bokshop.lu.se\/en\/wp-json\/wp\/v2\/types\/product"}],"wp:featuredmedia":[{"embeddable":true,"href":"https:\/\/www.bokshop.lu.se\/en\/wp-json\/wp\/v2\/media\/4938"}],"wp:attachment":[{"href":"https:\/\/www.bokshop.lu.se\/en\/wp-json\/wp\/v2\/media?parent=4936"}],"wp:term":[{"taxonomy":"product_brand","embeddable":true,"href":"https:\/\/www.bokshop.lu.se\/en\/wp-json\/wp\/v2\/product_brand?post=4936"},{"taxonomy":"product_cat","embeddable":true,"href":"https:\/\/www.bokshop.lu.se\/en\/wp-json\/wp\/v2\/product_cat?post=4936"},{"taxonomy":"product_tag","embeddable":true,"href":"https:\/\/www.bokshop.lu.se\/en\/wp-json\/wp\/v2\/product_tag?post=4936"}],"curies":[{"name":"wp","href":"https:\/\/api.w.org\/{rel}","templated":true}]}}