{"id":4895,"date":"2018-03-19T10:32:06","date_gmt":"2015-09-04T13:46:35","guid":{"rendered":"http:\/\/bokshop.lu.se.webbhotell.ldc.lu.se\/shop\/att-sakerstalla-att-vi-ar-valkomna\/"},"modified":"2017-05-02T16:39:48","modified_gmt":"2017-05-02T14:39:48","slug":"att-sakerstalla-att-vi-ar-valkomna","status":"publish","type":"product","link":"https:\/\/www.bokshop.lu.se\/en\/produkt\/att-sakerstalla-att-vi-ar-valkomna\/","title":{"rendered":"Att s\u00e4kerst\u00e4lla att vi \u00e4r v\u00e4lkomna"},"content":{"rendered":"<p><span style=\"\" >Den h&auml;r boken handlar om hur organisationer anpassar sig kommunikativt till det vi kommit att kalla f&ouml;r ett m&aring;ngkulturellt samh&auml;lle. Boken tar sin utg&aring;ngspunkt i de medialt uppm&auml;rksammade h&auml;ndelserna med social oro, hot och stenkastning som f&ouml;rekom mot polis och r&auml;ddningstj&auml;nst i delar av Malm&ouml; i b&ouml;rjan av millenniet. R&auml;ddningstj&auml;nsten Syds insatser f&ouml;r att skapa b&auml;ttre relationer och trov&auml;rdighet i f&ouml;rh&aring;llande till de boende analyseras. I studien beskrivs vad som kr&auml;vs kommunikativt och retoriskt f&ouml;r att skapa det goda m&ouml;tet mellan myndigheten och de boende. De framg&aring;ngsrika f&ouml;rtroendeskapande insatser som organisationen har genomf&ouml;rt lyfts fram. Men studien visar &auml;ven vilka faror det finns med att betona skillnaden mellan olika kulturer och diskuterar ocks&aring; de dilemman som uppst&aring;r n&auml;r s&aring;v&auml;l problem som l&ouml;sningar beskrivs i kulturella termer.<\/p>\n<p>Boken &auml;r relevant f&ouml;r forskare och studenter med intresse f&ouml;r samh&auml;llskommunikation, men kan ocks&aring; l&auml;sas av strateger och praktiker i organisationer som arbetar ut&aring;triktat och upps&ouml;kande i heterogena milj&ouml;er. Susanna Magnusson &auml;r adjunkt och doktorand vid institutionen f&ouml;r strategisk kommunikation p&aring; Lunds universitet, Campus Helsingborg. Detta &auml;r hennes avhandling.<\/span><\/p>\n","protected":false},"excerpt":{"rendered":"<p>Den h&auml;r boken handlar om hur organisationer anpassar sig kommunikativt till det vi kommit att kalla f&ouml;r ett m&aring;ngkulturellt samh&auml;lle. Boken tar sin utg&aring;ngspunkt i de medialt uppm&auml;rksammade h&auml;ndelserna med social oro, hot och stenkastning som f&ouml;rekom mot polis och r&auml;ddningstj&auml;nst i delar av Malm&ouml; i b&ouml;rjan av millenniet. R&auml;ddningstj&auml;nsten Syds insatser f&ouml;r att skapa [&hellip;]<\/p>\n","protected":false},"featured_media":4897,"template":"","meta":{"_acf_changed":false,"_relevanssi_hide_post":"","_relevanssi_hide_content":"","_relevanssi_pin_for_all":"","_relevanssi_pin_keywords":"","_relevanssi_unpin_keywords":"","_relevanssi_related_keywords":"","_relevanssi_related_include_ids":"","_relevanssi_related_exclude_ids":"","_relevanssi_related_no_append":"","_relevanssi_related_not_related":"","_relevanssi_related_posts":"","_relevanssi_noindex_reason":""},"product_brand":[],"product_cat":[156,144,204],"product_tag":[],"class_list":{"0":"post-4895","1":"product","2":"type-product","3":"status-publish","4":"has-post-thumbnail","6":"product_cat-department-of-strategic-communication","7":"product_cat-faculty-of-social-sciences","8":"product_cat-lund-studies-in-media-and-communication-media-and-communicationscience","10":"first","11":"instock","12":"taxable","13":"shipping-taxable","14":"purchasable","15":"product-type-simple"},"acf":[],"_links":{"self":[{"href":"https:\/\/www.bokshop.lu.se\/en\/wp-json\/wp\/v2\/product\/4895","targetHints":{"allow":["GET"]}}],"collection":[{"href":"https:\/\/www.bokshop.lu.se\/en\/wp-json\/wp\/v2\/product"}],"about":[{"href":"https:\/\/www.bokshop.lu.se\/en\/wp-json\/wp\/v2\/types\/product"}],"wp:featuredmedia":[{"embeddable":true,"href":"https:\/\/www.bokshop.lu.se\/en\/wp-json\/wp\/v2\/media\/4897"}],"wp:attachment":[{"href":"https:\/\/www.bokshop.lu.se\/en\/wp-json\/wp\/v2\/media?parent=4895"}],"wp:term":[{"taxonomy":"product_brand","embeddable":true,"href":"https:\/\/www.bokshop.lu.se\/en\/wp-json\/wp\/v2\/product_brand?post=4895"},{"taxonomy":"product_cat","embeddable":true,"href":"https:\/\/www.bokshop.lu.se\/en\/wp-json\/wp\/v2\/product_cat?post=4895"},{"taxonomy":"product_tag","embeddable":true,"href":"https:\/\/www.bokshop.lu.se\/en\/wp-json\/wp\/v2\/product_tag?post=4895"}],"curies":[{"name":"wp","href":"https:\/\/api.w.org\/{rel}","templated":true}]}}