{"id":2673,"date":"2015-05-05T10:38:10","date_gmt":"2015-05-05T08:38:10","guid":{"rendered":"http:\/\/bokshop.lu.se.webbhotell.ldc.lu.se\/?product=locus-celebris-2"},"modified":"2023-01-18T11:24:44","modified_gmt":"2023-01-18T10:24:44","slug":"locus-celebris","status":"publish","type":"product","link":"https:\/\/www.bokshop.lu.se\/en\/produkt\/locus-celebris\/","title":{"rendered":"Locus Celebris"},"content":{"rendered":"<p>Locus celebris, \u2022\u009dden ber\u00f6mda platsen\u2022\u009d \u2013 s\u00e5 kallas Dalby tidigt p\u00e5 1100-talet av den engelske benediktinen \u00c6lnoth, och Dalby \u00e4r fortfarande ber\u00f6mt:<br \/>\n\u2013 f\u00f6r Heligkorskyrkan i Dalby;<br \/>\n\u2013 som biskopss\u00e4te f\u00f6r tyske biskopen Egino p\u00e5 1060-talet;<br \/>\n\u2013 som begravningsplats f\u00f6r Svens son, kung Harald Hen (d\u00f6d 1080\/81);<br \/>\n\u2013 f\u00f6r dess augustinkloster;<br \/>\n\u2013 f\u00f6r att klostret vid medeltidens slut var ett av de rikaste klostren i d\u00e5tidens Danmark\u2022\u0161<br \/>\n\u2013 och f\u00f6r Dalbyboken, Danmarks \u00e4ldsta liturgiska handskrift.<br \/>\nI denna antologi medverkar forskare som representerar omr\u00e5dena historisk arkeologi, byggnadsarkeologi, historia, konstvetenskap, kyrkohistoria, kyrkor\u00e4tt, medievistik, ortnamnsforskning och praktisk teologi. De har sammanstr\u00e5lat fr\u00e5n sju l\u00e4nder f\u00f6r att belysa obesvarade fr\u00e5gor om Dalby kyrka, kloster och g\u00e5rd och f\u00f6r att s\u00f6ka en fylligare, mer m\u00e5ngfacetterad f\u00f6rst\u00e5else av denna plats som varit s\u00e5 betydelsefull, s\u00e4rskilt under tidig medeltid.<\/p>\n","protected":false},"excerpt":{"rendered":"<p>Locus celebris, \u2022\u009dden ber\u00f6mda platsen\u2022\u009d \u2013 s\u00e5 kallas Dalby tidigt p\u00e5 1100-talet av den engelske benediktinen \u00c6lnoth, och Dalby \u00e4r fortfarande ber\u00f6mt: \u2013 f\u00f6r Heligkorskyrkan i Dalby; \u2013 som biskopss\u00e4te f\u00f6r tyske biskopen Egino p\u00e5 1060-talet; \u2013 som begravningsplats f\u00f6r Svens son, kung Harald Hen (d\u00f6d 1080\/81); \u2013 f\u00f6r dess augustinkloster; \u2013 f\u00f6r att klostret [&hellip;]<\/p>\n","protected":false},"featured_media":4750,"template":"","meta":{"_acf_changed":false,"_relevanssi_hide_post":"","_relevanssi_hide_content":"","_relevanssi_pin_for_all":"","_relevanssi_pin_keywords":"","_relevanssi_unpin_keywords":"","_relevanssi_related_keywords":"","_relevanssi_related_include_ids":"","_relevanssi_related_exclude_ids":"","_relevanssi_related_no_append":"","_relevanssi_related_not_related":"","_relevanssi_related_posts":"","_relevanssi_noindex_reason":""},"product_brand":[],"product_cat":[68],"product_tag":[],"class_list":{"0":"post-2673","1":"product","2":"type-product","3":"status-publish","4":"has-post-thumbnail","6":"product_cat-centrum-for-oresundsstudier-tidigare-centrum-for-danmarksstudier-history-and-archaeology","8":"first","9":"outofstock","10":"taxable","11":"shipping-taxable","12":"purchasable","13":"product-type-simple"},"acf":[],"_links":{"self":[{"href":"https:\/\/www.bokshop.lu.se\/en\/wp-json\/wp\/v2\/product\/2673","targetHints":{"allow":["GET"]}}],"collection":[{"href":"https:\/\/www.bokshop.lu.se\/en\/wp-json\/wp\/v2\/product"}],"about":[{"href":"https:\/\/www.bokshop.lu.se\/en\/wp-json\/wp\/v2\/types\/product"}],"wp:featuredmedia":[{"embeddable":true,"href":"https:\/\/www.bokshop.lu.se\/en\/wp-json\/wp\/v2\/media\/4750"}],"wp:attachment":[{"href":"https:\/\/www.bokshop.lu.se\/en\/wp-json\/wp\/v2\/media?parent=2673"}],"wp:term":[{"taxonomy":"product_brand","embeddable":true,"href":"https:\/\/www.bokshop.lu.se\/en\/wp-json\/wp\/v2\/product_brand?post=2673"},{"taxonomy":"product_cat","embeddable":true,"href":"https:\/\/www.bokshop.lu.se\/en\/wp-json\/wp\/v2\/product_cat?post=2673"},{"taxonomy":"product_tag","embeddable":true,"href":"https:\/\/www.bokshop.lu.se\/en\/wp-json\/wp\/v2\/product_tag?post=2673"}],"curies":[{"name":"wp","href":"https:\/\/api.w.org\/{rel}","templated":true}]}}