{"id":2671,"date":"2018-03-19T11:04:15","date_gmt":"2015-05-05T08:39:20","guid":{"rendered":"http:\/\/bokshop.lu.se.webbhotell.ldc.lu.se\/?product=solen-finns-2"},"modified":"2023-01-18T11:38:22","modified_gmt":"2023-01-18T10:38:22","slug":"solen-finns","status":"publish","type":"product","link":"https:\/\/www.bokshop.lu.se\/en\/produkt\/solen-finns\/","title":{"rendered":"Solen finns"},"content":{"rendered":"<p>Han var modernist och idealist, fantast och anti-fascist \u2013 den danske diktaren och konstn\u00e4ren Gustaf Munch-Petersen (1912\u20131938). 26 \u00e5r gammal dog han p\u00e5 slagf\u00e4ltet som frivillig i spanska inb\u00f6rdeskriget. Han r\u00e5kade d\u00f6 och bli k\u00e4nd som ok\u00e4nd soldat. Men det var f\u00f6r sitt konstn\u00e4rskap han hade levt fullt och helt. Och det \u00e4r hans dikter och bilder som h\u00e5ller honom levande.<br \/>\nF\u00f6rest\u00e4llningen om att allt kunde och borde vara annorlunda var drivkraften i Gustaf Munch-Petersens konstn\u00e4rliga verksamhet. L\u00e4ngtan efter en helt annan v\u00e4rld l\u00f6per som en vildsint understr\u00f6m i allt han f\u00f6retog sig. S\u00e4kert var det just detta behov att g\u00f6ra sig h\u00f6rd och f\u00f6rst\u00e5dd som kom honom att skriva ocks\u00e5 p\u00e5 svenska.<br \/>\nGustaf Munch-Petersen var tv\u00e5spr\u00e5kig fr\u00e5n begynnelsen via sin svenska mor. Ett helt unikt verk i hans f\u00f6rfattarskap \u00e4r diktsamlingen &lt;i&gt;solen finns&lt;\/i&gt;. Den \u00e4r skriven i ambitionen att ocks\u00e5 f\u00e5 bli en del av den svenska lyriska modernism som han beundrade. N\u00e4r den nu utges f\u00f6r f\u00f6rsta g\u00e5ngen i Sverige ackompanjeras den av n\u00e5gra av hans m\u00e5lningar och teckningar, ett slags dr\u00f6mlika visualiseringar av hans verbala fantasi.<br \/>\nUtg\u00e5van \u00e4r resultatet av ett samarbete mellan en dansk och en svensk litteraturforskare. Martine Cardel Gertsen disputerade p\u00e5 avhandlingen &lt;i&gt;Gustafs ansigter&lt;\/i&gt; om Gustaf Munch-Petersen (Centrum f\u00f6r Danmarksstudier 2) vid Lunds universitet; Anders Palm \u00e4r professor i litteraturvetenskap vid samma universitet.<\/p>\n","protected":false},"excerpt":{"rendered":"<p>Han var modernist och idealist, fantast och anti-fascist \u2013 den danske diktaren och konstn\u00e4ren Gustaf Munch-Petersen (1912\u20131938). 26 \u00e5r gammal dog han p\u00e5 slagf\u00e4ltet som frivillig i spanska inb\u00f6rdeskriget. Han r\u00e5kade d\u00f6 och bli k\u00e4nd som ok\u00e4nd soldat. Men det var f\u00f6r sitt konstn\u00e4rskap han hade levt fullt och helt. Och det \u00e4r hans dikter [&hellip;]<\/p>\n","protected":false},"featured_media":2713,"template":"","meta":{"_acf_changed":false,"_relevanssi_hide_post":"","_relevanssi_hide_content":"","_relevanssi_pin_for_all":"","_relevanssi_pin_keywords":"","_relevanssi_unpin_keywords":"","_relevanssi_related_keywords":"","_relevanssi_related_include_ids":"","_relevanssi_related_exclude_ids":"","_relevanssi_related_no_append":"","_relevanssi_related_not_related":"","_relevanssi_related_posts":"","_relevanssi_noindex_reason":""},"product_brand":[],"product_cat":[68],"product_tag":[],"class_list":{"0":"post-2671","1":"product","2":"type-product","3":"status-publish","4":"has-post-thumbnail","6":"product_cat-centrum-for-oresundsstudier-tidigare-centrum-for-danmarksstudier-history-and-archaeology","8":"first","9":"outofstock","10":"taxable","11":"shipping-taxable","12":"purchasable","13":"product-type-simple"},"acf":[],"_links":{"self":[{"href":"https:\/\/www.bokshop.lu.se\/en\/wp-json\/wp\/v2\/product\/2671","targetHints":{"allow":["GET"]}}],"collection":[{"href":"https:\/\/www.bokshop.lu.se\/en\/wp-json\/wp\/v2\/product"}],"about":[{"href":"https:\/\/www.bokshop.lu.se\/en\/wp-json\/wp\/v2\/types\/product"}],"wp:featuredmedia":[{"embeddable":true,"href":"https:\/\/www.bokshop.lu.se\/en\/wp-json\/wp\/v2\/media\/2713"}],"wp:attachment":[{"href":"https:\/\/www.bokshop.lu.se\/en\/wp-json\/wp\/v2\/media?parent=2671"}],"wp:term":[{"taxonomy":"product_brand","embeddable":true,"href":"https:\/\/www.bokshop.lu.se\/en\/wp-json\/wp\/v2\/product_brand?post=2671"},{"taxonomy":"product_cat","embeddable":true,"href":"https:\/\/www.bokshop.lu.se\/en\/wp-json\/wp\/v2\/product_cat?post=2671"},{"taxonomy":"product_tag","embeddable":true,"href":"https:\/\/www.bokshop.lu.se\/en\/wp-json\/wp\/v2\/product_tag?post=2671"}],"curies":[{"name":"wp","href":"https:\/\/api.w.org\/{rel}","templated":true}]}}