{"id":2660,"date":"2015-05-05T10:41:36","date_gmt":"2015-05-05T08:41:36","guid":{"rendered":"http:\/\/bokshop.lu.se.webbhotell.ldc.lu.se\/?product=los-angeles-before-hollywood-2"},"modified":"2015-12-03T15:13:37","modified_gmt":"2015-12-03T14:13:37","slug":"los-angeles-before-hollywood","status":"publish","type":"product","link":"https:\/\/www.bokshop.lu.se\/en\/produkt\/los-angeles-before-hollywood\/","title":{"rendered":"Los Angeles before Hollywood"},"content":{"rendered":"<p>Den amerikanska filmkulturens v\u00e4xelverkan med pressen diskuteras i en intressant bok.<br \/>\nFilm- och biografkulturens framv\u00e4xt och etablering i USA skedde i n\u00e4ra symbios med tidningsjournalistiken och dess f\u00f6r\u00e4ndringar. Periodvis drev tidningarna kampanj mot det nya fenomenet, men allt eftersom biografkulturen och filmerna b\u00f6rjade f\u00e5 fotf\u00e4ste i kulturen och stadsbilden s\u00e5 n\u00e4rmar sig de b\u00e5da genrerna varandra allt mer.<br \/>\nBoken visar i detalj i hur amerikanska tidningar, fr\u00e4mst i Los Angeles, bevakade och beskrev filmen, dess publik och sociala gr\u00e4nssnitt ur en rad aspekter mellan \u00e5ren 1905-1915. Detta samtidigt som mediets prim\u00e4ra hemvist blev det som senare med ett samlingsnamn kom att betecknas som Hollywood.<\/p>\n","protected":false},"excerpt":{"rendered":"<p>Den amerikanska filmkulturens v\u00e4xelverkan med pressen diskuteras i en intressant bok. Film- och biografkulturens framv\u00e4xt och etablering i USA skedde i n\u00e4ra symbios med tidningsjournalistiken och dess f\u00f6r\u00e4ndringar. Periodvis drev tidningarna kampanj mot det nya fenomenet, men allt eftersom biografkulturen och filmerna b\u00f6rjade f\u00e5 fotf\u00e4ste i kulturen och stadsbilden s\u00e5 n\u00e4rmar sig de b\u00e5da genrerna [&hellip;]<\/p>\n","protected":false},"featured_media":2562,"template":"","meta":{"_acf_changed":false,"_relevanssi_hide_post":"","_relevanssi_hide_content":"","_relevanssi_pin_for_all":"","_relevanssi_pin_keywords":"","_relevanssi_unpin_keywords":"","_relevanssi_related_keywords":"","_relevanssi_related_include_ids":"","_relevanssi_related_exclude_ids":"","_relevanssi_related_no_append":"","_relevanssi_related_not_related":"","_relevanssi_related_posts":"","_relevanssi_noindex_reason":""},"product_brand":[],"product_cat":[84],"product_tag":[],"class_list":{"0":"post-2660","1":"product","2":"type-product","3":"status-publish","4":"has-post-thumbnail","6":"product_cat-mediehistoriskt-arkiv","8":"first","9":"instock","10":"taxable","11":"shipping-taxable","12":"purchasable","13":"product-type-simple"},"acf":[],"_links":{"self":[{"href":"https:\/\/www.bokshop.lu.se\/en\/wp-json\/wp\/v2\/product\/2660","targetHints":{"allow":["GET"]}}],"collection":[{"href":"https:\/\/www.bokshop.lu.se\/en\/wp-json\/wp\/v2\/product"}],"about":[{"href":"https:\/\/www.bokshop.lu.se\/en\/wp-json\/wp\/v2\/types\/product"}],"wp:featuredmedia":[{"embeddable":true,"href":"https:\/\/www.bokshop.lu.se\/en\/wp-json\/wp\/v2\/media\/2562"}],"wp:attachment":[{"href":"https:\/\/www.bokshop.lu.se\/en\/wp-json\/wp\/v2\/media?parent=2660"}],"wp:term":[{"taxonomy":"product_brand","embeddable":true,"href":"https:\/\/www.bokshop.lu.se\/en\/wp-json\/wp\/v2\/product_brand?post=2660"},{"taxonomy":"product_cat","embeddable":true,"href":"https:\/\/www.bokshop.lu.se\/en\/wp-json\/wp\/v2\/product_cat?post=2660"},{"taxonomy":"product_tag","embeddable":true,"href":"https:\/\/www.bokshop.lu.se\/en\/wp-json\/wp\/v2\/product_tag?post=2660"}],"curies":[{"name":"wp","href":"https:\/\/api.w.org\/{rel}","templated":true}]}}