{"id":2656,"date":"2018-03-19T12:55:39","date_gmt":"2015-05-05T08:42:55","guid":{"rendered":"http:\/\/bokshop.lu.se.webbhotell.ldc.lu.se\/?product=den-frammande-forforerskan-2"},"modified":"2023-01-18T11:38:48","modified_gmt":"2023-01-18T10:38:48","slug":"den-frammande-forforerskan","status":"publish","type":"product","link":"https:\/\/www.bokshop.lu.se\/en\/produkt\/den-frammande-forforerskan\/","title":{"rendered":"Den fr\u00e4mmande f\u00f6rf\u00f6rerskan"},"content":{"rendered":"<p>Hur uppstod den speciella magin i Karen Blixens \u00bbfantastiske fort\u00e6llinger\u00ab? Hur s\u00e5g den samtida svenska publiken p\u00e5 Blixens f\u00f6rfattarskap, g\u00e5tfulla person och \u00e4ventyrliga liv? Och varf\u00f6r fick hon aldrig Nobelpriset? Professor Ivo Holmqvist har sammanst\u00e4llt ett brett urval svenska synpunkter p\u00e5 Karen Blixen: nyskrivna analyser och klassiska ess\u00e4er samt en omfattande bibliografi.<\/p>\n<p>Danska Karen Blixen (1885\u20131962) \u00e4r en v\u00e4rldsf\u00f6rfattare, utanf\u00f6r Norden mest k\u00e4nd under sin f\u00f6rfattarpseudonym Isak Dinesen. Hennes romaner och noveller, hennes liv och personlighet har gjort ett djupt och best\u00e5ende intryck, och intresset f\u00f6r hennes verk v\u00e4xer f\u00f6r varje \u00e5r, inte minst i Sverige. Tv\u00e5 storfilmer har gjorts p\u00e5 hennes b\u00f6cker, Babettes g\u00e4stabud och Mitt Afrika (under sjutton \u00e5r odlade Blixen kaffe i Kenya). Hon var dessutom mycket n\u00e4ra att f\u00e5 Nobelpriset i litteratur. Hennes hem Rungstedlund, vid Strandvejen s\u00f6der om Louisiana, \u00e4r nu museum.<\/p>\n<p>I &lt;i&gt; Den fr\u00e4mmande f\u00f6rf\u00f6rerskan &lt;\/i&gt; skriver ett tjugotal litteraturvetare och kritiker om Blixen och hennes b\u00f6cker ur ett svenskt perspektiv. Nyskrivna bidrag samsas med omtryck av klassiska ess\u00e4er och recensioner samt en stor bibliografi \u00f6ver vad som skrivits p\u00e5 svenska om Blixen.<\/p>\n<p>Ur inneh\u00e5llet:<br \/>\nSigrid Comb\u00fcchen: Sig sj\u00e4lv som konstverk. Om Karen Blixen<br \/>\nHans Holmberg: Att l\u00e4sa Karen Blixen. En upplevelse av m\u00e5ngtydighet<br \/>\nCrister Enander: Karen Blixen eller livet som konstverk<br \/>\nChristina Gullin: Den afrikanska farmen i Hemmesl\u00f6v \u2013 Artur Lundkvist som \u00f6vers\u00e4ttare av Karen Blixen<br \/>\nInger Littberger Caisou-Rousseau: Monsieur Maupassant, h\u00f8r lige min version \u2013 Helo\u00efse som Blixens svar p\u00e5 \u2022\u009dFettp\u00e4rlan\u2022\u009d<br \/>\nMoa Matthis: \u2022\u009dJag skrev p\u00e5 engelska d\u00e4rf\u00f6r att jag t\u00e4nkte att det skulle l\u00f6na sig b\u00e4ttre\u2022\u009d<br \/>\nClaudia Lind\u00e9n: Amiti\u00e9 sinc\u00e8re \u2013 en motber\u00e4ttelse och en historia om k\u00e4rlek mellan kvinnor<br \/>\nIvo Holmqvist: Karen Blixen i fyrtio glasmontrar<br \/>\nOlof Lagercrantz: Den fr\u00e4mmande f\u00f6rf\u00f6rerskan<br \/>\nLennart Hagerfors: kapitel ur &lt;i&gt;Dr\u00f6mmen om Ngong. En roman om Bror Blixen&lt;\/i&gt;<br \/>\nSven Delblanc: Inledning till Thorkild Bj\u00f8rnvigs &lt;i&gt;Pakten&lt;\/i&gt;<br \/>\nElisabeth Tykesson: Livets tyngd och dess bouquet. Karen Blixens noveller<br \/>\nKnut Ahnlund: Karen Blixen och Kelvin Lindeman<br \/>\nPer W\u00e4stberg: Karen Blixen i Afrika<br \/>\nJan Olof Olsson (Jolo): Blixen och \u0160bergsson<br \/>\nKjell Espmark: Spelet bakom Blixens f\u00f6rlorade Nobelpris<br \/>\nGrethe F. Rostb\u00f8ll: Den svenska Karen Blixen-receptionen<br \/>\nEtt urval svenska Blixen-recensioner av Torgny Segerstedt, Klara Johanson, Johannes Edfelt, Olle Holmberg, John Landquist, G\u00f6sta Attorps m.fl.<br \/>\nKaren Blixen: Tre brev till Barbro Alving<\/p>\n","protected":false},"excerpt":{"rendered":"<p>Hur uppstod den speciella magin i Karen Blixens \u00bbfantastiske fort\u00e6llinger\u00ab? Hur s\u00e5g den samtida svenska publiken p\u00e5 Blixens f\u00f6rfattarskap, g\u00e5tfulla person och \u00e4ventyrliga liv? Och varf\u00f6r fick hon aldrig Nobelpriset? Professor Ivo Holmqvist har sammanst\u00e4llt ett brett urval svenska synpunkter p\u00e5 Karen Blixen: nyskrivna analyser och klassiska ess\u00e4er samt en omfattande bibliografi. Danska Karen Blixen [&hellip;]<\/p>\n","protected":false},"featured_media":4734,"template":"","meta":{"_acf_changed":false,"_relevanssi_hide_post":"","_relevanssi_hide_content":"","_relevanssi_pin_for_all":"","_relevanssi_pin_keywords":"","_relevanssi_unpin_keywords":"","_relevanssi_related_keywords":"","_relevanssi_related_include_ids":"","_relevanssi_related_exclude_ids":"","_relevanssi_related_no_append":"","_relevanssi_related_not_related":"","_relevanssi_related_posts":"","_relevanssi_noindex_reason":""},"product_brand":[],"product_cat":[68],"product_tag":[],"class_list":{"0":"post-2656","1":"product","2":"type-product","3":"status-publish","4":"has-post-thumbnail","6":"product_cat-centrum-for-oresundsstudier-tidigare-centrum-for-danmarksstudier-history-and-archaeology","8":"first","9":"outofstock","10":"taxable","11":"shipping-taxable","12":"purchasable","13":"product-type-simple"},"acf":[],"_links":{"self":[{"href":"https:\/\/www.bokshop.lu.se\/en\/wp-json\/wp\/v2\/product\/2656","targetHints":{"allow":["GET"]}}],"collection":[{"href":"https:\/\/www.bokshop.lu.se\/en\/wp-json\/wp\/v2\/product"}],"about":[{"href":"https:\/\/www.bokshop.lu.se\/en\/wp-json\/wp\/v2\/types\/product"}],"wp:featuredmedia":[{"embeddable":true,"href":"https:\/\/www.bokshop.lu.se\/en\/wp-json\/wp\/v2\/media\/4734"}],"wp:attachment":[{"href":"https:\/\/www.bokshop.lu.se\/en\/wp-json\/wp\/v2\/media?parent=2656"}],"wp:term":[{"taxonomy":"product_brand","embeddable":true,"href":"https:\/\/www.bokshop.lu.se\/en\/wp-json\/wp\/v2\/product_brand?post=2656"},{"taxonomy":"product_cat","embeddable":true,"href":"https:\/\/www.bokshop.lu.se\/en\/wp-json\/wp\/v2\/product_cat?post=2656"},{"taxonomy":"product_tag","embeddable":true,"href":"https:\/\/www.bokshop.lu.se\/en\/wp-json\/wp\/v2\/product_tag?post=2656"}],"curies":[{"name":"wp","href":"https:\/\/api.w.org\/{rel}","templated":true}]}}