{"id":2655,"date":"2018-03-19T11:05:14","date_gmt":"2015-05-05T08:42:56","guid":{"rendered":"http:\/\/bokshop.lu.se.webbhotell.ldc.lu.se\/?product=publik-i-perspektiv-2"},"modified":"2023-01-18T11:39:08","modified_gmt":"2023-01-18T10:39:08","slug":"publik-i-perspektiv","status":"publish","type":"product","link":"https:\/\/www.bokshop.lu.se\/en\/produkt\/publik-i-perspektiv\/","title":{"rendered":"Publik i perspektiv"},"content":{"rendered":"<p>Tv\u00e5 teaterpj\u00e4ser uppf\u00f6rda av fyra teatrar p\u00e5 tre scener och i ett t\u00e4lt, i tre l\u00e4nder, p\u00e5 flera nordiska spr\u00e5k \u2013 att kalla projektet Teaterdialog \u00d6resund f\u00f6r en avancerad \u00f6vning i dialog, samarbete och samordning \u00e4r ingen \u00f6verdrift. Ett gemensamt incitament f\u00f6r projektet har varit s\u00f6kandet efter kulturellt och konstn\u00e4rligt gr\u00e4ns\u00f6verskridande m\u00f6ten. Utifr\u00e5n \u00d6resundsregionens speciella m\u00f6jligheter till brobyggande har Teaterdialog \u00d6resund haft ambitionen att vidga f\u00f6rst\u00e5elsen f\u00f6r publiken, men ocks\u00e5 att skapa publikm\u00e4ssig integration mellan grannl\u00e4nderna.<\/p>\n<p>Vad \u00e4r en teaterf\u00f6rest\u00e4llning och hur ska vi f\u00f6rst\u00e5 den? Med dialog som ledord vill &lt;i&gt;Publik i perspektiv&lt;\/i&gt; placera de tv\u00e5 pj\u00e4serna i projektet i ett st\u00f6rre sammanhang \u00e4n premi\u00e4r och spelperiod. Boken diskuterar fr\u00e5gor som dessa: Vad h\u00e4nder om vi tolkar en f\u00f6rest\u00e4llning ur ett kritiskt vithetsperspektiv? Vilka faktorer p\u00e5verkar marknadsf\u00f6ringen och varum\u00e4rkesbyggandet av en pj\u00e4s? Vilkens sorts kunskap utvecklas om teatern f\u00f6r ett samtal med publiken och l\u00e5ter publiken sj\u00e4lv best\u00e4mma vad samtalet ska handla om?<\/p>\n<p>&lt;i&gt;Publik i perspektiv&lt;\/i&gt; \u00e5sk\u00e5dligg\u00f6r och diskuterar erfarenheter fr\u00e5n projektet Teaterdialog \u00d6resund. I boken medverkar forskare och skribenter som till vardags verkar p\u00e5 olika akademiska och journalistiska arenor i regionen. Tillsammans unders\u00f6ker de omr\u00e5det \u00bbpublikutveckling\u00absom en m\u00f6jlighet att f\u00f6rst\u00e5 utmaningar i ett samtida teaterlandskap.<\/p>\n","protected":false},"excerpt":{"rendered":"<p>Tv\u00e5 teaterpj\u00e4ser uppf\u00f6rda av fyra teatrar p\u00e5 tre scener och i ett t\u00e4lt, i tre l\u00e4nder, p\u00e5 flera nordiska spr\u00e5k \u2013 att kalla projektet Teaterdialog \u00d6resund f\u00f6r en avancerad \u00f6vning i dialog, samarbete och samordning \u00e4r ingen \u00f6verdrift. Ett gemensamt incitament f\u00f6r projektet har varit s\u00f6kandet efter kulturellt och konstn\u00e4rligt gr\u00e4ns\u00f6verskridande m\u00f6ten. Utifr\u00e5n \u00d6resundsregionens speciella [&hellip;]<\/p>\n","protected":false},"featured_media":2552,"template":"","meta":{"_acf_changed":false,"_relevanssi_hide_post":"","_relevanssi_hide_content":"","_relevanssi_pin_for_all":"","_relevanssi_pin_keywords":"","_relevanssi_unpin_keywords":"","_relevanssi_related_keywords":"","_relevanssi_related_include_ids":"","_relevanssi_related_exclude_ids":"","_relevanssi_related_no_append":"","_relevanssi_related_not_related":"","_relevanssi_related_posts":"","_relevanssi_noindex_reason":""},"product_brand":[],"product_cat":[68],"product_tag":[],"class_list":{"0":"post-2655","1":"product","2":"type-product","3":"status-publish","4":"has-post-thumbnail","6":"product_cat-centrum-for-oresundsstudier-tidigare-centrum-for-danmarksstudier-history-and-archaeology","8":"first","9":"outofstock","10":"taxable","11":"shipping-taxable","12":"purchasable","13":"product-type-simple"},"acf":[],"_links":{"self":[{"href":"https:\/\/www.bokshop.lu.se\/en\/wp-json\/wp\/v2\/product\/2655","targetHints":{"allow":["GET"]}}],"collection":[{"href":"https:\/\/www.bokshop.lu.se\/en\/wp-json\/wp\/v2\/product"}],"about":[{"href":"https:\/\/www.bokshop.lu.se\/en\/wp-json\/wp\/v2\/types\/product"}],"wp:featuredmedia":[{"embeddable":true,"href":"https:\/\/www.bokshop.lu.se\/en\/wp-json\/wp\/v2\/media\/2552"}],"wp:attachment":[{"href":"https:\/\/www.bokshop.lu.se\/en\/wp-json\/wp\/v2\/media?parent=2655"}],"wp:term":[{"taxonomy":"product_brand","embeddable":true,"href":"https:\/\/www.bokshop.lu.se\/en\/wp-json\/wp\/v2\/product_brand?post=2655"},{"taxonomy":"product_cat","embeddable":true,"href":"https:\/\/www.bokshop.lu.se\/en\/wp-json\/wp\/v2\/product_cat?post=2655"},{"taxonomy":"product_tag","embeddable":true,"href":"https:\/\/www.bokshop.lu.se\/en\/wp-json\/wp\/v2\/product_tag?post=2655"}],"curies":[{"name":"wp","href":"https:\/\/api.w.org\/{rel}","templated":true}]}}